{"id":1014,"date":"2017-07-09T09:56:02","date_gmt":"2017-07-09T08:56:02","guid":{"rendered":"http:\/\/hundertweinhaus.fodof.eu\/data-security\/"},"modified":"2018-12-18T23:23:24","modified_gmt":"2018-12-18T22:23:24","slug":"datenschutz","status":"publish","type":"page","link":"https:\/\/hundertweinhaus.com\/?page_id=1014","title":{"rendered":"Datenschutz"},"content":{"rendered":"<p>[et_pb_section fb_built=&#8221;1&#8243; _builder_version=&#8221;3.0.47&#8243;][et_pb_row _builder_version=&#8221;3.0.48&#8243; background_size=&#8221;initial&#8221; background_position=&#8221;top_left&#8221; background_repeat=&#8221;repeat&#8221;][et_pb_column type=&#8221;4_4&#8243; _builder_version=&#8221;3.0.47&#8243; parallax=&#8221;off&#8221; parallax_method=&#8221;on&#8221;][et_pb_text admin_label=&#8221;Default Header&#8221; module_class=&#8221;default-header&#8221; _builder_version=&#8221;3.10.1&#8243; module_alignment=&#8221;right&#8221; saved_tabs=&#8221;all&#8221;]<\/p>\n<h1>Datenschutzerkl\u00e4rung<\/h1>\n<p>[\/et_pb_text][et_pb_text _builder_version=&#8221;3.10.1&#8243; inline_fonts=&#8221;Arial&#8221;]<\/p>\n<p>Verantwortliche Stelle im Sinne der Datenschutzgesetze, insbesondere der EU-Datenschutzgrundverordnung (DSGVO), ist:<\/p>\n<p><strong>Hundert Weinhaus GmbH<\/strong><br \/> Istvan Bicsek und Marietta Bicsek \u2013 Gesch\u00e4ftsinhaber<br \/> Leuenallee 8A<br \/> 4702 Oensingen<br \/> Email: <a href=\"mailto:info@hundertweinhaus.com\">info@hundertweinhaus.com<\/a><\/p>\n<p>&nbsp;<\/p>\n<h4><strong>Ihre Betroffenenrechte<\/strong><\/h4>\n<p>Unter den angegebenen Kontaktdaten unseres Datenschutzbeauftragten k\u00f6nnen Sie jederzeit folgende Rechte aus\u00fcben:<\/p>\n<ul>\n<li>Auskunft \u00fcber Ihre bei uns gespeicherten Daten und deren Verarbeitung,<\/li>\n<li>Berichtigung unrichtiger personenbezogener Daten,<\/li>\n<li>L\u00f6schung Ihrer bei uns gespeicherten Daten,<\/li>\n<li>Einschr\u00e4nkung der Datenverarbeitung, sofern wir Ihre Daten aufgrund gesetzlicher Pflichten noch nicht l\u00f6schen d\u00fcrfen,<\/li>\n<li>Widerspruch gegen die Verarbeitung Ihrer Daten bei uns und<\/li>\n<li>Daten\u00fcbertragbarkeit, sofern Sie in die Datenverarbeitung eingewilligt haben oder einen Vertrag mit uns abgeschlossen haben.<\/li>\n<li>Sofern Sie uns eine Einwilligung erteilt haben, k\u00f6nnen Sie diese jederzeit mit Wirkung f\u00fcr die Zukunft widerrufen.<\/li>\n<\/ul>\n<p>Sie k\u00f6nnen sich jederzeit mit einer Beschwerde an die f\u00fcr Sie zust\u00e4ndige Aufsichtsbeh\u00f6rde wenden. Ihre zust\u00e4ndige Aufsichtsbeh\u00f6rde richtet sich nach dem Bundesland Ihres Wohnsitzes, Ihrer Arbeit oder der mutmasslichen Verletzung. Eine Liste der Aufsichtsbeh\u00f6rden (f\u00fcr den nicht\u00f6ffentlichen Bereich) mit Anschrift finden Sie unter:<\/p>\n<p><a href=\"http:\/\/www.bfdi.bund.de\/DE\/Infothek\/Anschriften_Links\/anschriften_links-node.html\">www.bfdi.bund.de\/DE\/Infothek\/Anschriften_Links\/anschriften_links-node.html<\/a><\/p>\n<p>&nbsp;<\/p>\n<h4><span style=\"font-family: inherit; font-weight: normal;\"><strong>Zwecke der Datenverarbeitung durch die verantwortliche Stelle und Dritte<\/strong><\/span><\/h4>\n<p>Wir verarbeiten Ihre personenbezogenen Daten nur zu den in dieser Datenschutzerkl\u00e4rung genannten Zwecken. Eine \u00dcbermittlung Ihrer pers\u00f6nlichen Daten an Dritte zu anderen als den genannten Zwecken findet nicht statt. Wir geben Ihre pers\u00f6nlichen Daten nur an Dritte weiter, wenn:<\/p>\n<ul>\n<li>Sie Ihre ausdr\u00fcckliche Einwilligung dazu erteilt haben,<\/li>\n<li>die Verarbeitung zur Abwicklung eines Vertrags mit Ihnen erforderlich ist,<\/li>\n<li>die Verarbeitung zur Erf\u00fcllung einer rechtlichen Verpflichtung erforderlich ist,<\/li>\n<li>die Verarbeitung zur Wahrung berechtigter Interessen erforderlich ist und kein Grund zur Annahme besteht, dass Sie ein \u00fcberwiegendes schutzw\u00fcrdiges Interesse an der Nichtweitergabe Ihrer Daten haben.<\/li>\n<\/ul>\n<h4><strong><br \/> Erfassung <span style=\"font-family: inherit;\">allgemeiner<\/span> Informationen beim Besuch unserer Webseite<\/strong><\/h4>\n<p>Wenn Sie auf unsere Webseite zugreifen, werden automatisch mittels eines Cookies Informationen allgemeiner Natur erfasst. Diese Informationen (Server-Logfiles) beinhalten etwa die Art des Webbrowsers, das verwendete Betriebssystem, den Domainnamen Ihres Internet-Service-Providers und \u00e4hnliches. Hierbei handelt es sich ausschliesslich um Informationen, welche keine R\u00fcckschl\u00fcsse auf Ihre Person zulassen.<\/p>\n<p>Diese Informationen sind technisch notwendig, um von Ihnen angeforderte Inhalte von Webseiten korrekt auszuliefern und fallen bei Nutzung des Internets zwingend an. Sie werden insbesondere zu folgenden Zwecken verarbeitet:<\/p>\n<ul>\n<li>Sicherstellung eines problemlosen Verbindungsaufbaus der Webseite,<\/li>\n<li>Sicherstellung einer reibungslosen Nutzung unserer Webseite,<\/li>\n<li>Auswertung der Systemsicherheit und -stabilit\u00e4t sowie<\/li>\n<li>zu weiteren administrativen Zwecken.<\/li>\n<\/ul>\n<p>Die Verarbeitung Ihrer personenbezogenen Daten basiert auf unserem berechtigten Interesse aus den vorgenannten Zwecken zur Datenerhebung. Wir verwenden Ihre Daten nicht, um R\u00fcckschl\u00fcsse auf Ihre Person zu ziehen. Empf\u00e4nger der Daten sind nur die verantwortliche Stelle und ggf. Auftragsverarbeiter.<\/p>\n<p>Anonyme Informationen dieser Art werden von uns ggfs. statistisch ausgewertet, um unseren Internetauftritt und die dahinterstehende Technik zu optimieren.<\/p>\n<h4><strong><\/strong><\/h4>\n<h4><strong>SSL-Verschl\u00fcsselung<\/strong><\/h4>\n<p>Um die Sicherheit Ihrer Daten bei der \u00dcbertragung zu sch\u00fctzen, verwenden wir dem aktuellen Stand der Technik entsprechende Verschl\u00fcsselungsverfahren (z. B. SSL) \u00fcber HTTPS.<\/p>\n<h4><strong><\/strong><\/h4>\n<h4><strong>Kommentarfunktion<\/strong><\/h4>\n<p>Wenn Nutzer Kommentare auf unserer Webseite hinterlassen, werden neben diesen Angaben auch der Zeitpunkt ihrer Erstellung und der zuvor durch den Webseitenbesucher gew\u00e4hlte Nutzername gespeichert. Dies dient unserer Sicherheit, da wir f\u00fcr widerrechtliche Inhalte auf unserer Webseite belangt werden k\u00f6nnen, auch wenn diese durch Benutzer erstellt wurden.<\/p>\n<h4><strong><\/strong><\/h4>\n<h4><strong>Kontaktformular<\/strong><\/h4>\n<p>Treten Sie bzgl. Fragen jeglicher Art per E-Mail oder Kontaktformular mit uns in Kontakt, erteilen Sie uns zum Zwecke der Kontaktaufnahme Ihre freiwillige Einwilligung. Hierf\u00fcr ist die Angabe einer validen E-Mail-Adresse erforderlich. Diese dient der Zuordnung der Anfrage und der anschliessenden Beantwortung derselben. Die Angabe weiterer Daten ist optional.<\/p>\n<p>Die von Ihnen gemachten Angaben werden zum Zwecke der Bearbeitung der Anfrage sowie f\u00fcr m\u00f6gliche Anschlussfragen gespeichert. Nach Erledigung der von Ihnen gestellten Anfrage werden personenbezogene Daten automatisch gel\u00f6scht.<\/p>\n<p><strong><\/strong><\/p>\n<h4><strong>Verwendung von Google Analytics<\/strong><\/h4>\n<p>Diese Webseite benutzt Google Analytics, einen Webanalysedienst der Google Inc. (folgend: Google). Google Analytics verwendet sog. \u201eCookies\u201c, also Textdateien, die auf Ihrem Computer gespeichert werden und die eine Analyse der Benutzung der Webseite durch Sie erm\u00f6glichen. Die durch das Cookie erzeugten Informationen \u00fcber Ihre Benutzung dieser Webseite werden in der Regel an einen Server von Google in den USA \u00fcbertragen und dort gespeichert. Aufgrund der Aktivierung der IP-Anonymisierung auf diesen Webseiten, wird Ihre IP-Adresse von Google jedoch innerhalb von Mitgliedstaaten der Europ\u00e4ischen Union oder in anderen Vertragsstaaten des Abkommens \u00fcber den Europ\u00e4ischen Wirtschaftsraum zuvor gek\u00fcrzt. Nur in Ausnahmef\u00e4llen wird die volle IP-Adresse an einen Server von Google in den USA \u00fcbertragen und dort gek\u00fcrzt.<\/p>\n<p>Im Auftrag des Betreibers dieser Webseite wird Google diese Informationen benutzen, um Ihre Nutzung der Webseite auszuwerten, um Reports \u00fcber die Webseitenaktivit\u00e4ten zusammenzustellen und um weitere mit der Webseitennutzung und der Internetnutzung verbundene Dienstleistungen gegen\u00fcber dem Webseitenbetreiber zu erbringen. Die im Rahmen von Google Analytics von Ihrem Browser \u00fcbermittelte IP-Adresse wird nicht mit anderen Daten von Google zusammengef\u00fchrt.<\/p>\n<p>Die Zwecke der Datenverarbeitung liegen in der Auswertung der Nutzung der Webseite und in der Zusammenstellung von Reports \u00fcber Aktivit\u00e4ten auf der Webseite. Auf Grundlage der Nutzung der Webseite und des Internets sollen dann weitere verbundene Dienstleistungen erbracht werden. Die Verarbeitung beruht auf dem berechtigten Interesse des Webseitenbetreibers.<\/p>\n<p>Sie k\u00f6nnen die Speicherung der Cookies durch eine entsprechende Einstellung Ihrer Browser-Software verhindern; wir weisen Sie jedoch darauf hin, dass Sie in diesem Fall gegebenenfalls nicht s\u00e4mtliche Funktionen dieser Webseite vollumf\u00e4nglich werden nutzen k\u00f6nnen. Sie k\u00f6nnen dar\u00fcber hinaus die Erfassung der durch das Cookie erzeugten und auf Ihre Nutzung der Webseite bezogenen Daten (inkl. Ihrer IP-Adresse) an Google sowie die Verarbeitung dieser Daten durch Google verhindern, indem sie das unter dem folgenden Link verf\u00fcgbare Browser-Plugin herunterladen und installieren:<\/p>\n<p>Browser Add-On zur Deaktivierung von Google Analytics:<\/p>\n<p><a href=\"https:\/\/tools.google.com\/dlpage\/gaoptout?hl=de\">https:\/\/tools.google.com\/dlpage\/gaoptout?hl=de<\/a><\/p>\n<p>&nbsp;<\/p>\n<h4><strong>Verwendung von Google Maps<\/strong><\/h4>\n<p>Diese Webseite verwendet Google Maps API, um geographische Informationen visuell darzustellen. Bei der Nutzung von Google Maps werden von Google auch Daten \u00fcber die Nutzung der Kartenfunktionen durch Besucher erhoben, verarbeitet und genutzt. N\u00e4here Informationen \u00fcber die Datenverarbeitung durch Google k\u00f6nnen Sie\u00a0<a href=\"http:\/\/www.google.com\/privacypolicy.html\">den Google-Datenschutzhinweisen<\/a>\u00a0entnehmen. Dort k\u00f6nnen Sie im Datenschutzcenter auch Ihre pers\u00f6nlichen Datenschutz-Einstellungen ver\u00e4ndern.<\/p>\n<p>Ausf\u00fchrliche Anleitungen zur Verwaltung der eigenen Daten im Zusammenhang mit Google-Produkten finden Sie hier:<\/p>\n<p><a href=\"https:\/\/support.google.com\/accounts\/answer\/3024190\">https:\/\/support.google.com\/accounts\/answer\/3024190<\/a><\/p>\n<p>&nbsp;<\/p>\n<h4><strong>Eingebettete YouTube-Videos<\/strong><\/h4>\n<p>Ab und an betten wir Youtube-Videos ein. Betreiber der entsprechenden Plugins ist die YouTube, LLC, 901 Cherry Ave., San Bruno, CA 94066, USA. Wenn Sie eine Seite mit dem YouTube-Plugin besuchen, wird eine Verbindung zu Servern von Youtube hergestellt. Dabei wird Youtube mitgeteilt, welche Seiten Sie besuchen. Wenn Sie in Ihrem Youtube-Account eingeloggt sind, kann Youtube Ihr Surfverhalten Ihnen pers\u00f6nlich zuzuordnen. Dies verhindern Sie, indem Sie sich vorher aus Ihrem Youtube-Account ausloggen.<\/p>\n<p>Wird ein Youtube-Video gestartet, setzt der Anbieter Cookies ein, die Hinweise \u00fcber das Nutzerverhalten sammeln.<\/p>\n<p>Wer das Speichern von Cookies f\u00fcr das Google-Ad-Programm deaktiviert hat, wird auch beim Anschauen von Youtube-Videos mit keinen solchen Cookies rechnen m\u00fcssen. Youtube legt aber auch in anderen Cookies nicht-personenbezogene Nutzungsinformationen ab. M\u00f6chten Sie dies verhindern, so m\u00fcssen Sie das Speichern von Cookies im Browser blockieren.<\/p>\n<p>Weitere Informationen zum Datenschutz bei \u201eYoutube\u201c finden Sie in der Datenschutzerkl\u00e4rung des Anbieters unter:<\/p>\n<p><a href=\"https:\/\/policies.google.com\/privacy?hl=de&amp;gl=de\">https:\/\/policies.google.com\/privacy?hl=de&amp;gl=de<\/a><\/p>\n<p>&nbsp;<\/p>\n<h4><strong>Verwendung von Social Plugins<\/strong><\/h4>\n<p>Unsere Internet-Seiten verwenden Social Plugins, z.B. von Facebook. Die Plugins sind mit dem Logo des Anbieters gekennzeichnet und k\u00f6nnen z.B. Like Buttons sein. Wenn Sie unsere Internet-Seiten aufrufen, die ein solches Plugin enthalten, baut Ihr Browser eine direkte Verbindung mit den Rechnern des Anbieters auf. Der Inhalt des Plugins wird von der anbietenden Seite direkt an Ihren Browser \u00fcbermittelt und von diesem in die Internet-Seite eingebunden. Durch die Einbindung der Plugins erh\u00e4lt der Anbieter die Information, dass Sie unsere Internet-Seite aufgerufen haben. Sind Sie gleichzeitig beim Anbieter eingeloggt, kann der Anbieter den Besuch Ihrem Profil zuordnen.<\/p>\n<p>Wenn Sie mit den Plugins interagieren \u2212 zum Beispiel den &#8220;Gef\u00e4llt mir&#8221; Button bet\u00e4tigen oder einen Kommentar abgeben \u2212 wird die entsprechende Information von Ihrem Browser direkt an den Anbieter \u00fcbermittelt und dort gespeichert. Wenn Sie nicht m\u00f6chten, dass der Anbieter \u00fcber unsere Internet-Seite Daten \u00fcber Sie sammelt, m\u00fcssen Sie sich vor Ihrem Besuch unserer Internet-Seite beim Anbieter ausloggen. Auch im ausgeloggten Zustand sammeln die Anbieter \u00fcber die Social Plugins anonymisiert Daten und setzen Ihnen ein Cookie. Diese Daten k\u00f6nnen, sofern Sie sich zu einem sp\u00e4teren Zeitpunkt beim Anbieter einloggen, Ihrem Profil zugeordnet werden.<\/p>\n<p>Wird ein Login \u00fcber einen Social Login Service \u2212 z.B. Facebook Connect \u2212 angeboten, werden zwischen dem Anbieter und unserer Internet-Seite Daten ausgetauscht. Bei Facebook Connect k\u00f6nnen das zum Beispiel Daten aus Ihrem \u00f6ffentlichen Facebook Profil sein. Mit der Verwendung solcher Login Services stimmen Sie der Daten\u00fcbertragung zu.<\/p>\n<p>Zweck und Umfang der Datensammlung und die weitere Bearbeitung Ihrer Daten durch den Anbieter sowie Ihre diesbez\u00fcglichen Rechte und Einstellungsm\u00f6glichkeiten zum Schutz Ihrer Privatsph\u00e4re entnehmen Sie bitte den Datenschutzhinweisen der Anbieter.<\/p>\n<p>Facebook Ireland Ltd. bzw. Facebook Inc.: <a href=\"https:\/\/www.facebook.com\/policy\">https:\/\/www.facebook.com\/policy\u00a0<\/a><br \/> Google Inc.: <a href=\"https:\/\/developers.google.com\/+\/web\/buttons-policy\">https:\/\/developers.google.com\/+\/web\/buttons-policy<\/a><br \/> Twitter Inc.: <a href=\"https:\/\/twitter.com\/de\/privacy\">https:\/\/twitter.com\/de\/privacy<\/a><br \/> Instagram: <a href=\"https:\/\/help.instagram.com\/155833707900388\">https:\/\/help.instagram.com\/155833707900388<\/a><br \/> Linkedin: <a href=\"https:\/\/www.linkedin.com\/legal\/privacy-policy?_l=de_DE\">https:\/\/www.linkedin.com\/legal\/privacy-policy?_l=de_DE<\/a><br \/> Pinterest: <a href=\"https:\/\/policy.pinterest.com\/de\/privacy-policy\">https:\/\/policy.pinterest.com\/de\/privacy-policy<\/a><\/p>\n<p>Wenn Sie nicht m\u00f6chten, dass die Anbieter \u00fcber diese Cookies Daten \u00fcber Sie sammeln, k\u00f6nnen Sie in Ihren Browser-Einstellungen die Funktion &#8220;Cookies von Drittanbietern blockieren&#8221; w\u00e4hlen. Dann sendet der Browser bei eingebetteten Inhalten anderer Anbieter keine Cookies an den Server. Mit dieser Einstellung funktionieren eventuell auch andere Funktionen unserer Internet-Seite nicht mehr.<\/p>\n<p>&nbsp;<\/p>\n<h4><strong>Registrierung f\u00fcr ein Kundenkonto<\/strong><\/h4>\n<p>Die Eingabe von personenbezogenen Daten f\u00fcr die Erstellung ihres Kundenkontos auf unserer Webseite erfolgt freiwillig. Bei bestimmten Personendaten ist die wahrheitsgem\u00e4sse Eingabe zwingend erforderlich. Dies betrifft:<\/p>\n<ul>\n<li>Geschlecht<\/li>\n<li>Vorname<\/li>\n<li>Nachname<\/li>\n<li>Adresse<\/li>\n<li>Email-Adresse<\/li>\n<li>Passwort<\/li>\n<\/ul>\n<p>Angaben dar\u00fcber hinausgehender Daten erfolgt freiwillig. Die erw\u00e4hnten Daten ben\u00f6tigen wir zur Abwicklung und Administration unserer Webseite, zur \u00dcberpr\u00fcfung der eingegebenen Daten auf Plausibilit\u00e4t, d.h. zur Begr\u00fcndung, inhaltlichen Ausgestaltung, Abwicklung und \u00c4nderung der mit Ihnen abgeschlossenen Vertragsverh\u00e4ltnisse \u00fcber Ihr Benutzerkonto. Die Emailadresse und das Passwort bilden zusammen die Login-Daten. Die Daten im Kundenkonto k\u00f6nnen vom Kunden jederzeit eingesehen und ge\u00e4ndert werden.<\/p>\n<p>Die Rechtsgrundlage der Verarbeitung der Daten f\u00fcr diesen Zweck liegt in der von Ihnen erteilten Einwilligung, in unserem berechtigten \u00fcberwiegenden Interesse und der Vertragsdurchf\u00fchrung nach Art. 6 Abs. 1 lit. a, b und f DSGVO.<\/p>\n<p>&nbsp;<\/p>\n<h4><strong>Nutzung der Webseite als registrierter Kunde<\/strong><\/h4>\n<p>W\u00e4hrend der Nutzung der Webseite durch eingeloggte registrierte Kunden erheben wir Daten aus statistischen Gr\u00fcnden und um die Funktionsf\u00e4higkeit des Portals zu erm\u00f6glichen. Erhoben werden folgende Daten:<\/p>\n<ul>\n<li>Art, Frequenz und Intensit\u00e4t der Webseitennutzung<\/li>\n<li>Dauer Ihrer Mitgliedschaft<\/li>\n<\/ul>\n<h4><strong><br \/> Kaufabwicklung<\/strong><\/h4>\n<p>Wenn sie auf unserer Webseite ein Produkt kaufen, ben\u00f6tigen wir f\u00fcr die Abwicklung des Kaufvertrages verschiedene Daten. Folgende Daten m\u00fcssen Sie zwingend angeben:<\/p>\n<ul>\n<li>Name und Vorname<\/li>\n<li>Adresse (Strasse, Wohnungsnummer, PLZ, Ort)<\/li>\n<li>Emailadresse<\/li>\n<li>Angaben im Rahmen der Zahlung<\/li>\n<li>Login Daten (bei registrierten Kunden)<\/li>\n<\/ul>\n<p>Die Angabe dar\u00fcber hinausgehender Daten erfolgt freiwillig.<\/p>\n<p>Soweit Sie registriert sind und \u00fcber ein Kundenkonto verf\u00fcgen, speichern wir Ihre Daten im Kundenkonto f\u00fcr den n\u00e4chsten Einkauf.<\/p>\n<p><strong><\/strong><\/p>\n<h4><strong>Aufbewahrungsdauer<\/strong><\/h4>\n<p>Wir speichern personenbezogene Daten nur so lange, wie es erforderlich ist, um die Bearbeitungen im Rahmen unseres berechtigten Interesses zu verwenden. Vertragsdaten werden von uns l\u00e4nger aufbewahrt, da dies durch gesetzliche Aufbewahrungspflichten vorgeschrieben ist. Aufbewahrungspflichten, die uns zur Aufbewahrung von Daten verpflichten, ergeben sich aus dem Rechnungslegungs-und Steuerrecht. Gem\u00e4ss diesen Vorschriften sind gesch\u00e4ftliche Kommunikation, geschlossene Vertr\u00e4ge und Buchungsbelege bis zu 10 Jahren aufzubewahren. Soweit wir diese Daten nicht mehr zur Durchf\u00fchrung der Dienstleistungen f\u00fcr Sie ben\u00f6tigen, werden die Daten gesperrt. Dies bedeutet, dass die Daten dann nur noch f\u00fcr Zwecke der Rechnungslegung und f\u00fcr Steuerzwecke verwendet werden d\u00fcrfen.<\/p>\n<p><strong><\/strong><\/p>\n<h4><strong>\u00c4nderung unserer Datenschutzbestimmungen<\/strong><\/h4>\n<p>Wir behalten uns vor, diese Datenschutzerkl\u00e4rung anzupassen, damit sie stets den aktuellen rechtlichen Anforderungen entspricht oder um \u00c4nderungen unserer Leistungen in der Datenschutzerkl\u00e4rung umzusetzen, z.B. bei der Einf\u00fchrung neuer Services. F\u00fcr Ihren erneuten Besuch gilt dann die neue Datenschutzerkl\u00e4rung.<\/p>\n<h4><strong><\/strong><\/h4>\n<h4><strong>Fragen zum Datenschutz<\/strong><\/h4>\n<p>Wenn Sie Fragen zum Datenschutz haben, schreiben Sie uns bitte eine E-Mail oder wenden Sie sich direkt an die verantwortliche Person.<\/p>\n<p>4702 Oensingen, 18.12.2018<\/p>\n<p>[\/et_pb_text][\/et_pb_column][\/et_pb_row][\/et_pb_section]<\/p>\n","protected":false},"excerpt":{"rendered":"<p>Datenschutzerkl\u00e4rung Verantwortliche Stelle im Sinne der Datenschutzgesetze, insbesondere der EU-Datenschutzgrundverordnung (DSGVO), ist: Hundert Weinhaus GmbH Istvan Bicsek und Marietta Bicsek \u2013 Gesch\u00e4ftsinhaber Leuenallee 8A 4702 Oensingen Email: info@hundertweinhaus.com &nbsp; Ihre Betroffenenrechte Unter den angegebenen Kontaktdaten unseres Datenschutzbeauftragten k\u00f6nnen Sie jederzeit folgende Rechte aus\u00fcben: Auskunft \u00fcber Ihre bei uns gespeicherten Daten und deren Verarbeitung, Berichtigung unrichtiger [&hellip;]<\/p>\n","protected":false},"author":1,"featured_media":0,"parent":0,"menu_order":0,"comment_status":"closed","ping_status":"closed","template":"","meta":{"_et_pb_use_builder":"on","_et_pb_old_content":"","_et_gb_content_width":""},"_links":{"self":[{"href":"https:\/\/hundertweinhaus.com\/index.php?rest_route=\/wp\/v2\/pages\/1014"}],"collection":[{"href":"https:\/\/hundertweinhaus.com\/index.php?rest_route=\/wp\/v2\/pages"}],"about":[{"href":"https:\/\/hundertweinhaus.com\/index.php?rest_route=\/wp\/v2\/types\/page"}],"author":[{"embeddable":true,"href":"https:\/\/hundertweinhaus.com\/index.php?rest_route=\/wp\/v2\/users\/1"}],"replies":[{"embeddable":true,"href":"https:\/\/hundertweinhaus.com\/index.php?rest_route=%2Fwp%2Fv2%2Fcomments&post=1014"}],"version-history":[{"count":5,"href":"https:\/\/hundertweinhaus.com\/index.php?rest_route=\/wp\/v2\/pages\/1014\/revisions"}],"predecessor-version":[{"id":3420,"href":"https:\/\/hundertweinhaus.com\/index.php?rest_route=\/wp\/v2\/pages\/1014\/revisions\/3420"}],"wp:attachment":[{"href":"https:\/\/hundertweinhaus.com\/index.php?rest_route=%2Fwp%2Fv2%2Fmedia&parent=1014"}],"curies":[{"name":"wp","href":"https:\/\/api.w.org\/{rel}","templated":true}]}}