{"id":1015,"date":"2017-07-09T09:56:02","date_gmt":"2017-07-09T08:56:02","guid":{"rendered":"http:\/\/hundertweinhaus.fodof.eu\/imprint\/"},"modified":"2019-01-28T22:55:38","modified_gmt":"2019-01-28T21:55:38","slug":"impressum","status":"publish","type":"page","link":"https:\/\/hundertweinhaus.com\/?page_id=1015","title":{"rendered":"Impressum"},"content":{"rendered":"<p>[et_pb_section fb_built=&#8221;1&#8243; _builder_version=&#8221;3.0.47&#8243;][et_pb_row _builder_version=&#8221;3.0.48&#8243; background_size=&#8221;initial&#8221; background_position=&#8221;top_left&#8221; background_repeat=&#8221;repeat&#8221; custom_padding=&#8221;4px|0px|2px|0px|false|false&#8221;][et_pb_column type=&#8221;4_4&#8243; _builder_version=&#8221;3.0.47&#8243; parallax=&#8221;off&#8221; parallax_method=&#8221;on&#8221;][et_pb_text admin_label=&#8221;Default Header&#8221; module_class=&#8221;default-header&#8221; _builder_version=&#8221;3.10.1&#8243; module_alignment=&#8221;right&#8221; saved_tabs=&#8221;all&#8221;]<\/p>\n<h1>Impressum<\/h1>\n<p>[\/et_pb_text][et_pb_text _builder_version=&#8221;3.19.9&#8243; background_size=&#8221;initial&#8221; background_position=&#8221;top_left&#8221; background_repeat=&#8221;repeat&#8221;]<\/p>\n<p><strong>Hundert Weinhaus GmbH<\/strong><br \/> Leuenallee 8A<br \/> 4702 Oensingen<br \/> Schweiz<\/p>\n<p> Telefon: +41 79 555 99 15<br \/> Email: info@hundertweinhaus.com<br \/> Web: www.hundertweinhaus.com<\/p>\n<p> Inhaber: Istvan Bicsek und Marietta Bicsek \u00a0<\/p>\n<h3>Haftungsausschluss<\/h3>\n<p>Wir \u00fcbernehmen keinerlei Gew\u00e4hr hinsichtlich der inhaltlichen Richtigkeit, Genauigkeit, Aktualit\u00e4t, Zuverl\u00e4ssigkeit und Vollst\u00e4ndigkeit der Informationen. Haftungsanspr\u00fcche gegen Hundert Weinhaus GmbH wegen Sch\u00e4den materieller oder immaterieller Art, welche aus dem Zugriff oder der Nutzung bzw. Nichtnutzung der ver\u00f6ffentlichten Informationen, durch Missbrauch der Verbindung oder durch technische St\u00f6rungen entstanden sind, werden ausgeschlossen. Alle Angebote sind unverbindlich. Hundert Weinhaus GmbH beh\u00e4lt es sich ausdr\u00fccklich vor, Teile der Seiten oder das gesamte Angebot ohne gesonderte Ank\u00fcndigung zu ver\u00e4ndern, zu erg\u00e4nzen, zu l\u00f6schen oder die Ver\u00f6ffentlichung zeitweise oder endg\u00fcltig einzustellen. \u00a0<\/p>\n<h3>\u00a9Copyright<\/h3>\n<p>Die Urheber- und alle anderen Rechte an Inhalten, Bildern, Fotografien oder anderen Dateien auf der Webseite geh\u00f6ren ausschliesslich Hundert Weinhaus GmbH oder den speziell genannten Rechtsinhabern. Jegliche Nutzung, Reproduktion, Vervielf\u00e4ltigung, Vertrieb oder Ver\u00e4nderung aller Elemente\/Fotos auf dieser Webseite ist nur mit ausdr\u00fccklicher Zustimmung und schriftlicher Genehmigung gestattet. \u00a0<\/p>\n<h3>Haftung f\u00fcr Links<\/h3>\n<p>Verweise und Links auf Webseiten Dritter liegen ausserhalb unseres Verantwortungsbereichs. Es wird jegliche Verantwortung f\u00fcr solche Webseiten abgelehnt, diese Seiten sind lediglich Empfehlungen. Der Zugriff und die Nutzung solcher Webseiten erfolgen auf eigene Gefahr des Nutzers oder der Nutzerin.<\/p>\n<p> \u00a92018 Copyright Hundert Weinhaus GmbH &#8211; alle Rechte vorbehalten<\/p>\n<p>[\/et_pb_text][\/et_pb_column][\/et_pb_row][\/et_pb_section]<\/p>\n","protected":false},"excerpt":{"rendered":"<p>ImpressumHundert Weinhaus GmbH Leuenallee 8A 4702 Oensingen Schweiz Telefon: +41 79 555 99 15 Email: info@hundertweinhaus.com Web: www.hundertweinhaus.com Inhaber: Istvan Bicsek und Marietta Bicsek \u00a0 Haftungsausschluss Wir \u00fcbernehmen keinerlei Gew\u00e4hr hinsichtlich der inhaltlichen Richtigkeit, Genauigkeit, Aktualit\u00e4t, Zuverl\u00e4ssigkeit und Vollst\u00e4ndigkeit der Informationen. Haftungsanspr\u00fcche gegen Hundert Weinhaus GmbH wegen Sch\u00e4den materieller oder immaterieller Art, welche aus dem [&hellip;]<\/p>\n","protected":false},"author":1,"featured_media":0,"parent":0,"menu_order":0,"comment_status":"closed","ping_status":"closed","template":"","meta":{"_et_pb_use_builder":"on","_et_pb_old_content":"<strong>Hundert Weinhaus GmbH<\/strong>\nLeuenallee 8A\n4702 Oensingen\nSchweiz\n&nbsp;\nTelefon: +41 79 555 99 15\nEmail: info@hundertweinhaus.com\nWeb: www.hundertweinhaus.com\n&nbsp;\nInhaber: Istvan Bicsek und Marietta Bicsek\n&nbsp;\n<h3>Haftungsausschluss<\/h3>\nWir \u00fcbernehmen keinerlei Gew\u00e4hr hinsichtlich der inhaltlichen Richtigkeit, Genauigkeit, Aktualit\u00e4t, Zuverl\u00e4ssigkeit und Vollst\u00e4ndigkeit der Informationen. Haftungsanspr\u00fcche gegen Hundert Weinhaus GmbH wegen Sch\u00e4den materieller oder immaterieller Art, welche aus dem Zugriff oder der Nutzung bzw. Nichtnutzung der ver\u00f6ffentlichten Informationen, durch Missbrauch der Verbindung oder durch technische St\u00f6rungen entstanden sind, werden ausgeschlossen. Alle Angebote sind unverbindlich. Hundert Weinhaus GmbH beh\u00e4lt es sich ausdr\u00fccklich vor, Teile der Seiten oder das gesamte Angebot ohne gesonderte Ank\u00fcndigung zu ver\u00e4ndern, zu erg\u00e4nzen, zu l\u00f6schen oder die Ver\u00f6ffentlichung zeitweise oder endg\u00fcltig einzustellen.\n&nbsp;\n<h3>\u00a9Copyright<\/h3>\nDie Urheber- und alle anderen Rechte an Inhalten, Bildern, Fotografien oder anderen Dateien auf der Webseite geh\u00f6ren ausschliesslich Hundert Weinhaus GmbH oder den speziell genannten Rechtsinhabern. Jegliche Nutzung, Reproduktion, Vervielf\u00e4ltigung, Vertrieb oder Ver\u00e4nderung aller Elemente\/Fotos auf dieser Webseite ist nur mit ausdr\u00fccklicher Zustimmung und schriftlicher Genehmigung gestattet.\n&nbsp;\n<h3>Haftung f\u00fcr Links<\/h3>\nVerweise und Links auf Webseiten Dritter liegen ausserhalb unseres Verantwortungsbereichs. Es wird jegliche Verantwortung f\u00fcr solche Webseiten abgelehnt, diese Seiten sind lediglich Empfehlungen. Der Zugriff und die Nutzung solcher Webseiten erfolgen auf eigene Gefahr des Nutzers oder der Nutzerin.\n&nbsp;\n\u00a92018 Copyright Hundert Weinhaus GmbH - alle Rechte vorbehalten","_et_gb_content_width":""},"_links":{"self":[{"href":"https:\/\/hundertweinhaus.com\/index.php?rest_route=\/wp\/v2\/pages\/1015"}],"collection":[{"href":"https:\/\/hundertweinhaus.com\/index.php?rest_route=\/wp\/v2\/pages"}],"about":[{"href":"https:\/\/hundertweinhaus.com\/index.php?rest_route=\/wp\/v2\/types\/page"}],"author":[{"embeddable":true,"href":"https:\/\/hundertweinhaus.com\/index.php?rest_route=\/wp\/v2\/users\/1"}],"replies":[{"embeddable":true,"href":"https:\/\/hundertweinhaus.com\/index.php?rest_route=%2Fwp%2Fv2%2Fcomments&post=1015"}],"version-history":[{"count":9,"href":"https:\/\/hundertweinhaus.com\/index.php?rest_route=\/wp\/v2\/pages\/1015\/revisions"}],"predecessor-version":[{"id":3523,"href":"https:\/\/hundertweinhaus.com\/index.php?rest_route=\/wp\/v2\/pages\/1015\/revisions\/3523"}],"wp:attachment":[{"href":"https:\/\/hundertweinhaus.com\/index.php?rest_route=%2Fwp%2Fv2%2Fmedia&parent=1015"}],"curies":[{"name":"wp","href":"https:\/\/api.w.org\/{rel}","templated":true}]}}