{"id":1789,"date":"2017-11-13T14:47:30","date_gmt":"2017-11-13T14:47:30","guid":{"rendered":"http:\/\/diviecommerce.aspengrovestudios.space\/?page_id=1789"},"modified":"2019-01-28T23:24:39","modified_gmt":"2019-01-28T22:24:39","slug":"ueberuns","status":"publish","type":"page","link":"https:\/\/hundertweinhaus.com\/?page_id=1789","title":{"rendered":"\u00dcber uns"},"content":{"rendered":"<p>[et_pb_section fb_built=&#8221;1&#8243; custom_padding_last_edited=&#8221;on|phone&#8221; admin_label=&#8221;Section &#8211; About header&#8221; _builder_version=&#8221;3.10.1&#8243; background_color=&#8221;#dedede&#8221; background_image=&#8221;https:\/\/hundertweinhaus.com\/wp-content\/uploads\/2018\/07\/xdw.png&#8221; custom_padding=&#8221;80px||73px||false|false&#8221; custom_padding_tablet=&#8221;100px||100px|&#8221; custom_padding_phone=&#8221;75px||75px|&#8221;][et_pb_row custom_padding=&#8221;0|0px|0|0px|false|false&#8221; _builder_version=&#8221;3.0.47&#8243; background_size=&#8221;initial&#8221; background_position=&#8221;top_left&#8221; background_repeat=&#8221;repeat&#8221;][et_pb_column type=&#8221;4_4&#8243; _builder_version=&#8221;3.0.47&#8243; parallax=&#8221;off&#8221; parallax_method=&#8221;on&#8221;][et_pb_text admin_label=&#8221;About Page Top Header &#8211; Text&#8221; _builder_version=&#8221;3.10.1&#8243; text_font=&#8221;|300|||||||&#8221; text_text_color=&#8221;#ffffff&#8221; text_font_size=&#8221;20px&#8221; text_font_size_tablet=&#8221;19px&#8221; text_font_size_phone=&#8221;17px&#8221; text_font_size_last_edited=&#8221;on|phone&#8221; header_font=&#8221;|700||on|||||&#8221; header_text_color=&#8221;#ffffff&#8221; header_font_size=&#8221;60px&#8221; header_font_size_tablet=&#8221;50px&#8221; header_font_size_phone=&#8221;35px&#8221; header_font_size_last_edited=&#8221;on|tablet&#8221; text_orientation=&#8221;center&#8221; module_alignment=&#8221;center&#8221;]<\/p>\n<h1>\u00dcber uns<\/h1>\n<p>[\/et_pb_text][\/et_pb_column][\/et_pb_row][\/et_pb_section][et_pb_section fb_built=&#8221;1&#8243; custom_padding_last_edited=&#8221;on|desktop&#8221; admin_label=&#8221;Section &#8211; About content&#8221; _builder_version=&#8221;3.0.89&#8243; custom_padding=&#8221;50px||10px||false|false&#8221; custom_padding_tablet=&#8221;50px|||&#8221;][et_pb_row custom_padding=&#8221;||10px|&#8221; _builder_version=&#8221;3.0.89&#8243;][et_pb_column type=&#8221;4_4&#8243; _builder_version=&#8221;3.0.47&#8243; parallax=&#8221;off&#8221; parallax_method=&#8221;on&#8221;][et_pb_text admin_label=&#8221;Default Header&#8221; module_class=&#8221;default-header&#8221; _builder_version=&#8221;3.10.1&#8243; module_alignment=&#8221;right&#8221; saved_tabs=&#8221;all&#8221;]<\/p>\n<h1>Wer wir sind<\/h1>\n<p>[\/et_pb_text][\/et_pb_column][\/et_pb_row][\/et_pb_section][et_pb_section fb_built=&#8221;1&#8243; _builder_version=&#8221;3.0.89&#8243; custom_padding=&#8221;0px||50px||false|false&#8221;][et_pb_row _builder_version=&#8221;3.19.9&#8243; custom_padding=&#8221;4px|0px|3px|0px|false|false&#8221;][et_pb_column type=&#8221;1_2&#8243; _builder_version=&#8221;3.19.9&#8243; parallax=&#8221;off&#8221; parallax_method=&#8221;on&#8221;][et_pb_text _builder_version=&#8221;3.19.9&#8243;]<\/p>\n<p class=\"p1\">Wir heissen Istvan und Marietta Bicsek.<\/p>\n<p class=\"p1\">Gepr\u00e4gt durch unsere ungarischen Wurzeln kamen wir fr\u00fch mit der \u00f6rtlichen Weinkultur in Kontakt.<\/p>\n<p class=\"p1\">Mit Faszination und Hingabe dem ungarischen Wein verpflichtet, gr\u00fcndeten wir 2012 den Bicsek Weinhandel. Durch stetiges Wachstum der letzten Jahre entstand 2017 die Hundert Weinhaus GmbH.<\/p>\n<blockquote>\n<p class=\"p1\">Wir leben Wein. Denn Wein ist f\u00fcr uns eine Herzenssache.<\/p>\n<\/blockquote>\n<p class=\"p1\">Aus diesem Grund besuchen wir regelm\u00e4ssig die verschiedensten Weinregionen wie Tokaj, Eger oder Etyek Buda, um f\u00fcr Sie neue charaktervolle und ausdrucksstarke Weine zu entdecken.<\/p>\n<p>[\/et_pb_text][\/et_pb_column][et_pb_column type=&#8221;1_2&#8243; _builder_version=&#8221;3.19.9&#8243; parallax=&#8221;off&#8221; parallax_method=&#8221;on&#8221;][et_pb_image src=&#8221;https:\/\/hundertweinhaus.com\/wp-content\/uploads\/2019\/01\/2019_Ueber_Uns.jpg&#8221; _builder_version=&#8221;3.19.9&#8243; custom_padding=&#8221;6px||&#8221;][\/et_pb_image][\/et_pb_column][\/et_pb_row][\/et_pb_section]<\/p>\n","protected":false},"excerpt":{"rendered":"<p>\u00dcber uns Wer wir sind Wir heissen Istvan und Marietta Bicsek. Gepr\u00e4gt durch unsere ungarischen Wurzeln kamen wir fr\u00fch mit der \u00f6rtlichen Weinkultur in Kontakt. Mit Faszination und Hingabe dem ungarischen Wein verpflichtet, gr\u00fcndeten wir 2012 den Bicsek Weinhandel. Durch stetiges Wachstum der letzten Jahre entstand 2017 die Hundert Weinhaus GmbH. Wir leben Wein. Denn [&hellip;]<\/p>\n","protected":false},"author":1,"featured_media":0,"parent":0,"menu_order":0,"comment_status":"closed","ping_status":"closed","template":"","meta":{"_et_pb_use_builder":"on","_et_pb_old_content":"","_et_gb_content_width":""},"_links":{"self":[{"href":"https:\/\/hundertweinhaus.com\/index.php?rest_route=\/wp\/v2\/pages\/1789"}],"collection":[{"href":"https:\/\/hundertweinhaus.com\/index.php?rest_route=\/wp\/v2\/pages"}],"about":[{"href":"https:\/\/hundertweinhaus.com\/index.php?rest_route=\/wp\/v2\/types\/page"}],"author":[{"embeddable":true,"href":"https:\/\/hundertweinhaus.com\/index.php?rest_route=\/wp\/v2\/users\/1"}],"replies":[{"embeddable":true,"href":"https:\/\/hundertweinhaus.com\/index.php?rest_route=%2Fwp%2Fv2%2Fcomments&post=1789"}],"version-history":[{"count":19,"href":"https:\/\/hundertweinhaus.com\/index.php?rest_route=\/wp\/v2\/pages\/1789\/revisions"}],"predecessor-version":[{"id":3528,"href":"https:\/\/hundertweinhaus.com\/index.php?rest_route=\/wp\/v2\/pages\/1789\/revisions\/3528"}],"wp:attachment":[{"href":"https:\/\/hundertweinhaus.com\/index.php?rest_route=%2Fwp%2Fv2%2Fmedia&parent=1789"}],"curies":[{"name":"wp","href":"https:\/\/api.w.org\/{rel}","templated":true}]}}