{"id":3269,"date":"2018-12-04T18:29:55","date_gmt":"2018-12-04T17:29:55","guid":{"rendered":"http:\/\/hundertweinhaus.com\/?page_id=3269"},"modified":"2024-08-28T11:47:19","modified_gmt":"2024-08-28T10:47:19","slug":"events","status":"publish","type":"page","link":"https:\/\/hundertweinhaus.com\/?page_id=3269","title":{"rendered":"Events"},"content":{"rendered":"\n<figure class=\"wp-block-image size-large is-resized\"><img decoding=\"async\" loading=\"lazy\" src=\"https:\/\/hundertweinhaus.com\/wp-content\/uploads\/2024\/08\/LETS-HAVE-A-WINE-DATE-LUZERN-202411-1024x1024.jpg\" alt=\"\" class=\"wp-image-4276\" width=\"512\" height=\"512\"\/><\/figure>\n\n\n\n<blockquote class=\"wp-block-quote\">\n<p class=\"has-text-align-left\">Donnerstag, 12. September 15 bis 21h<br>Freitag, 13. September 15 bis 21h<br>Samstag, 14. September 15 bis 21h<br>Sonntag, 15. September 12 bis 18h<br><br>Kornsch\u00fctte<br>Kornmarkt 3<br>CH &#8211; 6004 Luzern<\/p>\n<\/blockquote>\n\n\n\n<figure class=\"wp-block-image size-large is-resized\"><img decoding=\"async\" loading=\"lazy\" src=\"https:\/\/hundertweinhaus.com\/wp-content\/uploads\/2024\/08\/Basler-Wymaert-2024-1024x570.jpg\" alt=\"\" class=\"wp-image-4288\" width=\"512\" height=\"285\"\/><figcaption class=\"wp-element-caption\">     <\/figcaption><\/figure>\n\n\n\n<blockquote class=\"wp-block-quote\">\n<p class=\"has-text-align-left\">Datum und \u00d6ffnungszeiten<br>     Der Basler Wym\u00e4rt im Herbst findet vom 10. bis 12. Oktober 2024 statt.<br>     \u00d6ffnungszeiten:<br>     Do\/Fr 16 bis 21 Uhr<br>     Sa 15 bis 20 Uhr<br>\u00a0<br>     Ort: Basler Markthalle<br>     Der Basler Wym\u00e4rt wird in der Alten Markthalle Basel beim Bahnhof SBB durchgef\u00fchrt. Die Markthalle ist ein trendiger Ort, an dem es                                       ausschliesslich um Essen und Trinken geht. Es ist f\u00fcr Besucherinnen und Besucher mit den \u00f6ffentlichen Verkehrsmitteln bestens erreichbar. Mehr: <a rel=\"noreferrer noopener\" href=\"https:\/\/www.altemarkthalle.ch\/\" target=\"_blank\">Alte Markthalle<\/a><\/p>\n<\/blockquote>\n\n\n\n<figure class=\"wp-block-image size-large is-resized\"><img decoding=\"async\" loading=\"lazy\" src=\"https:\/\/hundertweinhaus.com\/wp-content\/uploads\/2024\/08\/Banner_768X334-1024x512.jpg\" alt=\"\" class=\"wp-image-4300\" width=\"512\" height=\"256\"\/><\/figure>\n\n\n\n<blockquote class=\"wp-block-quote\">\n<p><strong>Dauer: Donnerstag, 31.10. &#8211; 14.11.2024                                      <br>Weinausstellung:<\/strong><\/p>\n\n\n\n<p>Mo-Sa: 14.00 bis 21.00 Uhr<br>Sonntag: 12.00 bis 19.00 Uhr<\/p>\n\n\n\n<p>Letzter Tag 14.11.: bis 20.00 Uhr<\/p>\n\n\n\n<p><\/p>\n<\/blockquote>\n\n\n\n<blockquote class=\"wp-block-quote\">\n<p><\/p>\n<\/blockquote>\n\n\n\n<blockquote class=\"wp-block-quote\">\n<p><\/p>\n<\/blockquote>\n","protected":false},"excerpt":{"rendered":"<p>Donnerstag, 12. September 15 bis 21hFreitag, 13. September 15 bis 21hSamstag, 14. September 15 bis 21hSonntag, 15. September 12 bis 18hKornsch\u00fctteKornmarkt 3CH &#8211; 6004 Luzern Datum und \u00d6ffnungszeiten Der Basler Wym\u00e4rt im Herbst findet vom 10. bis 12. Oktober 2024 statt. \u00d6ffnungszeiten: Do\/Fr 16 bis 21 Uhr Sa 15 bis 20 Uhr\u00a0 Ort: Basler Markthalle [&hellip;]<\/p>\n","protected":false},"author":1,"featured_media":0,"parent":0,"menu_order":0,"comment_status":"closed","ping_status":"closed","template":"","meta":{"_et_pb_use_builder":"on","_et_pb_old_content":"","_et_gb_content_width":""},"_links":{"self":[{"href":"https:\/\/hundertweinhaus.com\/index.php?rest_route=\/wp\/v2\/pages\/3269"}],"collection":[{"href":"https:\/\/hundertweinhaus.com\/index.php?rest_route=\/wp\/v2\/pages"}],"about":[{"href":"https:\/\/hundertweinhaus.com\/index.php?rest_route=\/wp\/v2\/types\/page"}],"author":[{"embeddable":true,"href":"https:\/\/hundertweinhaus.com\/index.php?rest_route=\/wp\/v2\/users\/1"}],"replies":[{"embeddable":true,"href":"https:\/\/hundertweinhaus.com\/index.php?rest_route=%2Fwp%2Fv2%2Fcomments&post=3269"}],"version-history":[{"count":48,"href":"https:\/\/hundertweinhaus.com\/index.php?rest_route=\/wp\/v2\/pages\/3269\/revisions"}],"predecessor-version":[{"id":4338,"href":"https:\/\/hundertweinhaus.com\/index.php?rest_route=\/wp\/v2\/pages\/3269\/revisions\/4338"}],"wp:attachment":[{"href":"https:\/\/hundertweinhaus.com\/index.php?rest_route=%2Fwp%2Fv2%2Fmedia&parent=3269"}],"curies":[{"name":"wp","href":"https:\/\/api.w.org\/{rel}","templated":true}]}}