{"id":784,"date":"2017-03-09T15:22:10","date_gmt":"2017-03-09T14:22:10","guid":{"rendered":"http:\/\/hundertweinhaus.fodof.eu\/?page_id=784"},"modified":"2019-01-28T22:50:15","modified_gmt":"2019-01-28T21:50:15","slug":"agb","status":"publish","type":"page","link":"https:\/\/hundertweinhaus.com\/?page_id=784","title":{"rendered":"AGB"},"content":{"rendered":"<p>[et_pb_section fb_built=&#8221;1&#8243; _builder_version=&#8221;3.10.1&#8243; custom_padding=&#8221;50px|0px|4px|0px|false|false&#8221;][et_pb_row _builder_version=&#8221;3.0.48&#8243; background_size=&#8221;initial&#8221; background_position=&#8221;top_left&#8221; background_repeat=&#8221;repeat&#8221; custom_padding=&#8221;3px|0px|28.2656px|0px|false|false&#8221;][et_pb_column type=&#8221;4_4&#8243; _builder_version=&#8221;3.0.47&#8243; parallax=&#8221;off&#8221; parallax_method=&#8221;on&#8221;][et_pb_text _builder_version=&#8221;3.10.1&#8243; text_font=&#8221;|700|||||||&#8221;][\/et_pb_text][et_pb_text admin_label=&#8221;Default Header&#8221; module_class=&#8221;default-header&#8221; _builder_version=&#8221;3.10.1&#8243; module_alignment=&#8221;right&#8221; saved_tabs=&#8221;all&#8221;]<\/p>\n<h1>Allgemeine Gesch\u00e4ftsbedingungen<\/h1>\n<p>[\/et_pb_text][et_pb_text _builder_version=&#8221;3.10.1&#8243;]<\/p>\n<p style=\"text-align: left;\"><strong>1.\u00a0 \u00a0Allgemeines<br \/>\n2. \u00a0 Geltungsbereich<br \/>\n<\/strong><strong> 3. \u00a0 Datenschutz<br \/>\n4. \u00a0 Kein Verkauf an Minderj\u00e4hrige<br \/>\n5. \u00a0 Preise<br \/>\n6. \u00a0 Zahlungs- und Lieferbedingungen<br \/>\n7. \u00a0 Verf\u00fcgbarkeit<br \/>\n<\/strong><strong>8. \u00a0 Umtausch\/R\u00fccknahme<br \/>\n9. \u00a0 Inhalte verlinkter Seiten<br \/>\n10. Gerichtstand<\/strong><\/p>\n<p><strong>1. Allgemeines<br \/>\n<\/strong>Es ist unser Bestreben, Sie bed\u00fcrfnisgerecht und zur Ihrer vollen Zufriedenheit zu bedienen. Deshalb sind diese Allgemeine Gesch\u00e4ftsbedingungen Grundlage einer fairen Kundenbeziehung. Beim Absenden einer Bestellung erkl\u00e4ren Sie sich mit den AGB&#8217;s einverstanden. Damit diese leserlich bleiben, bedienen wir uns der m\u00e4nnlichen Form und schreiben &#8220;Kunden&#8221;, richten uns aber gleichermassen an weibliche und m\u00e4nnliche Weinliebhaberinnen und Weinliebhaber.<\/p>\n<p><strong>2. Geltungsbereich<br \/>\n<\/strong>Das gesamte Angebot von Hundertweinhaus GmbH richtet sich in erster Linie an eine Kundschaft innerhalb der Schweiz sowie des F\u00fcrstentums Lichtenstein. Bestellungen aus L\u00e4ndern der EU sind aber ebenfalls willkommen. Die Lieferbedingungen ins Ausland werden pro Bestellung errechnet.<\/p>\n<p><strong>3. Datenschutz<br \/>\n<\/strong>Wir handeln mit Weinen und Produkten f\u00fcr Weinliebhaber und nicht mit Ihren pers\u00f6nlichen Daten. Deshalb werden nur jene Daten erfasst, welche zur Abwicklung der Bestellung notwendig sind und die Handhabung des Onlineshops f\u00fcr wiederkehrende Kunden vereinfachen. Pers\u00f6nliche Kundendaten werden entsprechend der Datenschutzgesetzgebung vertraulich behandelt und weder an Dritte weitergegeben, noch f\u00fcr Fremdwerbung eingesetzt oder verkauft.<\/p>\n<p><strong>4. Kein Verkauf an Minderj\u00e4hrige<br \/>\n<\/strong>Hundertweinhaus verkauft keine Weine an Minderj\u00e4hrige unter 18 Jahren. Mit einer Bestellung auf www.hundertweinhaus.com best\u00e4tigen Sie, dass Sie vollj\u00e4hrig sind.<\/p>\n<p><strong>5. Preise<br \/>\n<\/strong>Alle Preise verstehen sich pro Artikel in Schweizer Franken, einschliesslich der gesetzlichen Mehrwertsteuer. Preis\u00e4nderungen sowie zeitlich begrenzte Aktionen sind jederzeit m\u00f6glich und bed\u00fcrfen keiner Ank\u00fcndigung.<\/p>\n<p><strong>6. Zahlungs- und Lieferbedingungen<br \/>\n<\/strong>Bei einer Bestellung senden wir gegen Rechnung, zahlbar innert 14 Tagen netto. Wir behalten uns vor, bei Neukunden und bei Bestellungen \u00fcber CHF. 300.00, eine Vorauszahlung zu verlangen.<\/p>\n<p>Die Lieferkosten entnehmen Sie unter der Rubrik Lieferbedingungen.<\/p>\n<p><strong>7. Verf\u00fcgbarkeit<br \/>\n<\/strong>Unser Sortiment unterliegt einem steten Wandel, wir garantieren keine l\u00fcckenlose verf\u00fcgbarkeit des Angebots auf www.hundertweinhaus.com. Ist ein bestimmter Wein vom entsprechenden Jahrgang nicht verf\u00fcgbar, werden wir uns mit Ihnen Verbindung setzen.<\/p>\n<p><strong>8. Umtausch\/R\u00fccknahme<br \/>\n<\/strong>Ihre Bestellung auf www.hundertweinhaus.com ist verbindlich. Grunds\u00e4tzlich k\u00f6nnen bestellte Weine weder umgetauscht noch zuruckgenommen werden. Ausgenommen davon sind Lieferungen, welche w\u00e4hrend des Transports besch\u00e4digt wurden sowie Fehllieferungen. Wir bitten Sie, die Lieferung nach Erhalt auf Richtigkeit und Unversehrtheit zu pr\u00fcfen und allf\u00e4llige Beanstandungen umgehend an uns weiterzuleiten. 5 Tage nach Erhalt der Lieferung gilt diese als genehmigt. Weine mit \u00abZapfengeschmack\u00bb werden verg\u00fctet, sofern der Fehler feststellbar und die Flasche zu mindestens 75 Prozent gef\u00fcllt ist. Davon ausgeschlossen sind Weine, die das empfohlene Genussalter \u00fcberschritten haben.<\/p>\n<p><strong>9. Inhalte verlinkter Seiten<br \/>\n<\/strong>Alle Internetseiten, welche mit www.hundertweinhaus.com verlinkt sind , wurden vor der Verkettung auf Inhalt und Form \u00fcberpr\u00fcft. Obwohl wir die vernetzten Seiten regelm\u00e4ssig aufrufen, k\u00f6nnen wir nicht ausschliessen, dass Inhalte publiziert werden, welche nicht im direkten Zusammenhang mit unserem Sortiment stehen. In diesem Fall sind wir Ihnen dankbar um eine Mitteilung an den Webmaster. Wir distanzieren uns ausdr\u00fccklich von allen missbr\u00e4uchlichen Inhalten und \u00fcbernehmen keine Verantwortung f\u00fcr die Zweckm\u00e4ssigkeit und die Inhalte verlinkter Seiten.<\/p>\n<p><strong>10. Gerichtsstand<br \/>\n<\/strong>Unsere Gesch\u00e4ftst\u00e4tigkeit basiert auf Schweizerischem Recht. Gerichtsstand ist Balsthal.<\/p>\n<p>Stand 09. M\u00e4rz 2017, Hundertweinhaus<\/p>\n<p>Diese AGB k\u00f6nnen jederzeit und ohne Vorank\u00fcndigung ge\u00e4ndert werden.<\/p>\n<p>&nbsp;<\/p>\n<p><div class=\"woocommerce woocommerce-gzd woocommerce-gzd-complaints-shortcode\">\n    <h3>Alternative Dispute Resolution in accordance with Art. 14 (1) ODR-VO and \u00a7 36 VSBG:<\/h3>\n\n<p>The european commission provides a platform for online dispute resolution (OS) which is accessible at <a href=\"https:\/\/ec.europa.eu\/consumers\/odr\" target=\"_blank\">https:\/\/ec.europa.eu\/consumers\/odr<\/a>. We are not obliged nor willing to participate in dispute settlement proceedings before a consumer arbitration board.<\/p>\n<\/div><br \/>\n[\/et_pb_text][\/et_pb_column][\/et_pb_row][\/et_pb_section]<\/p>\n","protected":false},"excerpt":{"rendered":"<p>Allgemeine Gesch\u00e4ftsbedingungen1.\u00a0 \u00a0Allgemeines 2. \u00a0 Geltungsbereich 3. \u00a0 Datenschutz 4. \u00a0 Kein Verkauf an Minderj\u00e4hrige 5. \u00a0 Preise 6. \u00a0 Zahlungs- und Lieferbedingungen 7. \u00a0 Verf\u00fcgbarkeit 8. \u00a0 Umtausch\/R\u00fccknahme 9. \u00a0 Inhalte verlinkter Seiten 10. Gerichtstand 1. Allgemeines Es ist unser Bestreben, Sie bed\u00fcrfnisgerecht und zur Ihrer vollen Zufriedenheit zu bedienen. Deshalb sind diese Allgemeine [&hellip;]<\/p>\n","protected":false},"author":1,"featured_media":0,"parent":0,"menu_order":0,"comment_status":"closed","ping_status":"closed","template":"","meta":{"_et_pb_use_builder":"on","_et_pb_old_content":"<p style=\"text-align: left;\"><strong>1.\u00a0 \u00a0Allgemeines<br \/>2. \u00a0 Geltungsbereich<br \/><\/strong><strong> 3. \u00a0 Datenschutz<br \/>4. \u00a0 Kein Verkauf an Minderj\u00e4hrige<br \/>5. \u00a0 Preise<br \/>6. \u00a0 Zahlungs- und Lieferbedingungen<br \/>7. \u00a0 Verf\u00fcgbarkeit<br \/><\/strong><strong>8. \u00a0 Umtausch\/R\u00fccknahme<br \/>9. \u00a0 Inhalte verlinkter Seiten<br \/>10. Gerichtstand<\/strong><\/p><p><strong>1. Allgemeines<br \/><\/strong>Es ist unser Bestreben, Sie bed\u00fcrfnisgerecht und zur Ihrer vollen Zufriedenheit zu bedienen. Deshalb sind diese Allgemeine Gesch\u00e4ftsbedingungen Grundlage einer fairen Kundenbeziehung. Beim Absenden einer Bestellung erkl\u00e4ren Sie sich mit den AGB's einverstanden. Damit diese leserlich bleiben, bedienen wir uns der m\u00e4nnlichen Form und schreiben \"Kunden\", richten uns aber gleichermassen an weibliche und m\u00e4nnliche Weinliebhaberinnen und Weinliebhaber.<\/p><p><strong>2. Geltungsbereich<br \/><\/strong>Das gesamte Angebot von Hundertweinhaus GmbH richtet sich in erster Linie an eine Kundschaft innerhalb der Schweiz sowie des F\u00fcrstentums Lichtenstein. Bestellungen aus L\u00e4ndern der EU sind aber ebenfalls willkommen. Die Lieferbedingungen ins Ausland werden pro Bestellung errechnet.<\/p><p><strong>3. Datenschutz<br \/><\/strong>Wir handeln mit Weinen und Produkten f\u00fcr Weinliebhaber und nicht mit Ihren pers\u00f6nlichen Daten. Deshalb werden nur jene Daten erfasst, welche zur Abwicklung der Bestellung notwendig sind und die Handhabung des Onlineshops f\u00fcr wiederkehrende Kunden vereinfachen. Pers\u00f6nliche Kundendaten werden entsprechend der Datenschutzgesetzgebung vertraulich behandelt und weder an Dritte weitergegeben, noch f\u00fcr Fremdwerbung eingesetzt oder verkauft.<\/p><p><strong>4. Kein Verkauf an Minderj\u00e4hrige<br \/><\/strong>Hundertweinhaus verkauft keine Weine an Minderj\u00e4hrige unter 18 Jahren. Mit einer Bestellung auf www.hundertweinhaus.com best\u00e4tigen Sie, dass Sie vollj\u00e4hrig sind.<\/p><p><strong>5. Preise<br \/><\/strong>Alle Preise verstehen sich pro Artikel in Schweizer Franken, einschliesslich der gesetzlichen Mehrwertsteuer. Preis\u00e4nderungen sowie zeitlich begrenzte Aktionen sind jederzeit m\u00f6glich und bed\u00fcrfen keiner Ank\u00fcndigung.<\/p><p><strong>6. Zahlungs- und Lieferbedingungen<br \/><\/strong>Bei einer Bestellung senden wir gegen Rechnung, zahlbar innert 14 Tagen netto. Wir behalten uns vor, bei Neukunden und bei Bestellungen \u00fcber CHF. 300.00, eine Vorauszahlung zu verlangen.<\/p><p>Die Lieferkosten entnehmen Sie unter der Rubrik Lieferbedingungen.<\/p><p><strong>7. Verf\u00fcgbarkeit<br \/><\/strong>Unser Sortiment unterliegt einem steten Wandel, wir garantieren keine l\u00fcckenlose verf\u00fcgbarkeit des Angebots auf www.hundertweinhaus.com. Ist ein bestimmter Wein vom entsprechenden Jahrgang nicht verf\u00fcgbar, werden wir uns mit Ihnen Verbindung setzen.<\/p><p><strong>8. Umtausch\/R\u00fccknahme<br \/><\/strong>Ihre Bestellung auf www.hundertweinhaus.com ist verbindlich. Grunds\u00e4tzlich k\u00f6nnen bestellte Weine weder umgetauscht noch zuruckgenommen werden. Ausgenommen davon sind Lieferungen, welche w\u00e4hrend des Transports besch\u00e4digt wurden sowie Fehllieferungen. Wir bitten Sie, die Lieferung nach Erhalt auf Richtigkeit und Unversehrtheit zu pr\u00fcfen und allf\u00e4llige Beanstandungen umgehend an uns weiterzuleiten. 5 Tage nach Erhalt der Lieferung gilt diese als genehmigt. Weine mit \u00abZapfengeschmack\u00bb werden verg\u00fctet, sofern der Fehler feststellbar und die Flasche zu mindestens 75 Prozent gef\u00fcllt ist. Davon ausgeschlossen sind Weine, die das empfohlene Genussalter \u00fcberschritten haben.<\/p><p><strong>9. Inhalte verlinkter Seiten<br \/><\/strong>Alle Internetseiten, welche mit www.hundertweinhaus.com verlinkt sind , wurden vor der Verkettung auf Inhalt und Form \u00fcberpr\u00fcft. Obwohl wir die vernetzten Seiten regelm\u00e4ssig aufrufen, k\u00f6nnen wir nicht ausschliessen, dass Inhalte publiziert werden, welche nicht im direkten Zusammenhang mit unserem Sortiment stehen. In diesem Fall sind wir Ihnen dankbar um eine Mitteilung an den Webmaster. Wir distanzieren uns ausdr\u00fccklich von allen missbr\u00e4uchlichen Inhalten und \u00fcbernehmen keine Verantwortung f\u00fcr die Zweckm\u00e4ssigkeit und die Inhalte verlinkter Seiten.<\/p><p><strong>10. Gerichtsstand<br \/><\/strong>\u00a0Unsere Gesch\u00e4ftst\u00e4tigkeit basiert auf Schweizerischem Recht. Gerichtsstand ist Balsthal.<\/p><p>Stand 09. M\u00e4rz 2017, Hundertweinhaus<\/p><p>Diese AGB k\u00f6nnen jederzeit und ohne Vorank\u00fcndigung ge\u00e4ndert werden.<br \/>[gzd_complaints]<\/p>","_et_gb_content_width":""},"_links":{"self":[{"href":"https:\/\/hundertweinhaus.com\/index.php?rest_route=\/wp\/v2\/pages\/784"}],"collection":[{"href":"https:\/\/hundertweinhaus.com\/index.php?rest_route=\/wp\/v2\/pages"}],"about":[{"href":"https:\/\/hundertweinhaus.com\/index.php?rest_route=\/wp\/v2\/types\/page"}],"author":[{"embeddable":true,"href":"https:\/\/hundertweinhaus.com\/index.php?rest_route=\/wp\/v2\/users\/1"}],"replies":[{"embeddable":true,"href":"https:\/\/hundertweinhaus.com\/index.php?rest_route=%2Fwp%2Fv2%2Fcomments&post=784"}],"version-history":[{"count":9,"href":"https:\/\/hundertweinhaus.com\/index.php?rest_route=\/wp\/v2\/pages\/784\/revisions"}],"predecessor-version":[{"id":3520,"href":"https:\/\/hundertweinhaus.com\/index.php?rest_route=\/wp\/v2\/pages\/784\/revisions\/3520"}],"wp:attachment":[{"href":"https:\/\/hundertweinhaus.com\/index.php?rest_route=%2Fwp%2Fv2%2Fmedia&parent=784"}],"curies":[{"name":"wp","href":"https:\/\/api.w.org\/{rel}","templated":true}]}}