{"id":825,"date":"2017-06-29T20:36:02","date_gmt":"2017-06-29T19:36:02","guid":{"rendered":"http:\/\/hundertweinhaus.fodof.eu\/?page_id=825"},"modified":"2019-06-27T19:36:44","modified_gmt":"2019-06-27T18:36:44","slug":"tokaj","status":"publish","type":"page","link":"https:\/\/hundertweinhaus.com\/?page_id=825","title":{"rendered":"Tokaj"},"content":{"rendered":"<p>[et_pb_section fb_built=&#8221;1&#8243; admin_label=&#8221;section&#8221; _builder_version=&#8221;3.22.3&#8243;][et_pb_row custom_padding=&#8221;88px|0px|110px|0px&#8221; _builder_version=&#8221;3.25&#8243; background_size=&#8221;initial&#8221; background_position=&#8221;top_left&#8221; background_repeat=&#8221;repeat&#8221;][et_pb_column type=&#8221;4_4&#8243; _builder_version=&#8221;3.25&#8243; custom_padding=&#8221;|||&#8221; custom_padding__hover=&#8221;|||&#8221;][et_pb_text _builder_version=&#8221;3.0.74&#8243; text_font=&#8221;Raleway Light||||&#8221; text_text_color=&#8221;#952742&#8243; text_font_size=&#8221;66px&#8221; header_font_size=&#8221;76px&#8221; background_size=&#8221;initial&#8221; background_position=&#8221;top_left&#8221; background_repeat=&#8221;repeat&#8221; text_orientation=&#8221;center&#8221; module_alignment=&#8221;center&#8221;]<\/p>\n<p class=\"\" style=\"text-align: center;\">TOKAJ<\/p>\n<p>[\/et_pb_text][\/et_pb_column][\/et_pb_row][et_pb_row _builder_version=&#8221;3.25&#8243; background_size=&#8221;initial&#8221; background_position=&#8221;top_left&#8221; background_repeat=&#8221;repeat&#8221; column_structure=&#8221;1_3,1_3,1_3&#8243;][et_pb_column type=&#8221;1_3&#8243; _builder_version=&#8221;3.25&#8243; custom_padding=&#8221;|||&#8221; custom_padding__hover=&#8221;|||&#8221;][et_pb_circle_counter title=&#8221;GESAMTFL\u00c4CHE DER WEINGEGEND IN HA&#8221; number=&#8221;11149HA&#8221; percent_sign=&#8221;off&#8221; bar_bg_color=&#8221;#952742&#8243; circle_color=&#8221;#F6ECDF&#8221; circle_color_alpha=&#8221;0.9&#8243; _builder_version=&#8221;3.0.47&#8243; title_font=&#8221;||||&#8221; title_text_color=&#8221;#952742&#8243; title_font_size=&#8221;19px&#8221; number_font=&#8221;Open Sans Light||||&#8221; number_text_color=&#8221;#952742&#8243;][\/et_pb_circle_counter][\/et_pb_column][et_pb_column type=&#8221;1_3&#8243; _builder_version=&#8221;3.25&#8243; custom_padding=&#8221;|||&#8221; custom_padding__hover=&#8221;|||&#8221;][et_pb_circle_counter title=&#8221;NACH DER ERFASSUNG DER BERGSIEDLUNG&#8221; number=&#8221;5500 HA&#8221; percent_sign=&#8221;off&#8221; bar_bg_color=&#8221;#952742&#8243; circle_color=&#8221;#F6ECDF&#8221; circle_color_alpha=&#8221;0.9&#8243; _builder_version=&#8221;3.0.47&#8243; title_font=&#8221;||||&#8221; title_text_color=&#8221;#952742&#8243; title_font_size=&#8221;19px&#8221; number_font=&#8221;Open Sans Light||||&#8221; number_text_color=&#8221;#952742&#8243;][\/et_pb_circle_counter][\/et_pb_column][et_pb_column type=&#8221;1_3&#8243; _builder_version=&#8221;3.25&#8243; custom_padding=&#8221;|||&#8221; custom_padding__hover=&#8221;|||&#8221;][et_pb_circle_counter title=&#8221;ANZAHL DER ZUR WEINGEGEND GEH\u00d6RENDEN GEMEINDEN&#8221; number=&#8221;27&#8243; percent_sign=&#8221;off&#8221; bar_bg_color=&#8221;#952742&#8243; circle_color=&#8221;#F6ECDF&#8221; circle_color_alpha=&#8221;0.9&#8243; _builder_version=&#8221;3.0.47&#8243; title_font=&#8221;||||&#8221; title_text_color=&#8221;#952742&#8243; title_font_size=&#8221;19px&#8221; number_font=&#8221;Open Sans Light||||&#8221; number_text_color=&#8221;#952742&#8243;][\/et_pb_circle_counter][\/et_pb_column][\/et_pb_row][et_pb_row admin_label=&#8221;row&#8221; _builder_version=&#8221;3.25&#8243; background_size=&#8221;initial&#8221; background_position=&#8221;top_left&#8221; background_repeat=&#8221;repeat&#8221;][et_pb_column type=&#8221;4_4&#8243; _builder_version=&#8221;3.25&#8243; custom_padding=&#8221;|||&#8221; custom_padding__hover=&#8221;|||&#8221;][et_pb_divider color=&#8221;#952742&#8243; divider_position=&#8221;center&#8221; disabled_on=&#8221;on|on|off&#8221; _builder_version=&#8221;3.2&#8243;][\/et_pb_divider][\/et_pb_column][\/et_pb_row][et_pb_row _builder_version=&#8221;3.25&#8243; background_size=&#8221;initial&#8221; background_position=&#8221;top_left&#8221; background_repeat=&#8221;repeat&#8221; column_structure=&#8221;1_2,1_2&#8243;][et_pb_column type=&#8221;1_2&#8243; _builder_version=&#8221;3.25&#8243; custom_padding=&#8221;|||&#8221; custom_padding__hover=&#8221;|||&#8221;][et_pb_text _builder_version=&#8221;3.0.74&#8243; text_text_color=&#8221;#701a37&#8243; header_text_color=&#8221;#952742&#8243; header_font_size=&#8221;26px&#8221; header_line_height=&#8221;1.6em&#8221; background_color=&#8221;rgba(204,204,204,0)&#8221; background_size=&#8221;initial&#8221; background_position=&#8221;top_left&#8221; background_repeat=&#8221;repeat&#8221;]<\/p>\n<h1 style=\"text-align: justify;\">Geographische Lage<\/h1>\n<p style=\"text-align: justify;\">Die einzigartigen Weinbaugegebenheiten, die mehrere Jahrhunderte alte Kulturschaffungsf\u00e4higkeit und den Kulturwert des Tokajer Weingebietes hat das Komitee von UNESCO f\u00fcr Weltkulturerbe im Jahre 2002 mit der Auszeichnung f\u00fcr Weltkulturerbe anerkannt, deren Natur- und Humanressourcengrundlagen nachfolgend sind: &#8211; das Klima, das Mikroklima der Region, welches die Fl\u00fcsse (Bodrog, Theiss) der Region bzw. die auf deren Spuren entstehenden w\u00e4ssrigen, sumpfigen Gebiete bedeutend beeinflussen; bez\u00fcglich des Mikroklimas ist die regelm\u00e4ssige Ausgestaltung der die Asz\u00fabildung f\u00f6rdernden Wetterbedingungen im Herbst ausserordentlich wichtig &#8211; das Relief des Weingebietes ist klimatisch am s\u00fcdlichen, s\u00fcd\u00f6stlichen Rand des Zempl\u00e9n Gebirges gesch\u00fctzt; die sehr abwechslungsreiche, vulkanische Gestein- und Bodenzusammensetzung der hier befindlichen Standorte und Geh\u00e4nge. Die H\u00f6he \u00fc.d.M. der Plantagen erreicht 100-300 m.<\/p>\n<p>[\/et_pb_text][\/et_pb_column][et_pb_column type=&#8221;1_2&#8243; _builder_version=&#8221;3.25&#8243; custom_padding=&#8221;|||&#8221; custom_padding__hover=&#8221;|||&#8221;][et_pb_image src=&#8221;\/wp-content\/uploads\/2017\/03\/Tokaj.png&#8221; align=&#8221;center&#8221; align_tablet=&#8221;center&#8221; align_last_edited=&#8221;on|desktop&#8221; _builder_version=&#8221;3.23&#8243; animation_style=&#8221;slide&#8221; animation_direction=&#8221;bottom&#8221; animation_duration=&#8221;500ms&#8221; animation_intensity_slide=&#8221;10%&#8221; border_style=&#8221;solid&#8221; animation=&#8221;bottom&#8221; sticky=&#8221;off&#8221; always_center_on_mobile=&#8221;on&#8221;][\/et_pb_image][\/et_pb_column][\/et_pb_row][et_pb_row custom_margin=&#8221;|||&#8221; _builder_version=&#8221;3.25&#8243; background_color=&#8221;rgba(246,236,223,0)&#8221; background_size=&#8221;initial&#8221; background_position=&#8221;top_left&#8221; background_repeat=&#8221;repeat&#8221; column_structure=&#8221;1_3,1_3,1_3&#8243;][et_pb_column type=&#8221;1_3&#8243; _builder_version=&#8221;3.25&#8243; custom_padding=&#8221;|||&#8221; custom_padding__hover=&#8221;|||&#8221;][et_pb_number_counter title=&#8221;NIEDERSCHLAGSMENGE IN MM&#8221; number=&#8221;525&#8243; percent_sign=&#8221;off&#8221; _builder_version=&#8221;3.0.47&#8243; title_text_color=&#8221;#952742&#8243; number_font=&#8221;Open Sans Light||||&#8221; number_text_color=&#8221;#952742&#8243; background_size=&#8221;initial&#8221; background_position=&#8221;top_left&#8221; background_repeat=&#8221;repeat&#8221;][\/et_pb_number_counter][\/et_pb_column][et_pb_column type=&#8221;1_3&#8243; _builder_version=&#8221;3.25&#8243; custom_padding=&#8221;|||&#8221; custom_padding__hover=&#8221;|||&#8221;][et_pb_number_counter title=&#8221;SONNENSTUNDEN IN JAHR\/STUNDEN&#8221; number=&#8221;1500&#8243; percent_sign=&#8221;off&#8221; _builder_version=&#8221;3.0.47&#8243; title_text_color=&#8221;#952742&#8243; number_font=&#8221;Open Sans Light||||&#8221; number_text_color=&#8221;#952742&#8243; background_size=&#8221;initial&#8221; background_position=&#8221;top_left&#8221; background_repeat=&#8221;repeat&#8221;][\/et_pb_number_counter][\/et_pb_column][et_pb_column type=&#8221;1_3&#8243; _builder_version=&#8221;3.25&#8243; custom_padding=&#8221;|||&#8221; custom_padding__hover=&#8221;|||&#8221;][et_pb_number_counter title=&#8221;JAHRESMITTELTEMPERATUR IN \u00b0C&#8221; number=&#8221;10.3&#8243; percent_sign=&#8221;off&#8221; _builder_version=&#8221;3.0.47&#8243; title_text_color=&#8221;#952742&#8243; number_font=&#8221;Open Sans Light||||&#8221; number_text_color=&#8221;#952742&#8243; background_size=&#8221;initial&#8221; background_position=&#8221;top_left&#8221; background_repeat=&#8221;repeat&#8221;][\/et_pb_number_counter][\/et_pb_column][\/et_pb_row][et_pb_row custom_padding=&#8221;27px|0px|27px|0px&#8221; _builder_version=&#8221;3.25&#8243; background_size=&#8221;initial&#8221; background_position=&#8221;top_left&#8221; background_repeat=&#8221;repeat&#8221;][et_pb_column type=&#8221;4_4&#8243; _builder_version=&#8221;3.25&#8243; custom_padding=&#8221;|||&#8221; custom_padding__hover=&#8221;|||&#8221;][et_pb_text _builder_version=&#8221;3.0.74&#8243; text_text_color=&#8221;#701a37&#8243; header_text_color=&#8221;#952742&#8243; header_font_size=&#8221;26px&#8221; header_line_height=&#8221;1.6em&#8221; background_color=&#8221;rgba(204,204,204,0)&#8221; background_size=&#8221;initial&#8221; background_position=&#8221;top_left&#8221; background_repeat=&#8221;repeat&#8221;]<\/p>\n<p style=\"font-size: 22px; line-height: normal; font-family: 'Open Sans'; -webkit-text-stroke-width: initial; background-color: #ffffff;\"><span style=\"font-kerning: none;\">Klima<\/span><\/p>\n<p class=\"\" style=\"font-size: 14px; line-height: normal; font-family: 'Open Sans'; -webkit-text-stroke-width: initial; background-color: #ffffff; text-align: justify;\"><span style=\"font-size: 14px; text-align: left;\"><span style=\"font-family: Arial;\">Tokaj verf\u00fcgt \u00fcber ein auf der Welt einzigartiges Mikroklima, was besonders\u00a0g\u00fcnsitg f\u00fcr die Asz\u00fabildung ist und dadurch hat hier die Herstellung der nat\u00fcrlichen s\u00fcssen Weine sowie der trockenen Weissweine von hoher Qualit\u00e4t eine ins XVI. Jahrhundert zur\u00fcckreichende Tradition. Der Anfang von den Monaten August und September ist im allgemeinen noch trockener, als die Weintrauben sukzessiv in die Phase der vollst\u00e4ndigen Reife tritt, dann auf die Wirkung der \u00dcberreifung beginnt die Haut der Beeren zu runzlen. Danach kommt regelm\u00e4ssig ein niederschlagreiches Wetter, was f\u00fcr die zur Asz\u00fabildung n\u00f6tige Infektion Botrytis cinerea g\u00fcnstig ist.<br \/>\nDie Anzahl der Sonnenstunden erreicht in der Vegetationszeit 1400 bis 1500 Stunden, die j\u00e4hrliche Niederschlagsmenge liegt bei 525 mm. Tokaj-Hegyalja ist eine der Weingegenden der Welt, in der die g\u00fcnstige Wirkung von Botrytis cinerea geltend wird, was von unseren Vorg\u00e4ngern Edelf\u00e4ule genannt wurde. W\u00e4hrend der Edelf\u00e4ule startet das Botrytis cinerea nach Vermehrung auf den reifen Trauben einen ganz bersonderen \u00dcberreifungsprozess. Von der Edelf\u00e4ule verlieren die Beeren den bedeutenden Anteil ihres Wassergehaltes und erreichen eine hohe Zuckerkonzentration (55-65 %), bis die Erh\u00f6hung des S\u00e4urengehaltes niedriger ist, da die Edelf\u00e4ule eine nat\u00fcrliche S\u00e4urenverminderung verursacht. Gleichtzeitig reicht aber die Edelf\u00e4ule, das Botrytis den Wein in seinem Aromencharakter, wobei honige, frische und an ged\u00f6rrte Fr\u00fcchte (Linde, Akazie, Aprikose und Quitte) erinnernde Dufte aus den von Edelf\u00e4ule betroffenen Weintrauben in den Tokajer Weinen entstehen.<\/span><\/span><\/p>\n<p>[\/et_pb_text][\/et_pb_column][\/et_pb_row][et_pb_row _builder_version=&#8221;3.25&#8243; background_size=&#8221;initial&#8221; background_position=&#8221;top_left&#8221; background_repeat=&#8221;repeat&#8221; column_structure=&#8221;1_2,1_2&#8243;][et_pb_column type=&#8221;1_2&#8243; _builder_version=&#8221;3.25&#8243; custom_padding=&#8221;|||&#8221; custom_padding__hover=&#8221;|||&#8221;][et_pb_text _builder_version=&#8221;3.0.74&#8243; text_text_color=&#8221;#701a37&#8243; header_text_color=&#8221;#952742&#8243; header_font_size=&#8221;26px&#8221; header_line_height=&#8221;1.6em&#8221; background_color=&#8221;rgba(204,204,204,0)&#8221; background_size=&#8221;initial&#8221; background_position=&#8221;top_left&#8221; background_repeat=&#8221;repeat&#8221;]<\/p>\n<p style=\"text-align: justify; font-size: 22px; line-height: normal; font-family: 'Open Sans'; color: #333333; -webkit-text-stroke-color: #333333; -webkit-text-stroke-width: initial; background-color: #ffffff;\"><span style=\"font-kerning: none;\">Boden<\/span><\/p>\n<p>F\u00fcr einen wichtigen Faktor gilt auch die Wirkung des Grundgesteines und des Bodens in der Qualit\u00e4t der Tokajer Weinspezialit\u00e4ten und Weine. Das Ergebnis der Vielf\u00e4ltigkeit des vulkanischen Gesteines des Zemplener Gebirges und deer Decktuffe ist diese geologisch aussserordentlich abwechsungsreiche Anbaufl\u00e4che. An einigen Stellen sind sogar drei verschiedene Sorten von Tuffgrus zu finden, plus die Tiefe der Bodenschicht beeinflusst auch die Lebensbedingungen der Weintraube. Die br\u00fchmtesten geschichtlichen Geh\u00e4nge des Tokajer Weingebietes liegen im allgemeinen h\u00f6her, sie enthalten Tuffgrus und sonstige Gesch\u00fctte auch.<br \/>\nHier sind die Boden durch die Zersetzung der Mineralien noch reicher an Kalium, Magnesium und vielen sonstigen Suprenelementen. Etwa 5 % der Gegend &#8211; z.B. die Umgebung von Tarcal, Tokaj &#8211; ist vom L\u00f6ss bedeckt, welcher sich schneller aufw\u00e4rmt und so f\u00e4ngt auch die Vegetationsperiode fr\u00fcher an. Diese Gegebenheiten sind neben anderem gr\u00f6ssen Weingegenden der Welt f\u00fcr die Heinherstellung ausgezeichnet geeignet, selketiert je Geh\u00e4nge auch. Die Bodenverh\u00e4ltnisse haben bei zahlreichen Posten eine direkte Wirkung auf die Weinqualit\u00e4t durch die im Wein erschinenden Mineraliengeschm\u00e4cke.<\/p>\n<p>[\/et_pb_text][\/et_pb_column][et_pb_column type=&#8221;1_2&#8243; _builder_version=&#8221;3.25&#8243; custom_padding=&#8221;|||&#8221; custom_padding__hover=&#8221;|||&#8221;][et_pb_image src=&#8221;\/wp-content\/uploads\/2017\/03\/h\u00e9tszolo.png&#8221; align=&#8221;center&#8221; align_tablet=&#8221;center&#8221; align_last_edited=&#8221;on|desktop&#8221; _builder_version=&#8221;3.23&#8243; border_style=&#8221;solid&#8221; animation=&#8221;off&#8221; sticky=&#8221;off&#8221; always_center_on_mobile=&#8221;on&#8221;][\/et_pb_image][\/et_pb_column][\/et_pb_row][et_pb_row custom_padding=&#8221;27px|0px|27px|0px&#8221; _builder_version=&#8221;3.25&#8243; background_size=&#8221;initial&#8221; background_position=&#8221;top_left&#8221; background_repeat=&#8221;repeat&#8221;][et_pb_column type=&#8221;4_4&#8243; _builder_version=&#8221;3.25&#8243; custom_padding=&#8221;|||&#8221; custom_padding__hover=&#8221;|||&#8221;][et_pb_text _builder_version=&#8221;3.0.74&#8243; text_text_color=&#8221;#701a37&#8243; header_text_color=&#8221;#952742&#8243; header_font_size=&#8221;26px&#8221; header_line_height=&#8221;1.6em&#8221; background_color=&#8221;rgba(204,204,204,0)&#8221; background_size=&#8221;initial&#8221; background_position=&#8221;top_left&#8221; background_repeat=&#8221;repeat&#8221;]<\/p>\n<p style=\"text-align: justify; font-size: 22px; line-height: normal; font-family: 'Open Sans'; color: #333333; -webkit-text-stroke-color: #333333; -webkit-text-stroke-width: initial; background-color: #ffffff;\"><span style=\"font-kerning: none;\">Gez\u00fcchtete Rebsorten<\/span><\/p>\n<p style=\"text-align: justify; font-size: 14px; line-height: normal; font-family: 'Open Sans'; color: #666666; -webkit-text-stroke-color: #666666; -webkit-text-stroke-width: initial; background-color: #ffffff;\"><span style=\"font-kerning: none;\">Weiss: Furmint, H\u00e1rslevel\u00fc (Lindenbl\u00e4ttriger), K\u00f6versz\u00f6l\u00f6 (Dicke Traube), Goher, Saraga muskotaly (Gelber Muskateller) und Zeta<\/span><\/p>\n<p>[\/et_pb_text][\/et_pb_column][\/et_pb_row][et_pb_row custom_padding=&#8221;27px|0px|27px|0px&#8221; _builder_version=&#8221;3.25&#8243; background_size=&#8221;initial&#8221; background_position=&#8221;top_left&#8221; background_repeat=&#8221;repeat&#8221;][et_pb_column type=&#8221;4_4&#8243; _builder_version=&#8221;3.25&#8243; custom_padding=&#8221;|||&#8221; custom_padding__hover=&#8221;|||&#8221;][et_pb_text _builder_version=&#8221;3.0.74&#8243; text_text_color=&#8221;#701a37&#8243; header_text_color=&#8221;#952742&#8243; header_font_size=&#8221;26px&#8221; header_line_height=&#8221;1.6em&#8221; background_color=&#8221;rgba(204,204,204,0)&#8221; background_size=&#8221;initial&#8221; background_position=&#8221;top_left&#8221; background_repeat=&#8221;repeat&#8221;]<\/p>\n<p style=\"text-align: justify; font-size: 22px; line-height: normal; font-family: 'Open Sans'; color: #333333; -webkit-text-stroke-color: #333333; -webkit-text-stroke-width: initial; background-color: #ffffff;\"><span style=\"font-kerning: none;\">Das feinste Sortiment<\/span><\/p>\n<p>[\/et_pb_text][et_pb_shop posts_number=&#8221;4&#8243; orderby=&#8221;menu_order&#8221; _builder_version=&#8221;3.25.3&#8243; title_font_size=&#8221;19&#8243; price_font_size=&#8221;16&#8243;][\/et_pb_shop][\/et_pb_column][\/et_pb_row][\/et_pb_section]<\/p>\n","protected":false},"excerpt":{"rendered":"<p>TOKAJ Geographische Lage Die einzigartigen Weinbaugegebenheiten, die mehrere Jahrhunderte alte Kulturschaffungsf\u00e4higkeit und den Kulturwert des Tokajer Weingebietes hat das Komitee von UNESCO f\u00fcr Weltkulturerbe im Jahre 2002 mit der Auszeichnung f\u00fcr Weltkulturerbe anerkannt, deren Natur- und Humanressourcengrundlagen nachfolgend sind: &#8211; das Klima, das Mikroklima der Region, welches die Fl\u00fcsse (Bodrog, Theiss) der Region bzw. die [&hellip;]<\/p>\n","protected":false},"author":1,"featured_media":0,"parent":0,"menu_order":0,"comment_status":"closed","ping_status":"closed","template":"","meta":{"_et_pb_use_builder":"on","_et_pb_old_content":"This is an example page. It's different from a blog post because it will stay in one place and will show up in your site navigation (in most themes). Most people start with an About page that introduces them to potential site visitors. It might say something like this:\r\n\r\n<blockquote>Hi there! I'm a bike messenger by day, aspiring actor by night, and this is my website. I live in Los Angeles, have a great dog named Jack, and I like pi\u00f1a coladas. (And gettin' caught in the rain.)<\/blockquote>\r\n\r\n...or something like this:\r\n\r\n<blockquote>The XYZ Doohickey Company was founded in 1971, and has been providing quality doohickeys to the public ever since. Located in Gotham City, XYZ employs over 2,000 people and does all kinds of awesome things for the Gotham community.<\/blockquote>\r\n\r\nAs a new WordPress user, you should go to <a href=\"http:\/\/hundertweinhaus.fodof.eu\/wp-admin\/\">your dashboard<\/a> to delete this page and create new pages for your content. Have fun!","_et_gb_content_width":""},"_links":{"self":[{"href":"https:\/\/hundertweinhaus.com\/index.php?rest_route=\/wp\/v2\/pages\/825"}],"collection":[{"href":"https:\/\/hundertweinhaus.com\/index.php?rest_route=\/wp\/v2\/pages"}],"about":[{"href":"https:\/\/hundertweinhaus.com\/index.php?rest_route=\/wp\/v2\/types\/page"}],"author":[{"embeddable":true,"href":"https:\/\/hundertweinhaus.com\/index.php?rest_route=\/wp\/v2\/users\/1"}],"replies":[{"embeddable":true,"href":"https:\/\/hundertweinhaus.com\/index.php?rest_route=%2Fwp%2Fv2%2Fcomments&post=825"}],"version-history":[{"count":15,"href":"https:\/\/hundertweinhaus.com\/index.php?rest_route=\/wp\/v2\/pages\/825\/revisions"}],"predecessor-version":[{"id":3636,"href":"https:\/\/hundertweinhaus.com\/index.php?rest_route=\/wp\/v2\/pages\/825\/revisions\/3636"}],"wp:attachment":[{"href":"https:\/\/hundertweinhaus.com\/index.php?rest_route=%2Fwp%2Fv2%2Fmedia&parent=825"}],"curies":[{"name":"wp","href":"https:\/\/api.w.org\/{rel}","templated":true}]}}