{"id":1225,"date":"2017-07-12T19:46:33","date_gmt":"2017-07-12T18:46:33","guid":{"rendered":"http:\/\/hundertweinhaus.fodof.eu\/?post_type=product&#038;p=1225"},"modified":"2026-04-20T09:08:04","modified_gmt":"2026-04-20T07:08:04","slug":"toerley-charmant-doux-2","status":"publish","type":"product","link":"https:\/\/hundertweinhaus.com\/?product=toerley-charmant-doux-2","title":{"rendered":"Hungaria Extra Dry"},"content":{"rendered":"<p>Rebsorten: Gr\u00fcner Veltliner, Kir\u00e1lyle\u00e1nka, Chardonnay<\/p>\n<p>Alkoholgehalt: 11.5 %<\/p>\n<p>Zuckergehalt: 14 g\/l<\/p>\n<p>S\u00e4uregehalt: 5,4 g\/l<\/p>\n<p>Speiseempfehlung: zu Aperitif, frische Salate, gegrillten Garnellen<\/p>\n<p>Empfohlene Trinktemperatur: 6-8 \u00b0 C<\/p>\n<p><img decoding=\"async\" loading=\"lazy\" class=\"alignnone wp-image-902\" src=\"http:\/\/hundertweinhaus.fodof.eu\/wp-content\/uploads\/2017\/04\/Rajzt\u00e1bla-4-m\u00e1solat-9-300x300.jpg\" alt=\"\" width=\"99\" height=\"99\" srcset=\"https:\/\/hundertweinhaus.com\/wp-content\/uploads\/2017\/04\/Rajzt\u00e1bla-4-m\u00e1solat-9-300x300.jpg 300w, https:\/\/hundertweinhaus.com\/wp-content\/uploads\/2017\/04\/Rajzt\u00e1bla-4-m\u00e1solat-9-400x400.jpg 400w, https:\/\/hundertweinhaus.com\/wp-content\/uploads\/2017\/04\/Rajzt\u00e1bla-4-m\u00e1solat-9-100x100.jpg 100w, https:\/\/hundertweinhaus.com\/wp-content\/uploads\/2017\/04\/Rajzt\u00e1bla-4-m\u00e1solat-9-150x150.jpg 150w, https:\/\/hundertweinhaus.com\/wp-content\/uploads\/2017\/04\/Rajzt\u00e1bla-4-m\u00e1solat-9.jpg 500w\" sizes=\"(max-width: 99px) 100vw, 99px\" \/><\/p>\n","protected":false},"excerpt":{"rendered":"<div class=\"page\" title=\"Page 7\">\n<div class=\"layoutArea\">\n<div class=\"column\">\n<p>Helle strohgelbe Farbe mit gru\u0308nen Reflexen, winzigen Bla\u0308schen. Frischer, fruchtiger \u2013 hauptsa\u0308chlich Apfel \u2013 Duft, verfeinert mit Aromen aus der Flaschenga\u0308rung. Er zeichnet sich durch cremige Textur, reife Fru\u0308chte und einen mittellangen Nachgeschmack aus.<\/p>\n<\/div>\n<\/div>\n<\/div>\n","protected":false},"featured_media":4446,"comment_status":"open","ping_status":"closed","template":"","meta":{"_et_pb_use_builder":"","_et_pb_old_content":"","_et_gb_content_width":""},"_links":{"self":[{"href":"https:\/\/hundertweinhaus.com\/index.php?rest_route=\/wp\/v2\/product\/1225"}],"collection":[{"href":"https:\/\/hundertweinhaus.com\/index.php?rest_route=\/wp\/v2\/product"}],"about":[{"href":"https:\/\/hundertweinhaus.com\/index.php?rest_route=\/wp\/v2\/types\/product"}],"replies":[{"embeddable":true,"href":"https:\/\/hundertweinhaus.com\/index.php?rest_route=%2Fwp%2Fv2%2Fcomments&post=1225"}],"wp:featuredmedia":[{"embeddable":true,"href":"https:\/\/hundertweinhaus.com\/index.php?rest_route=\/wp\/v2\/media\/4446"}],"wp:attachment":[{"href":"https:\/\/hundertweinhaus.com\/index.php?rest_route=%2Fwp%2Fv2%2Fmedia&parent=1225"}],"curies":[{"name":"wp","href":"https:\/\/api.w.org\/{rel}","templated":true}]}}