{"id":248,"date":"2017-02-16T06:05:26","date_gmt":"2017-02-16T05:05:26","guid":{"rendered":"http:\/\/hundertweinhaus.fodof.eu\/?post_type=product&#038;p=248"},"modified":"2026-04-12T10:36:09","modified_gmt":"2026-04-12T08:36:09","slug":"thummerer-vili-papa-cuvee-2006","status":"publish","type":"product","link":"https:\/\/hundertweinhaus.com\/?product=thummerer-vili-papa-cuvee-2006","title":{"rendered":"Thummerer Vili Papa Cuv\u00e9e 2011, PDO Eger"},"content":{"rendered":"<p>Rebsorten: Cabernet Franc, Merlot, Cabernet Sauvignon<\/p>\n<p>Alkoholgehalt: 14,5 % Vol.<\/p>\n<p>Zuckergehalt: 2,0 g\/l<\/p>\n<p>S\u00e4ure: 5,1 g\/l<\/p>\n<p>Flaschengr\u00f6sse: 75 cl<\/p>\n<p>Speiseempfehlung: zu besonderen Momenten und Anl\u00e4ssen<\/p>\n<p>Empfohlene Trinktemperatur: 18-20\u00b0 C<\/p>\n<p>Trinkreife: bis 2031<\/p>\n","protected":false},"excerpt":{"rendered":"<p>&#8220;Vili Papa&#8221; Cuv\u00e9e wird ausschliesslich in den hervorragendsten Jahrg\u00e4ngen, von den besten Fluren und mit strenger Ertragsbeschr\u00e4nkung hergestellt. Die perfekte Assemblage von Merlot, Cabernet Franc und Cabernet Sauvignon bildet eine v\u00f6llige Harmonie unter dentypischen Noten der drei Rebsorten. Eine extraordentlich dunkle Farbe, ein intensiver Duft und ein unnachahmlicher Geschmack charakterisieren diesen einzigartigen Wein. Die feinen Tannine spielen minutenlang im Nachgeschmack mit den komplexen Frucht- und Gew\u00fcrznoten. Diese Weinspezialt\u00e4t kann dank ihres vollmundigen K\u00f6rpers und ihrer enormen Konzentration \u00fcber 20 Jahren gelagert werden.<\/p>\n","protected":false},"featured_media":3723,"comment_status":"open","ping_status":"closed","template":"","meta":{"_et_pb_use_builder":"","_et_pb_old_content":"","_et_gb_content_width":""},"_links":{"self":[{"href":"https:\/\/hundertweinhaus.com\/index.php?rest_route=\/wp\/v2\/product\/248"}],"collection":[{"href":"https:\/\/hundertweinhaus.com\/index.php?rest_route=\/wp\/v2\/product"}],"about":[{"href":"https:\/\/hundertweinhaus.com\/index.php?rest_route=\/wp\/v2\/types\/product"}],"replies":[{"embeddable":true,"href":"https:\/\/hundertweinhaus.com\/index.php?rest_route=%2Fwp%2Fv2%2Fcomments&post=248"}],"wp:featuredmedia":[{"embeddable":true,"href":"https:\/\/hundertweinhaus.com\/index.php?rest_route=\/wp\/v2\/media\/3723"}],"wp:attachment":[{"href":"https:\/\/hundertweinhaus.com\/index.php?rest_route=%2Fwp%2Fv2%2Fmedia&parent=248"}],"curies":[{"name":"wp","href":"https:\/\/api.w.org\/{rel}","templated":true}]}}