{"id":3578,"date":"2019-03-24T20:08:55","date_gmt":"2019-03-24T19:08:55","guid":{"rendered":"https:\/\/hundertweinhaus.com\/?post_type=product&#038;p=3578"},"modified":"2025-02-15T19:05:28","modified_gmt":"2025-02-15T18:05:28","slug":"tornai-premium-harsleveue-2015-somlo-pdo","status":"publish","type":"product","link":"https:\/\/hundertweinhaus.com\/?product=tornai-premium-harsleveue-2015-somlo-pdo","title":{"rendered":"Tornai Pr\u00e9mium H\u00e1rslevel\u00fc 2015, PDO Soml\u00f3"},"content":{"rendered":"<p>Rebsorte: H\u00e1rslevel\u00fc<\/p>\n<p>Alkoholgehalt: 11,5 % Vol.<\/p>\n<p>Flaschengr\u00f6sse: 75 cl<\/p>\n<p>Speiseempfehlung: w\u00fcrzige Braten und asiatische K\u00fcche k\u00f6nnen eine tolle Begleitung sein<\/p>\n<p>Empfohlene Trinktemperatur: 12 &#8211; 14 \u00b0 C<\/p>\n<p>Trinkreife bis 2022<\/p>\n<p><img decoding=\"async\" loading=\"lazy\" class=\"alignnone size-full wp-image-3487\" src=\"https:\/\/hundertweinhaus.com\/wp-content\/uploads\/2019\/01\/schwein-200.jpg\" alt=\"\" width=\"200\" height=\"200\" srcset=\"https:\/\/hundertweinhaus.com\/wp-content\/uploads\/2019\/01\/schwein-200.jpg 200w, https:\/\/hundertweinhaus.com\/wp-content\/uploads\/2019\/01\/schwein-200-150x150.jpg 150w, https:\/\/hundertweinhaus.com\/wp-content\/uploads\/2019\/01\/schwein-200-100x100.jpg 100w\" sizes=\"(max-width: 200px) 100vw, 200px\" \/><img decoding=\"async\" loading=\"lazy\" class=\"alignnone size-full wp-image-3486\" src=\"https:\/\/hundertweinhaus.com\/wp-content\/uploads\/2019\/01\/rind-200.jpg\" alt=\"\" width=\"200\" height=\"200\" srcset=\"https:\/\/hundertweinhaus.com\/wp-content\/uploads\/2019\/01\/rind-200.jpg 200w, https:\/\/hundertweinhaus.com\/wp-content\/uploads\/2019\/01\/rind-200-150x150.jpg 150w, https:\/\/hundertweinhaus.com\/wp-content\/uploads\/2019\/01\/rind-200-100x100.jpg 100w\" sizes=\"(max-width: 200px) 100vw, 200px\" \/><\/p>\n","protected":false},"excerpt":{"rendered":"<p>Er hat eine strohgelbe Farbe, bewegt sich \u201e\u00f6lig\u201c im Glas. Honigartig, lebendig. Bl\u00fctenartige Aromen treten im Duft auf, mit dem Hintergrund eines unauff\u00e4lligen Holzfasses, stumpfe Noten. Er \u00f6ffnet sich mit einem reichen Geschmack von hoher Qualit\u00e4t und \u00e4u\u00dferst komplexer Vielfalt.<br \/>\n\u00dcberreife Trockenfr\u00fcchte, Honig, raffinierte, elegante Tannine vermischen sich im Mund. Reife S\u00e4uren, Cremigkeit machen nach einem Schluck eine lange Freude. H\u00e1rslevel\u0171 ist eine der beliebtesten Arten f\u00fcr uns, daher kann er angenehm fruchtig sein und gleichzeitig seine Seriosit\u00e4t und Eleganz bewahren.<\/p>\n","protected":false},"featured_media":3579,"comment_status":"open","ping_status":"closed","template":"","meta":{"_et_pb_use_builder":"","_et_pb_old_content":"","_et_gb_content_width":""},"_links":{"self":[{"href":"https:\/\/hundertweinhaus.com\/index.php?rest_route=\/wp\/v2\/product\/3578"}],"collection":[{"href":"https:\/\/hundertweinhaus.com\/index.php?rest_route=\/wp\/v2\/product"}],"about":[{"href":"https:\/\/hundertweinhaus.com\/index.php?rest_route=\/wp\/v2\/types\/product"}],"replies":[{"embeddable":true,"href":"https:\/\/hundertweinhaus.com\/index.php?rest_route=%2Fwp%2Fv2%2Fcomments&post=3578"}],"wp:featuredmedia":[{"embeddable":true,"href":"https:\/\/hundertweinhaus.com\/index.php?rest_route=\/wp\/v2\/media\/3579"}],"wp:attachment":[{"href":"https:\/\/hundertweinhaus.com\/index.php?rest_route=%2Fwp%2Fv2%2Fmedia&parent=3578"}],"curies":[{"name":"wp","href":"https:\/\/api.w.org\/{rel}","templated":true}]}}