{"id":3581,"date":"2019-03-24T20:29:24","date_gmt":"2019-03-24T19:29:24","guid":{"rendered":"https:\/\/hundertweinhaus.com\/?post_type=product&#038;p=3581"},"modified":"2025-02-15T19:04:20","modified_gmt":"2025-02-15T18:04:20","slug":"tornai-premium-juhfark-2017-somlo-pdo","status":"publish","type":"product","link":"https:\/\/hundertweinhaus.com\/?product=tornai-premium-juhfark-2017-somlo-pdo","title":{"rendered":"Tornai Pr\u00e9mium Juhfark 2020, PDO Soml\u00f3"},"content":{"rendered":"<p>Rebsorte: Juhfark<\/p>\n<p>Alkoholgehalt: 13 % Vol.<\/p>\n<p>Flaschengr\u00f6sse: 75 cl<\/p>\n<p>Speiseempfehlung: Gegrilltem Fleisch, Teigwaren mit Rahmsaucen und gereifter K\u00e4se<\/p>\n<p>Empfohlene Trinktemperatur: 12 &#8211; 14 \u00b0 C<\/p>\n<p>Trinkreife bis 2023<\/p>\n<p><img decoding=\"async\" loading=\"lazy\" class=\"alignnone size-full wp-image-3482\" src=\"https:\/\/hundertweinhaus.com\/wp-content\/uploads\/2019\/01\/grill-200.jpg\" alt=\"\" width=\"200\" height=\"200\" srcset=\"https:\/\/hundertweinhaus.com\/wp-content\/uploads\/2019\/01\/grill-200.jpg 200w, https:\/\/hundertweinhaus.com\/wp-content\/uploads\/2019\/01\/grill-200-150x150.jpg 150w, https:\/\/hundertweinhaus.com\/wp-content\/uploads\/2019\/01\/grill-200-100x100.jpg 100w\" sizes=\"(max-width: 200px) 100vw, 200px\" \/><\/p>\n","protected":false},"excerpt":{"rendered":"<p>In der Nase dominieren reife Fr\u00fcchte mit w\u00fcrzigen, mineralischen Aromen im R\u00fccken. Am Gaumen fruchtig, reife Mango, Pfirsich, Cremigkeit, abgerundete S\u00e4uren, elegantes Eichenholz und Mineralit\u00e4t im Hintergrund.0<\/p>\n<p>&nbsp;<\/p>\n<p>&nbsp;<\/p>\n<p>&nbsp;<\/p>\n","protected":false},"featured_media":3789,"comment_status":"open","ping_status":"closed","template":"","meta":{"_et_pb_use_builder":"","_et_pb_old_content":"","_et_gb_content_width":""},"_links":{"self":[{"href":"https:\/\/hundertweinhaus.com\/index.php?rest_route=\/wp\/v2\/product\/3581"}],"collection":[{"href":"https:\/\/hundertweinhaus.com\/index.php?rest_route=\/wp\/v2\/product"}],"about":[{"href":"https:\/\/hundertweinhaus.com\/index.php?rest_route=\/wp\/v2\/types\/product"}],"replies":[{"embeddable":true,"href":"https:\/\/hundertweinhaus.com\/index.php?rest_route=%2Fwp%2Fv2%2Fcomments&post=3581"}],"wp:featuredmedia":[{"embeddable":true,"href":"https:\/\/hundertweinhaus.com\/index.php?rest_route=\/wp\/v2\/media\/3789"}],"wp:attachment":[{"href":"https:\/\/hundertweinhaus.com\/index.php?rest_route=%2Fwp%2Fv2%2Fmedia&parent=3581"}],"curies":[{"name":"wp","href":"https:\/\/api.w.org\/{rel}","templated":true}]}}