{"id":367,"date":"2017-02-20T14:15:32","date_gmt":"2017-02-20T13:15:32","guid":{"rendered":"http:\/\/hundertweinhaus.fodof.eu\/shop\/kekfrankos-sel-faluhely-2011\/"},"modified":"2026-04-24T10:22:07","modified_gmt":"2026-04-24T08:22:07","slug":"kekfrankos-sel-faluhely-2011","status":"publish","type":"product","link":"https:\/\/hundertweinhaus.com\/?product=kekfrankos-sel-faluhely-2011","title":{"rendered":"Bodri K\u00e9kfrankos Selection &#8220;Faluhely&#8221; 2016, PDO Szeksz\u00e1rd"},"content":{"rendered":"<p>Rebsorten: K\u00e9kfrankos (Blaufr\u00e4nkisch)<\/p>\n<p>Alkoholgehalt: 14,5 % Vol.<\/p>\n<p>Flaschengr\u00f6sse: 75 cl<\/p>\n<p>Speiseempfehlung: Schweinefleisch, panierter Leber oder Kartoffelauflauf<\/p>\n<p>Empfohlene Trinktemperatur: 16-18 \u00b0 C<\/p>\n<p>Trinkreife: bis 2025<\/p>\n<p>&nbsp;<\/p>\n<p>&nbsp;<\/p>\n<p>&nbsp;<\/p>\n<p>&nbsp;<\/p>\n","protected":false},"excerpt":{"rendered":"<p>Ein wunderbar tiefe rubinrote Farbe, die Aromen von Sauerkirschen und Blaubeeren sowie ein cremiger Geschmack kennzeichnen diesen Wein mit Vanille- und Cognac-Obert\u00f6nen in der Nase und am Gaumen.<\/p>\n","protected":false},"featured_media":3753,"comment_status":"open","ping_status":"closed","template":"","meta":{"_et_pb_use_builder":"","_et_pb_old_content":"","_et_gb_content_width":""},"_links":{"self":[{"href":"https:\/\/hundertweinhaus.com\/index.php?rest_route=\/wp\/v2\/product\/367"}],"collection":[{"href":"https:\/\/hundertweinhaus.com\/index.php?rest_route=\/wp\/v2\/product"}],"about":[{"href":"https:\/\/hundertweinhaus.com\/index.php?rest_route=\/wp\/v2\/types\/product"}],"replies":[{"embeddable":true,"href":"https:\/\/hundertweinhaus.com\/index.php?rest_route=%2Fwp%2Fv2%2Fcomments&post=367"}],"wp:featuredmedia":[{"embeddable":true,"href":"https:\/\/hundertweinhaus.com\/index.php?rest_route=\/wp\/v2\/media\/3753"}],"wp:attachment":[{"href":"https:\/\/hundertweinhaus.com\/index.php?rest_route=%2Fwp%2Fv2%2Fmedia&parent=367"}],"curies":[{"name":"wp","href":"https:\/\/api.w.org\/{rel}","templated":true}]}}