{"id":3689,"date":"2020-02-01T11:35:27","date_gmt":"2020-02-01T10:35:27","guid":{"rendered":"https:\/\/hundertweinhaus.com\/?post_type=product&#038;p=3689"},"modified":"2025-06-01T23:36:08","modified_gmt":"2025-06-01T21:36:08","slug":"fritz-primus-cuvee-2016-szekszard-pdo","status":"publish","type":"product","link":"https:\/\/hundertweinhaus.com\/?product=fritz-primus-cuvee-2016-szekszard-pdo","title":{"rendered":"Fritz Primus Cuv\u00e9e 2016, PDO Szeksz\u00e1rd"},"content":{"rendered":"<p>Rebsorten: K\u00e9kfrankos \/ Merlot \/ Cabernet Sauvignon \/ \u00a0Cabernet Franc<\/p>\n<p>Alkoholgehalt: 14,5 % Vol.<\/p>\n<p>Flaschengr\u00f6sse: 75 cl<\/p>\n<p>Speiseempfehlung: Rotes Fleisch oder einfach so zum geniessen<\/p>\n<p>Empfohlene Trinktemperatur: 16 \u2013 18 \u00b0 C<\/p>\n<p>&nbsp;<\/p>\n","protected":false},"excerpt":{"rendered":"<p>G\u00e4rung im Stahltank, 18 Monate Reife, in erstgef\u00fcllt und zweitgef\u00fcllt im 225 Liter und 500 Liter Eichenfass. Harmonische Mischung aus Blaufr\u00e4nkisch und drei Bordeaux-Sorten. Voller, aufregender, langanhaltender Rotwein mit Vanille und reifen Kirschen<\/p>\n","protected":false},"featured_media":3693,"comment_status":"open","ping_status":"closed","template":"","meta":{"_et_pb_use_builder":"","_et_pb_old_content":"","_et_gb_content_width":""},"_links":{"self":[{"href":"https:\/\/hundertweinhaus.com\/index.php?rest_route=\/wp\/v2\/product\/3689"}],"collection":[{"href":"https:\/\/hundertweinhaus.com\/index.php?rest_route=\/wp\/v2\/product"}],"about":[{"href":"https:\/\/hundertweinhaus.com\/index.php?rest_route=\/wp\/v2\/types\/product"}],"replies":[{"embeddable":true,"href":"https:\/\/hundertweinhaus.com\/index.php?rest_route=%2Fwp%2Fv2%2Fcomments&post=3689"}],"wp:featuredmedia":[{"embeddable":true,"href":"https:\/\/hundertweinhaus.com\/index.php?rest_route=\/wp\/v2\/media\/3693"}],"wp:attachment":[{"href":"https:\/\/hundertweinhaus.com\/index.php?rest_route=%2Fwp%2Fv2%2Fmedia&parent=3689"}],"curies":[{"name":"wp","href":"https:\/\/api.w.org\/{rel}","templated":true}]}}