{"id":3701,"date":"2020-02-01T13:31:02","date_gmt":"2020-02-01T12:31:02","guid":{"rendered":"https:\/\/hundertweinhaus.com\/?post_type=product&#038;p=3701"},"modified":"2025-02-15T18:53:43","modified_gmt":"2025-02-15T17:53:43","slug":"meszaros-st-gral-kadarka-reserve-2016-szekszard-pdo","status":"publish","type":"product","link":"https:\/\/hundertweinhaus.com\/?product=meszaros-st-gral-kadarka-reserve-2016-szekszard-pdo","title":{"rendered":"M\u00e9sz\u00e1ros St. Gr\u00e1l Kadarka Reserve 2016, PDO Szeksz\u00e1rd"},"content":{"rendered":"<p>Rebsorten: Kadarka<\/p>\n<p>Alkoholgehalt: 14,0 % Vol.<\/p>\n<p>Flaschengr\u00f6sse: 75 cl<\/p>\n<p>Speiseempfehlung: Gulasch und Gerichte mit rotem Paprikapulver<\/p>\n<p>Empfohlene Trinktemperatur: 16 \u00b0 C<\/p>\n","protected":false},"excerpt":{"rendered":"<p>Kadarka ist eine einheimische Rebsorte in Szeksz\u00e1rd, welche die Weinregion f\u00fcr Jahrhunderte ber\u00fchmt gemacht hat. Die Traubenbeeren sind klein mit hohem Zuckergehalt. In der Nase sehr gew\u00fcrzig und im Gaumen ist er vollmundig, feurig mit s\u00fcssen Tannine. Langer Abgang wo am Ende das rote Paprikapulver dominiert.<\/p>\n<p>&nbsp;<\/p>\n","protected":false},"featured_media":3708,"comment_status":"open","ping_status":"closed","template":"","meta":{"_et_pb_use_builder":"","_et_pb_old_content":"","_et_gb_content_width":""},"_links":{"self":[{"href":"https:\/\/hundertweinhaus.com\/index.php?rest_route=\/wp\/v2\/product\/3701"}],"collection":[{"href":"https:\/\/hundertweinhaus.com\/index.php?rest_route=\/wp\/v2\/product"}],"about":[{"href":"https:\/\/hundertweinhaus.com\/index.php?rest_route=\/wp\/v2\/types\/product"}],"replies":[{"embeddable":true,"href":"https:\/\/hundertweinhaus.com\/index.php?rest_route=%2Fwp%2Fv2%2Fcomments&post=3701"}],"wp:featuredmedia":[{"embeddable":true,"href":"https:\/\/hundertweinhaus.com\/index.php?rest_route=\/wp\/v2\/media\/3708"}],"wp:attachment":[{"href":"https:\/\/hundertweinhaus.com\/index.php?rest_route=%2Fwp%2Fv2%2Fmedia&parent=3701"}],"curies":[{"name":"wp","href":"https:\/\/api.w.org\/{rel}","templated":true}]}}