{"id":3703,"date":"2020-02-01T13:17:55","date_gmt":"2020-02-01T12:17:55","guid":{"rendered":"https:\/\/hundertweinhaus.com\/?post_type=product&#038;p=3703"},"modified":"2025-02-15T18:54:52","modified_gmt":"2025-02-15T17:54:52","slug":"meszaros-kekfrankos-bodzasi-2016-szekszard-pdo","status":"publish","type":"product","link":"https:\/\/hundertweinhaus.com\/?product=meszaros-kekfrankos-bodzasi-2016-szekszard-pdo","title":{"rendered":"M\u00e9sz\u00e1ros K\u00e9kfrankos Bodz\u00e1si 2016, PDO Szeksz\u00e1rd"},"content":{"rendered":"<p>Rebsorten: K\u00e9kfrankos (Blaufr\u00e4nkisch)<\/p>\n<p>Alkoholgehalt: 14,0 % Vol.<\/p>\n<p>Flaschengr\u00f6sse: 75 cl<\/p>\n<p>Speiseempfehlung: Gegrilltes Fleisch, Gebratene Ente und geschmortes Gem\u00fcse<\/p>\n<p>Empfohlene Trinktemperatur: 16 \u2013 18 \u00b0 C<\/p>\n","protected":false},"excerpt":{"rendered":"<p>Der Wein wurde nach dem sch\u00f6nsten Weinberg in Szeksz\u00e1rd &#8220;Bodz\u00e1si&#8221; benannt. Das Terroir zeichnet sich durch seine 35 Jahre alten Rebst\u00f6cke und Terra Rosa aus, die diesem Wein eine besondere Mineralit\u00e4t verleiht. Dunkelrote Farbe, Pflaumen- und Brombeergeschmack, Reife Tannin, abgerundete S\u00e4ure.<\/p>\n","protected":false},"featured_media":3707,"comment_status":"open","ping_status":"closed","template":"","meta":{"_et_pb_use_builder":"","_et_pb_old_content":"","_et_gb_content_width":""},"_links":{"self":[{"href":"https:\/\/hundertweinhaus.com\/index.php?rest_route=\/wp\/v2\/product\/3703"}],"collection":[{"href":"https:\/\/hundertweinhaus.com\/index.php?rest_route=\/wp\/v2\/product"}],"about":[{"href":"https:\/\/hundertweinhaus.com\/index.php?rest_route=\/wp\/v2\/types\/product"}],"replies":[{"embeddable":true,"href":"https:\/\/hundertweinhaus.com\/index.php?rest_route=%2Fwp%2Fv2%2Fcomments&post=3703"}],"wp:featuredmedia":[{"embeddable":true,"href":"https:\/\/hundertweinhaus.com\/index.php?rest_route=\/wp\/v2\/media\/3707"}],"wp:attachment":[{"href":"https:\/\/hundertweinhaus.com\/index.php?rest_route=%2Fwp%2Fv2%2Fmedia&parent=3703"}],"curies":[{"name":"wp","href":"https:\/\/api.w.org\/{rel}","templated":true}]}}