{"id":3704,"date":"2020-02-01T13:09:19","date_gmt":"2020-02-01T12:09:19","guid":{"rendered":"https:\/\/hundertweinhaus.com\/?post_type=product&#038;p=3704"},"modified":"2025-06-06T02:23:24","modified_gmt":"2025-06-06T00:23:24","slug":"meszaros-hidaspetere-cabernet-franc-reserve-2016-szekszard-pdo","status":"publish","type":"product","link":"https:\/\/hundertweinhaus.com\/?product=meszaros-hidaspetere-cabernet-franc-reserve-2016-szekszard-pdo","title":{"rendered":"M\u00e9sz\u00e1ros Hidaspetre Cabernet Franc Reserve 2016, PDO Szeksz\u00e1rd"},"content":{"rendered":"<p>Rebsorten: Cabernet Franc<\/p>\n<p>Alkoholgehalt: 14,5 % Vol.<\/p>\n<p>Flaschengr\u00f6sse: 75 cl<\/p>\n<p>Speiseempfehlung: Rind, Wild<\/p>\n<p>Empfohlene Trinktemperatur: 16 \u2013 18 \u00b0 C<\/p>\n","protected":false},"excerpt":{"rendered":"<p>Der Weinberg &#8220;Hidaspetre&#8221; ist einer der besten Lage in Szeksz\u00e1rd. Die Weinst\u00f6cke sind 35 Jahre alt. Doppelselektion wird verwendet. Vollmundiger Wein mit granatroter Farbe. In der Nase rein, zur\u00fcckhaltend mit etwas Cassis. Im Gaumen harmonisch mit etwas Vanille, Zimt und mit schwarzen Johannisbeeren.<\/p>\n","protected":false},"featured_media":3719,"comment_status":"open","ping_status":"closed","template":"","meta":{"_et_pb_use_builder":"","_et_pb_old_content":"","_et_gb_content_width":""},"_links":{"self":[{"href":"https:\/\/hundertweinhaus.com\/index.php?rest_route=\/wp\/v2\/product\/3704"}],"collection":[{"href":"https:\/\/hundertweinhaus.com\/index.php?rest_route=\/wp\/v2\/product"}],"about":[{"href":"https:\/\/hundertweinhaus.com\/index.php?rest_route=\/wp\/v2\/types\/product"}],"replies":[{"embeddable":true,"href":"https:\/\/hundertweinhaus.com\/index.php?rest_route=%2Fwp%2Fv2%2Fcomments&post=3704"}],"wp:featuredmedia":[{"embeddable":true,"href":"https:\/\/hundertweinhaus.com\/index.php?rest_route=\/wp\/v2\/media\/3719"}],"wp:attachment":[{"href":"https:\/\/hundertweinhaus.com\/index.php?rest_route=%2Fwp%2Fv2%2Fmedia&parent=3704"}],"curies":[{"name":"wp","href":"https:\/\/api.w.org\/{rel}","templated":true}]}}