{"id":3705,"date":"2020-02-01T12:54:57","date_gmt":"2020-02-01T11:54:57","guid":{"rendered":"https:\/\/hundertweinhaus.com\/?post_type=product&#038;p=3705"},"modified":"2025-02-15T18:56:52","modified_gmt":"2025-02-15T17:56:52","slug":"meszaros-ohmerops-cuvee-2016-szekszard-pdo","status":"publish","type":"product","link":"https:\/\/hundertweinhaus.com\/?product=meszaros-ohmerops-cuvee-2016-szekszard-pdo","title":{"rendered":"M\u00e9sz\u00e1ros Ohmerops Cuv\u00e9e 2019, PDO Szeksz\u00e1rd"},"content":{"rendered":"<p>Rebsorten: Cabernet Sauvignon, Merlot,Cabernet Franc<\/p>\n<p>Alkoholgehalt: 14,5 % Vol.<\/p>\n<p>Flaschengr\u00f6sse: 75 cl<\/p>\n<p>Speiseempfehlung: Gegrilltes Fleisch, Gebratene Ente und so zum geniessen<\/p>\n<p>Empfohlene Trinktemperatur: 16 \u2013 18 \u00b0 C<\/p>\n","protected":false},"excerpt":{"rendered":"<p>Der Wein wurde nach dem Bienenfresser (Merops apiaster) benannt, ein typischer Vogel der Szeksz\u00e1rd-Weinregion. Es gibt 3 Terrassen im Weinberg: der obere mit Merlot, darunter Cabernet Sauvignon und ganz unten der Cabernet Franc. Zwischen den Terrassen befinden sich hohe L\u00f6ssw\u00e4nde, wo der Bienenfresser in der Symbiose mit der Natur lebt. Der Vogel steht unter Naturschutz, so das in diesem Terroir keine Insektizide verwendet werden. Komplexer, charakteristicher, harmonischer Wein. Getrocknete Pflaumen, Marmelade, Fruchtaromen sind sp\u00fcrbar.<\/p>\n","protected":false},"featured_media":3706,"comment_status":"open","ping_status":"closed","template":"","meta":{"_et_pb_use_builder":"","_et_pb_old_content":"","_et_gb_content_width":""},"_links":{"self":[{"href":"https:\/\/hundertweinhaus.com\/index.php?rest_route=\/wp\/v2\/product\/3705"}],"collection":[{"href":"https:\/\/hundertweinhaus.com\/index.php?rest_route=\/wp\/v2\/product"}],"about":[{"href":"https:\/\/hundertweinhaus.com\/index.php?rest_route=\/wp\/v2\/types\/product"}],"replies":[{"embeddable":true,"href":"https:\/\/hundertweinhaus.com\/index.php?rest_route=%2Fwp%2Fv2%2Fcomments&post=3705"}],"wp:featuredmedia":[{"embeddable":true,"href":"https:\/\/hundertweinhaus.com\/index.php?rest_route=\/wp\/v2\/media\/3706"}],"wp:attachment":[{"href":"https:\/\/hundertweinhaus.com\/index.php?rest_route=%2Fwp%2Fv2%2Fmedia&parent=3705"}],"curies":[{"name":"wp","href":"https:\/\/api.w.org\/{rel}","templated":true}]}}