{"id":3709,"date":"2020-02-01T13:46:33","date_gmt":"2020-02-01T12:46:33","guid":{"rendered":"https:\/\/hundertweinhaus.com\/?post_type=product&#038;p=3709"},"modified":"2025-05-30T13:19:45","modified_gmt":"2025-05-30T11:19:45","slug":"meszaros-grandiozus-cuvee-2016-szekszard-pdo","status":"publish","type":"product","link":"https:\/\/hundertweinhaus.com\/?product=meszaros-grandiozus-cuvee-2016-szekszard-pdo","title":{"rendered":"M\u00e9sz\u00e1ros Grandi\u00f3zus Cuv\u00e9e 2018, PDO Szeksz\u00e1rd"},"content":{"rendered":"<p>Rebsorten: Cabernet Franc, Merlot, Syrah<\/p>\n<p>Alkoholgehalt: 14,0 % Vol.<\/p>\n<p>Flaschengr\u00f6sse: 75 cl<\/p>\n<p>Speiseempfehlung: Fleischgerichte, Asiatische Gerichte<\/p>\n<p>Empfohlene Trinktemperatur: 16 &#8211; 18 \u00b0 C<\/p>\n","protected":false},"excerpt":{"rendered":"<p>Cabernet Franc gibt den vollen K\u00f6rper, Merlot verleiht eine sanfte Freundlichkeit und der Wein ist perfekt mit den intensiven Noten von Syrah.<\/p>\n","protected":false},"featured_media":3710,"comment_status":"open","ping_status":"closed","template":"","meta":{"_et_pb_use_builder":"","_et_pb_old_content":"","_et_gb_content_width":""},"_links":{"self":[{"href":"https:\/\/hundertweinhaus.com\/index.php?rest_route=\/wp\/v2\/product\/3709"}],"collection":[{"href":"https:\/\/hundertweinhaus.com\/index.php?rest_route=\/wp\/v2\/product"}],"about":[{"href":"https:\/\/hundertweinhaus.com\/index.php?rest_route=\/wp\/v2\/types\/product"}],"replies":[{"embeddable":true,"href":"https:\/\/hundertweinhaus.com\/index.php?rest_route=%2Fwp%2Fv2%2Fcomments&post=3709"}],"wp:featuredmedia":[{"embeddable":true,"href":"https:\/\/hundertweinhaus.com\/index.php?rest_route=\/wp\/v2\/media\/3710"}],"wp:attachment":[{"href":"https:\/\/hundertweinhaus.com\/index.php?rest_route=%2Fwp%2Fv2%2Fmedia&parent=3709"}],"curies":[{"name":"wp","href":"https:\/\/api.w.org\/{rel}","templated":true}]}}