{"id":3711,"date":"2020-02-01T14:10:12","date_gmt":"2020-02-01T13:10:12","guid":{"rendered":"https:\/\/hundertweinhaus.com\/?post_type=product&#038;p=3711"},"modified":"2025-07-06T10:17:39","modified_gmt":"2025-07-06T08:17:39","slug":"meszaros-grandiozus-syrah-2016-szekszard-pdo","status":"publish","type":"product","link":"https:\/\/hundertweinhaus.com\/?product=meszaros-grandiozus-syrah-2016-szekszard-pdo","title":{"rendered":"M\u00e9sz\u00e1ros Grandi\u00f3zus Syrah 2018, PDO Szeksz\u00e1rd"},"content":{"rendered":"<p>Rebsorten: Syrah<\/p>\n<p>Alkoholgehalt: 14,0 % Vol.<\/p>\n<p>Flaschengr\u00f6sse: 75 cl<\/p>\n<p>Speiseempfehlung: Rinderbraten, Wild, Schwein, mediterrane Gerichte<\/p>\n<p>Empfohlene Trinktemperatur: 16 &#8211; 18 \u00b0 C<\/p>\n<p><img decoding=\"async\" loading=\"lazy\" class=\"alignnone size-full wp-image-3486\" src=\"https:\/\/hundertweinhaus.com\/wp-content\/uploads\/2019\/01\/rind-200.jpg\" alt=\"\" width=\"200\" height=\"200\" srcset=\"https:\/\/hundertweinhaus.com\/wp-content\/uploads\/2019\/01\/rind-200.jpg 200w, https:\/\/hundertweinhaus.com\/wp-content\/uploads\/2019\/01\/rind-200-150x150.jpg 150w, https:\/\/hundertweinhaus.com\/wp-content\/uploads\/2019\/01\/rind-200-100x100.jpg 100w\" sizes=\"(max-width: 200px) 100vw, 200px\" \/><img decoding=\"async\" loading=\"lazy\" class=\"alignnone size-full wp-image-3489\" src=\"https:\/\/hundertweinhaus.com\/wp-content\/uploads\/2019\/01\/wild-200.jpg\" alt=\"\" width=\"200\" height=\"200\" srcset=\"https:\/\/hundertweinhaus.com\/wp-content\/uploads\/2019\/01\/wild-200.jpg 200w, https:\/\/hundertweinhaus.com\/wp-content\/uploads\/2019\/01\/wild-200-150x150.jpg 150w, https:\/\/hundertweinhaus.com\/wp-content\/uploads\/2019\/01\/wild-200-100x100.jpg 100w\" sizes=\"(max-width: 200px) 100vw, 200px\" \/><img decoding=\"async\" loading=\"lazy\" class=\"alignnone size-full wp-image-3487\" src=\"https:\/\/hundertweinhaus.com\/wp-content\/uploads\/2019\/01\/schwein-200.jpg\" alt=\"\" width=\"200\" height=\"200\" srcset=\"https:\/\/hundertweinhaus.com\/wp-content\/uploads\/2019\/01\/schwein-200.jpg 200w, https:\/\/hundertweinhaus.com\/wp-content\/uploads\/2019\/01\/schwein-200-150x150.jpg 150w, https:\/\/hundertweinhaus.com\/wp-content\/uploads\/2019\/01\/schwein-200-100x100.jpg 100w\" sizes=\"(max-width: 200px) 100vw, 200px\" \/><\/p>\n","protected":false},"excerpt":{"rendered":"<p>Dieser Wein wurde aus der Mischung zweier Klone geboren, einer \u00f6sterreichischen Sorte, die gr\u00f6ssere ovale Trauben hat mit h\u00f6heren S\u00e4uren. Der andere ist ein franz\u00f6sischer Klon, der kleinere Beeren hat, viel weicher und einen niedrigeren S\u00e4uregehalt. Im Gaumen Johannisbeeraroma, Brombeeren oder auch Himbeeren. Nuancen von edler W\u00fcrze und Vanille.<\/p>\n","protected":false},"featured_media":3712,"comment_status":"open","ping_status":"closed","template":"","meta":{"_et_pb_use_builder":"","_et_pb_old_content":"","_et_gb_content_width":""},"_links":{"self":[{"href":"https:\/\/hundertweinhaus.com\/index.php?rest_route=\/wp\/v2\/product\/3711"}],"collection":[{"href":"https:\/\/hundertweinhaus.com\/index.php?rest_route=\/wp\/v2\/product"}],"about":[{"href":"https:\/\/hundertweinhaus.com\/index.php?rest_route=\/wp\/v2\/types\/product"}],"replies":[{"embeddable":true,"href":"https:\/\/hundertweinhaus.com\/index.php?rest_route=%2Fwp%2Fv2%2Fcomments&post=3711"}],"wp:featuredmedia":[{"embeddable":true,"href":"https:\/\/hundertweinhaus.com\/index.php?rest_route=\/wp\/v2\/media\/3712"}],"wp:attachment":[{"href":"https:\/\/hundertweinhaus.com\/index.php?rest_route=%2Fwp%2Fv2%2Fmedia&parent=3711"}],"curies":[{"name":"wp","href":"https:\/\/api.w.org\/{rel}","templated":true}]}}