{"id":3713,"date":"2020-02-01T14:50:59","date_gmt":"2020-02-01T13:50:59","guid":{"rendered":"https:\/\/hundertweinhaus.com\/?post_type=product&#038;p=3713"},"modified":"2026-01-05T17:50:22","modified_gmt":"2026-01-05T16:50:22","slug":"heumann-trinitas-villanyi-franc-2015-2016-villany-dhc","status":"publish","type":"product","link":"https:\/\/hundertweinhaus.com\/?product=heumann-trinitas-villanyi-franc-2015-2016-villany-dhc","title":{"rendered":"Heumann Vill\u00e1nyi Franc La Trinit\u00e1 2019, PDO Vill\u00e1ny"},"content":{"rendered":"<p>Rebsorten: Cabernet Franc<\/p>\n<p>Alkoholgehalt: 14,5 % Vol.<\/p>\n<p>Flaschengr\u00f6sse: 75 cl<\/p>\n<p>Speiseempfehlung: Rotes Fleisch, Wild<\/p>\n<p>Empfohlene Trinktemperatur: 16 \u2013 18 \u00b0 C<\/p>\n<p><img decoding=\"async\" loading=\"lazy\" class=\"alignnone size-full wp-image-3486\" src=\"https:\/\/hundertweinhaus.com\/wp-content\/uploads\/2019\/01\/rind-200.jpg\" alt=\"\" width=\"200\" height=\"200\" srcset=\"https:\/\/hundertweinhaus.com\/wp-content\/uploads\/2019\/01\/rind-200.jpg 200w, https:\/\/hundertweinhaus.com\/wp-content\/uploads\/2019\/01\/rind-200-150x150.jpg 150w, https:\/\/hundertweinhaus.com\/wp-content\/uploads\/2019\/01\/rind-200-100x100.jpg 100w\" sizes=\"(max-width: 200px) 100vw, 200px\" \/><img decoding=\"async\" loading=\"lazy\" class=\"alignnone size-full wp-image-3489\" src=\"https:\/\/hundertweinhaus.com\/wp-content\/uploads\/2019\/01\/wild-200.jpg\" alt=\"\" width=\"200\" height=\"200\" srcset=\"https:\/\/hundertweinhaus.com\/wp-content\/uploads\/2019\/01\/wild-200.jpg 200w, https:\/\/hundertweinhaus.com\/wp-content\/uploads\/2019\/01\/wild-200-150x150.jpg 150w, https:\/\/hundertweinhaus.com\/wp-content\/uploads\/2019\/01\/wild-200-100x100.jpg 100w\" sizes=\"(max-width: 200px) 100vw, 200px\" \/><img decoding=\"async\" loading=\"lazy\" class=\"alignnone size-full wp-image-3482\" src=\"https:\/\/hundertweinhaus.com\/wp-content\/uploads\/2019\/01\/grill-200.jpg\" alt=\"\" width=\"200\" height=\"200\" srcset=\"https:\/\/hundertweinhaus.com\/wp-content\/uploads\/2019\/01\/grill-200.jpg 200w, https:\/\/hundertweinhaus.com\/wp-content\/uploads\/2019\/01\/grill-200-150x150.jpg 150w, https:\/\/hundertweinhaus.com\/wp-content\/uploads\/2019\/01\/grill-200-100x100.jpg 100w\" sizes=\"(max-width: 200px) 100vw, 200px\" \/><\/p>\n","protected":false},"excerpt":{"rendered":"<p>Dunkles Rubinrot. Rote Fr\u00fcchte in der Nase unterlegt mit Vanillenoten. Am Gaumen Brombeeren, Cassis und ein Hauch von dunkler Schokolade. Wundersch\u00f6n integrierte S\u00e4ure und perfekte Struktur. Gehaltvoll aber doch elegant mit sehr langem Abgang. Hat grosses Potential.<\/p>\n","protected":false},"featured_media":3714,"comment_status":"open","ping_status":"closed","template":"","meta":{"_et_pb_use_builder":"","_et_pb_old_content":"","_et_gb_content_width":""},"_links":{"self":[{"href":"https:\/\/hundertweinhaus.com\/index.php?rest_route=\/wp\/v2\/product\/3713"}],"collection":[{"href":"https:\/\/hundertweinhaus.com\/index.php?rest_route=\/wp\/v2\/product"}],"about":[{"href":"https:\/\/hundertweinhaus.com\/index.php?rest_route=\/wp\/v2\/types\/product"}],"replies":[{"embeddable":true,"href":"https:\/\/hundertweinhaus.com\/index.php?rest_route=%2Fwp%2Fv2%2Fcomments&post=3713"}],"wp:featuredmedia":[{"embeddable":true,"href":"https:\/\/hundertweinhaus.com\/index.php?rest_route=\/wp\/v2\/media\/3714"}],"wp:attachment":[{"href":"https:\/\/hundertweinhaus.com\/index.php?rest_route=%2Fwp%2Fv2%2Fmedia&parent=3713"}],"curies":[{"name":"wp","href":"https:\/\/api.w.org\/{rel}","templated":true}]}}