{"id":3729,"date":"2020-02-02T20:32:21","date_gmt":"2020-02-02T19:32:21","guid":{"rendered":"https:\/\/hundertweinhaus.com\/?post_type=product&#038;p=3729"},"modified":"2025-02-15T16:50:05","modified_gmt":"2025-02-15T15:50:05","slug":"thummerer-egri-bikaver-grand-superior-2015-eger-pdo","status":"publish","type":"product","link":"https:\/\/hundertweinhaus.com\/?product=thummerer-egri-bikaver-grand-superior-2015-eger-pdo","title":{"rendered":"Thummerer Egri Bikav\u00e9r Grand Superior 2021, PDO Eger"},"content":{"rendered":"<p>Rebsorten: K\u00e9kfrankos (Blaufr\u00e4nkisch), Cabernet Franc, Merlot, Syrah, Kadarka<\/p>\n<p>Alkoholgehalt: 15 % Vol.<\/p>\n<p>Flaschengr\u00f6sse: 75 cl<\/p>\n<p>Speiseempfehlung: Rind, Wild<\/p>\n<p>Empfohlene Trinktemperatur: 17-18 \u00b0 C<\/p>\n<p>Trinkreife bis 2027<\/p>\n<p><img decoding=\"async\" loading=\"lazy\" class=\"alignnone size-full wp-image-3486\" src=\"https:\/\/hundertweinhaus.com\/wp-content\/uploads\/2019\/01\/rind-200.jpg\" alt=\"\" width=\"200\" height=\"200\" srcset=\"https:\/\/hundertweinhaus.com\/wp-content\/uploads\/2019\/01\/rind-200.jpg 200w, https:\/\/hundertweinhaus.com\/wp-content\/uploads\/2019\/01\/rind-200-150x150.jpg 150w, https:\/\/hundertweinhaus.com\/wp-content\/uploads\/2019\/01\/rind-200-100x100.jpg 100w\" sizes=\"(max-width: 200px) 100vw, 200px\" \/><img decoding=\"async\" loading=\"lazy\" class=\"alignnone size-full wp-image-3489\" src=\"https:\/\/hundertweinhaus.com\/wp-content\/uploads\/2019\/01\/wild-200.jpg\" alt=\"\" width=\"200\" height=\"200\" srcset=\"https:\/\/hundertweinhaus.com\/wp-content\/uploads\/2019\/01\/wild-200.jpg 200w, https:\/\/hundertweinhaus.com\/wp-content\/uploads\/2019\/01\/wild-200-150x150.jpg 150w, https:\/\/hundertweinhaus.com\/wp-content\/uploads\/2019\/01\/wild-200-100x100.jpg 100w\" sizes=\"(max-width: 200px) 100vw, 200px\" \/><\/p>\n","protected":false},"excerpt":{"rendered":"<p>Alle Rebst\u00f6cke wurden gezielt im Jahr 2008 gepflanzt. \u00a0Eleganter grosser Rotwein, welcher nur bei herausragenden Jahrg\u00e4nge produziert wird.<\/p>\n","protected":false},"featured_media":3730,"comment_status":"open","ping_status":"closed","template":"","meta":{"_et_pb_use_builder":"","_et_pb_old_content":"","_et_gb_content_width":""},"_links":{"self":[{"href":"https:\/\/hundertweinhaus.com\/index.php?rest_route=\/wp\/v2\/product\/3729"}],"collection":[{"href":"https:\/\/hundertweinhaus.com\/index.php?rest_route=\/wp\/v2\/product"}],"about":[{"href":"https:\/\/hundertweinhaus.com\/index.php?rest_route=\/wp\/v2\/types\/product"}],"replies":[{"embeddable":true,"href":"https:\/\/hundertweinhaus.com\/index.php?rest_route=%2Fwp%2Fv2%2Fcomments&post=3729"}],"wp:featuredmedia":[{"embeddable":true,"href":"https:\/\/hundertweinhaus.com\/index.php?rest_route=\/wp\/v2\/media\/3730"}],"wp:attachment":[{"href":"https:\/\/hundertweinhaus.com\/index.php?rest_route=%2Fwp%2Fv2%2Fmedia&parent=3729"}],"curies":[{"name":"wp","href":"https:\/\/api.w.org\/{rel}","templated":true}]}}