{"id":3747,"date":"2020-04-10T09:20:23","date_gmt":"2020-04-10T08:20:23","guid":{"rendered":"https:\/\/hundertweinhaus.com\/?post_type=product&#038;p=3747"},"modified":"2025-02-15T16:46:41","modified_gmt":"2025-02-15T15:46:41","slug":"kovacs-nimrod-monopole-soul-syrah-2016-eger-pdo","status":"publish","type":"product","link":"https:\/\/hundertweinhaus.com\/?product=kovacs-nimrod-monopole-soul-syrah-2016-eger-pdo","title":{"rendered":"Kov\u00e1cs Nimr\u00f3d Monopole Soul Syrah 2016, PDO Eger"},"content":{"rendered":"<p>Rebsorten: Syrah<\/p>\n<p>Alkoholgehalt: 13.5 % Vol.<\/p>\n<p>Flaschengr\u00f6sse: 75 cl<\/p>\n<p>Speiseempfehlung: Mit Hackfleisch gef\u00fcllte Paprika<\/p>\n<p>Empfohlene Trinktemperatur: 17-18 \u00b0 C<\/p>\n<p>Trinkreife: bis 2024<\/p>\n","protected":false},"excerpt":{"rendered":"<p>Der Kov\u00e1cs Nimr\u00f3d Winery Soul <a id=\"tip160\" title=\"nach 'Syrah' im Glossar nachschlagen\" href=\"https:\/\/www.belvini.de\/lexikon\/Syrah.html\" rel=\"https:\/\/www.belvini.de\/popup_glossar.php\/id\/160\/syrah.html\">Syrah<\/a> Monopole flie\u00dft in einem hellen Rubinrot mit gl\u00e4nzenden R\u00e4ndern ins Weinglas.<\/p>\n<p>Sofort nimmt die Nase ein intensiv ausgepr\u00e4gtes <a id=\"tip271\" title=\"nach 'Bukett' im Glossar nachschlagen\" href=\"https:\/\/www.belvini.de\/lexikon\/Bukett.html\" rel=\"https:\/\/www.belvini.de\/popup_glossar.php\/id\/271\/bukett.html\">Bukett<\/a> von frischen Kirschen, schmackhaften Pflaumen, delikaten Cranberries und saftigen Heidelbeeren wahr. Die franz\u00f6sischen und ungarischen <a id=\"tip701\" title=\"nach 'Barriques' im Glossar nachschlagen\" href=\"https:\/\/www.belvini.de\/lexikon\/Barriques.html\" rel=\"https:\/\/www.belvini.de\/popup_glossar.php\/id\/701\/barriques.html\">Barriques<\/a> hinterlassen im Hintergrund perfekt eingebundene Nuancen von aromatischen Lakritzstangen, \u00f6ligen Vanillesamen, gehobelten Kokosn\u00fcssen und geraspelter Zartbitterschokolade.<\/p>\n<p>Druckvoll und intensiv flie\u00dft der Kov\u00e1cs Nimr\u00f3d Winery Soul Syrah Monopole auf die Zunge und \u00fcberrascht dort mit seinem schlanken Wesen. Durch die saftige Fruchts\u00e4ure und seine feink\u00f6rnigen, hochwertigen <a id=\"tip365\" title=\"nach 'Gerbstoffe' im Glossar nachschlagen\" href=\"https:\/\/www.belvini.de\/lexikon\/Gerbstoffe.html\" rel=\"https:\/\/www.belvini.de\/popup_glossar.php\/id\/365\/gerbstoffe.html\">Gerbstoffe<\/a> bekommt der Ungar viel Soul und Funk. Noch lange nach dem Hinunterschlucken feiert er auf der Zunge weiter.<\/p>\n","protected":false},"featured_media":3782,"comment_status":"open","ping_status":"closed","template":"","meta":{"_et_pb_use_builder":"","_et_pb_old_content":"","_et_gb_content_width":""},"_links":{"self":[{"href":"https:\/\/hundertweinhaus.com\/index.php?rest_route=\/wp\/v2\/product\/3747"}],"collection":[{"href":"https:\/\/hundertweinhaus.com\/index.php?rest_route=\/wp\/v2\/product"}],"about":[{"href":"https:\/\/hundertweinhaus.com\/index.php?rest_route=\/wp\/v2\/types\/product"}],"replies":[{"embeddable":true,"href":"https:\/\/hundertweinhaus.com\/index.php?rest_route=%2Fwp%2Fv2%2Fcomments&post=3747"}],"wp:featuredmedia":[{"embeddable":true,"href":"https:\/\/hundertweinhaus.com\/index.php?rest_route=\/wp\/v2\/media\/3782"}],"wp:attachment":[{"href":"https:\/\/hundertweinhaus.com\/index.php?rest_route=%2Fwp%2Fv2%2Fmedia&parent=3747"}],"curies":[{"name":"wp","href":"https:\/\/api.w.org\/{rel}","templated":true}]}}