{"id":3750,"date":"2020-04-10T09:00:44","date_gmt":"2020-04-10T08:00:44","guid":{"rendered":"https:\/\/hundertweinhaus.com\/?post_type=product&#038;p=3750"},"modified":"2025-07-06T10:18:08","modified_gmt":"2025-07-06T08:18:08","slug":"kovacs-nimrod-monopole-superior-bikaver-2016-eger-pdo","status":"publish","type":"product","link":"https:\/\/hundertweinhaus.com\/?product=kovacs-nimrod-monopole-superior-bikaver-2016-eger-pdo","title":{"rendered":"Kov\u00e1cs Nimr\u00f3d Monopole Superior Bikav\u00e9r 2016, PDO Eger"},"content":{"rendered":"<p>Rebsorten: 31% K\u00e9kfrankos\u00a024% Syrah\u00a012% Pinot Noir\u00a012% Merlot\u00a012% Cabernet Franc<\/p>\n<p>Alkoholgehalt: 13.0 % Vol.<\/p>\n<p>Flaschengr\u00f6sse: 75 cl<\/p>\n<p>Speiseempfehlung: Gulasch, Schmorgerichte<\/p>\n<p>Empfohlene Trinktemperatur: 17-18 \u00b0 C<\/p>\n<p>Trinkreife: bis 2024<\/p>\n","protected":false},"excerpt":{"rendered":"<p>Der Monopole Superior Bikav\u00e9r ist auch eine einzigartige Mischung aus K\u00e9kfrankos, Syrah, Merlot, Pinot Noir und Cabernet Franc. Diese Sorten, die nicht aus den Monopole Grand Superior-Terroirs stammen, verschmelzen in Harmonie und zeigen Eleganz und Finesse. Dieser Wein hat einen sch\u00f6nen tiefroten Farbton und Aromen von Sauerkirschen, Pflaumen, Waldfr\u00fcchte und Gew\u00fcrzen. Er hat ein volles Mundgef\u00fchl, gefolgt von einem langen sauberen Abgang und einem sch\u00f6nen S\u00e4urehaushalt. Er\u00a0macht jetzt Spass aber er wird viele Jahre lang wundersch\u00f6n in der Flaschen altern.<\/p>\n","protected":false},"featured_media":3778,"comment_status":"open","ping_status":"closed","template":"","meta":{"_et_pb_use_builder":"","_et_pb_old_content":"","_et_gb_content_width":""},"_links":{"self":[{"href":"https:\/\/hundertweinhaus.com\/index.php?rest_route=\/wp\/v2\/product\/3750"}],"collection":[{"href":"https:\/\/hundertweinhaus.com\/index.php?rest_route=\/wp\/v2\/product"}],"about":[{"href":"https:\/\/hundertweinhaus.com\/index.php?rest_route=\/wp\/v2\/types\/product"}],"replies":[{"embeddable":true,"href":"https:\/\/hundertweinhaus.com\/index.php?rest_route=%2Fwp%2Fv2%2Fcomments&post=3750"}],"wp:featuredmedia":[{"embeddable":true,"href":"https:\/\/hundertweinhaus.com\/index.php?rest_route=\/wp\/v2\/media\/3778"}],"wp:attachment":[{"href":"https:\/\/hundertweinhaus.com\/index.php?rest_route=%2Fwp%2Fv2%2Fmedia&parent=3750"}],"curies":[{"name":"wp","href":"https:\/\/api.w.org\/{rel}","templated":true}]}}