{"id":3755,"date":"2020-04-10T10:28:31","date_gmt":"2020-04-10T09:28:31","guid":{"rendered":"https:\/\/hundertweinhaus.com\/?post_type=product&#038;p=3755"},"modified":"2025-05-30T15:10:47","modified_gmt":"2025-05-30T13:10:47","slug":"bodri-optimus-cuvee-2016-szekszard-pdo","status":"publish","type":"product","link":"https:\/\/hundertweinhaus.com\/?product=bodri-optimus-cuvee-2016-szekszard-pdo","title":{"rendered":"Bodri Optimus Cuv\u00e9e 2018, PDO Szeksz\u00e1rd"},"content":{"rendered":"<p>Rebsorten: 40 % Cabernet Sauvignon, 30 % Merlot, 15 % Cabernet Franc, 15 % K\u00e9kfrankos (Blaufr\u00e4nkisch)<\/p>\n<p>Alkoholgehalt: 14,0 % Vol.<\/p>\n<p>Flaschengr\u00f6sse: 75 cl<\/p>\n<p>Speiseempfehlung: Fleisch- und Wildgerichten<\/p>\n<p>Empfohlene Trinktemperatur: 16-18 \u00b0 C<\/p>\n<p>Trinkreife: bis 2030<\/p>\n","protected":false},"excerpt":{"rendered":"<p>Optimus Cuv\u00e9e ist ein Spitzenwein mit unabh\u00e4ngigen Markennamen, der aus der Selection-Serie entwickelt wurde. Er zeichnet sich durch \u00fcppige Marmeladenaromen, eine Ganzk\u00f6rper- und lange Kellerzeit aus.<\/p>\n","protected":false},"featured_media":3756,"comment_status":"open","ping_status":"closed","template":"","meta":{"_et_pb_use_builder":"","_et_pb_old_content":"","_et_gb_content_width":""},"_links":{"self":[{"href":"https:\/\/hundertweinhaus.com\/index.php?rest_route=\/wp\/v2\/product\/3755"}],"collection":[{"href":"https:\/\/hundertweinhaus.com\/index.php?rest_route=\/wp\/v2\/product"}],"about":[{"href":"https:\/\/hundertweinhaus.com\/index.php?rest_route=\/wp\/v2\/types\/product"}],"replies":[{"embeddable":true,"href":"https:\/\/hundertweinhaus.com\/index.php?rest_route=%2Fwp%2Fv2%2Fcomments&post=3755"}],"wp:featuredmedia":[{"embeddable":true,"href":"https:\/\/hundertweinhaus.com\/index.php?rest_route=\/wp\/v2\/media\/3756"}],"wp:attachment":[{"href":"https:\/\/hundertweinhaus.com\/index.php?rest_route=%2Fwp%2Fv2%2Fmedia&parent=3755"}],"curies":[{"name":"wp","href":"https:\/\/api.w.org\/{rel}","templated":true}]}}