{"id":3757,"date":"2020-04-10T10:46:22","date_gmt":"2020-04-10T09:46:22","guid":{"rendered":"https:\/\/hundertweinhaus.com\/?post_type=product&#038;p=3757"},"modified":"2025-07-06T10:18:13","modified_gmt":"2025-07-06T08:18:13","slug":"bodri-merlot-gurovica-selection-2013-szekszard-pdo","status":"publish","type":"product","link":"https:\/\/hundertweinhaus.com\/?product=bodri-merlot-gurovica-selection-2013-szekszard-pdo","title":{"rendered":"Bodri Merlot Gurovica Selection 2016, PDO Szeksz\u00e1rd"},"content":{"rendered":"<p>Rebsorten: Merlot<\/p>\n<p>Alkoholgehalt: 14,5 % Vol.<\/p>\n<p>Flaschengr\u00f6sse: 75 cl<\/p>\n<p>Speiseempfehlung: Fleisch- und Wildgerichten<\/p>\n<p>Empfohlene Trinktemperatur: 16-18 \u00b0 C<\/p>\n<p>Trinkreife: bis 2030<\/p>\n","protected":false},"excerpt":{"rendered":"<p>Dieser Merlot zeichnet sich durch sehr tiefrote Farbe und ein elegantes, vibrierend fruchtiges Aroma aus, das haupts\u00e4chlich schwarze Johannisbeeren, Kirschen und Pflaumen \u00e4hnelt. Bei Probieren str\u00f6men leichte Sch\u00e4rfe, viel Obst und S\u00fcsse in den Mund. Die hochwertigen neuen franz\u00f6sischen F\u00e4sser tragen ebenfalls zum komplexen Geschmack und zur hervorragenden Struktur bei. Er wird bei 16 &#8211; 18 \u00b0 C serviert und als Begleitung zu festlichen Mahlzeiten und wichtigen Ereignissen empfohlen.<\/p>\n","protected":false},"featured_media":3758,"comment_status":"open","ping_status":"closed","template":"","meta":{"_et_pb_use_builder":"","_et_pb_old_content":"","_et_gb_content_width":""},"_links":{"self":[{"href":"https:\/\/hundertweinhaus.com\/index.php?rest_route=\/wp\/v2\/product\/3757"}],"collection":[{"href":"https:\/\/hundertweinhaus.com\/index.php?rest_route=\/wp\/v2\/product"}],"about":[{"href":"https:\/\/hundertweinhaus.com\/index.php?rest_route=\/wp\/v2\/types\/product"}],"replies":[{"embeddable":true,"href":"https:\/\/hundertweinhaus.com\/index.php?rest_route=%2Fwp%2Fv2%2Fcomments&post=3757"}],"wp:featuredmedia":[{"embeddable":true,"href":"https:\/\/hundertweinhaus.com\/index.php?rest_route=\/wp\/v2\/media\/3758"}],"wp:attachment":[{"href":"https:\/\/hundertweinhaus.com\/index.php?rest_route=%2Fwp%2Fv2%2Fmedia&parent=3757"}],"curies":[{"name":"wp","href":"https:\/\/api.w.org\/{rel}","templated":true}]}}