{"id":3765,"date":"2020-04-10T17:07:45","date_gmt":"2020-04-10T16:07:45","guid":{"rendered":"https:\/\/hundertweinhaus.com\/?post_type=product&#038;p=3765"},"modified":"2025-05-20T16:34:02","modified_gmt":"2025-05-20T14:34:02","slug":"kikelet-tokaji-estate-harslevelue-2018-tokaj-pdo","status":"publish","type":"product","link":"https:\/\/hundertweinhaus.com\/?product=kikelet-tokaji-estate-harslevelue-2018-tokaj-pdo","title":{"rendered":"Tokaj Kikelet H\u00e1rslevel\u00fc Tarczal 2022, PDO Tokaj"},"content":{"rendered":"<p>Rebsorten: H\u00e1rslevel\u00fc (Lindenbl\u00e4ttriger)<\/p>\n<p>Alkoholgehalt: 13.5 % Vol.<\/p>\n<p>Flaschengr\u00f6sse: 75 cl<\/p>\n<p>Speiseempfehlung: Apero, Fisch, Gefl\u00fcgel<\/p>\n<p>Empfohlene Trinktemperatur: 8 &#8211; 11 \u00b0 C<\/p>\n<p>Trinkreife: bis 2030<\/p>\n","protected":false},"excerpt":{"rendered":"<p>Ein charmanter und sehr liebenswerter Wein mit Aromen von frisch gepfl\u00fcckten Blumen, gelben Fr\u00fcchten und roter Beeren. Bei der Verkostung ist er sowohl rund als auch dynamisch, voller Geschmack und strahlt W\u00e4rme aus. Am Gaumen reife gelbe Fr\u00fcchte, Pfirsichsorten und s\u00fcsse Zitrusfr\u00fcchte.<\/p>\n","protected":false},"featured_media":3815,"comment_status":"open","ping_status":"closed","template":"","meta":{"_et_pb_use_builder":"","_et_pb_old_content":"","_et_gb_content_width":""},"_links":{"self":[{"href":"https:\/\/hundertweinhaus.com\/index.php?rest_route=\/wp\/v2\/product\/3765"}],"collection":[{"href":"https:\/\/hundertweinhaus.com\/index.php?rest_route=\/wp\/v2\/product"}],"about":[{"href":"https:\/\/hundertweinhaus.com\/index.php?rest_route=\/wp\/v2\/types\/product"}],"replies":[{"embeddable":true,"href":"https:\/\/hundertweinhaus.com\/index.php?rest_route=%2Fwp%2Fv2%2Fcomments&post=3765"}],"wp:featuredmedia":[{"embeddable":true,"href":"https:\/\/hundertweinhaus.com\/index.php?rest_route=\/wp\/v2\/media\/3815"}],"wp:attachment":[{"href":"https:\/\/hundertweinhaus.com\/index.php?rest_route=%2Fwp%2Fv2%2Fmedia&parent=3765"}],"curies":[{"name":"wp","href":"https:\/\/api.w.org\/{rel}","templated":true}]}}