{"id":3767,"date":"2020-04-24T09:41:42","date_gmt":"2020-04-24T08:41:42","guid":{"rendered":"https:\/\/hundertweinhaus.com\/?post_type=product&#038;p=3767"},"modified":"2025-02-15T16:03:33","modified_gmt":"2025-02-15T15:03:33","slug":"kikelet-tokaji-kassai-harslevelue-2018-tokaj-pdo","status":"publish","type":"product","link":"https:\/\/hundertweinhaus.com\/?product=kikelet-tokaji-kassai-harslevelue-2018-tokaj-pdo","title":{"rendered":"Tokaj Kikelet Tokaji H\u00e1rslevel\u00fc Kassai 2021, PDO Tokaj"},"content":{"rendered":"<p>Rebsorten: H\u00e1rslevel\u00fc (Lindenbl\u00e4ttriger)<\/p>\n<p>Alkoholgehalt: 13.0 % Vol.<\/p>\n<p>Zuckergehalt: 4.0 g\/l<\/p>\n<p>S\u00e4uregehalt: 8.06 g\/l<\/p>\n<p>Flaschengr\u00f6sse: 75 cl<\/p>\n<p>Speiseempfehlung: Apero, Fisch, Gefl\u00fcgel, Hartk\u00e4se<\/p>\n<p>Empfohlene Trinktemperatur: 8 &#8211; 11 \u00b0 C<\/p>\n<p>Trinkreife: bis 2031<\/p>\n","protected":false},"excerpt":{"rendered":"<p>In der Nase erscheinen Birnen mit pfirsichfarbenen und weissen Bl\u00fcten, leicht honigigen Zitrusnoten. Am Gaumen frisch, saftige Fr\u00fcchte, dynamische S\u00e4uren, die an rote Beeren erinnern, aber voller, fast kaubarer K\u00f6rper.<\/p>\n","protected":false},"featured_media":3814,"comment_status":"open","ping_status":"closed","template":"","meta":{"_et_pb_use_builder":"","_et_pb_old_content":"","_et_gb_content_width":""},"_links":{"self":[{"href":"https:\/\/hundertweinhaus.com\/index.php?rest_route=\/wp\/v2\/product\/3767"}],"collection":[{"href":"https:\/\/hundertweinhaus.com\/index.php?rest_route=\/wp\/v2\/product"}],"about":[{"href":"https:\/\/hundertweinhaus.com\/index.php?rest_route=\/wp\/v2\/types\/product"}],"replies":[{"embeddable":true,"href":"https:\/\/hundertweinhaus.com\/index.php?rest_route=%2Fwp%2Fv2%2Fcomments&post=3767"}],"wp:featuredmedia":[{"embeddable":true,"href":"https:\/\/hundertweinhaus.com\/index.php?rest_route=\/wp\/v2\/media\/3814"}],"wp:attachment":[{"href":"https:\/\/hundertweinhaus.com\/index.php?rest_route=%2Fwp%2Fv2%2Fmedia&parent=3767"}],"curies":[{"name":"wp","href":"https:\/\/api.w.org\/{rel}","templated":true}]}}