{"id":3769,"date":"2020-05-06T08:49:44","date_gmt":"2020-05-06T07:49:44","guid":{"rendered":"https:\/\/hundertweinhaus.com\/?post_type=product&#038;p=3769"},"modified":"2026-01-05T17:50:22","modified_gmt":"2026-01-05T16:50:22","slug":"erzsebet-estate-furmint-2018-tokaj-pdo","status":"publish","type":"product","link":"https:\/\/hundertweinhaus.com\/?product=erzsebet-estate-furmint-2018-tokaj-pdo","title":{"rendered":"Erzs\u00e9bet Estate Furmint 2021, PDO Tokaj"},"content":{"rendered":"<p>Rebsorten: Furmint<\/p>\n<p>Alkoholgehalt: 13.5 % Vol.<\/p>\n<p>Flaschengr\u00f6sse: 75 cl<\/p>\n<p>Speiseempfehlung: Apero, Hartk\u00e4se, H\u00fchnchengerichte<\/p>\n<p>Empfohlene Trinktemperatur: 8 &#8211; 11 \u00b0 C<\/p>\n<p>Trinkreife: bis 2023<\/p>\n","protected":false},"excerpt":{"rendered":"<p>Ananas, Birne, frischer gr\u00fcner Apfel in der Nase, ein sehr duftender Wein. Am Gaumen w\u00fcrzig und reichhaltig mit grossartigem Charakter und Mineralit\u00e4t aus den Terroirs. Lecker, cremig, langer Abgang.<\/p>\n","protected":false},"featured_media":3819,"comment_status":"open","ping_status":"closed","template":"","meta":{"_et_pb_use_builder":"","_et_pb_old_content":"","_et_gb_content_width":""},"_links":{"self":[{"href":"https:\/\/hundertweinhaus.com\/index.php?rest_route=\/wp\/v2\/product\/3769"}],"collection":[{"href":"https:\/\/hundertweinhaus.com\/index.php?rest_route=\/wp\/v2\/product"}],"about":[{"href":"https:\/\/hundertweinhaus.com\/index.php?rest_route=\/wp\/v2\/types\/product"}],"replies":[{"embeddable":true,"href":"https:\/\/hundertweinhaus.com\/index.php?rest_route=%2Fwp%2Fv2%2Fcomments&post=3769"}],"wp:featuredmedia":[{"embeddable":true,"href":"https:\/\/hundertweinhaus.com\/index.php?rest_route=\/wp\/v2\/media\/3819"}],"wp:attachment":[{"href":"https:\/\/hundertweinhaus.com\/index.php?rest_route=%2Fwp%2Fv2%2Fmedia&parent=3769"}],"curies":[{"name":"wp","href":"https:\/\/api.w.org\/{rel}","templated":true}]}}