{"id":3770,"date":"2020-05-06T08:51:14","date_gmt":"2020-05-06T07:51:14","guid":{"rendered":"https:\/\/hundertweinhaus.com\/?post_type=product&#038;p=3770"},"modified":"2025-06-03T03:06:03","modified_gmt":"2025-06-03T01:06:03","slug":"erzsebet-betsek-selection-2018-tokaj-pdo","status":"publish","type":"product","link":"https:\/\/hundertweinhaus.com\/?product=erzsebet-betsek-selection-2018-tokaj-pdo","title":{"rendered":"Erzs\u00e9bet Betsek Selection 2018, PDO Tokaj"},"content":{"rendered":"<p>Rebsorten: Furmint, Kabar<\/p>\n<p>Alkoholgehalt: 13.5 % Vol.<\/p>\n<p>Flaschengr\u00f6sse: 75 cl<\/p>\n<p>Speiseempfehlung: Apero, Fisch, Gefl\u00fcgel, Hartk\u00e4se<\/p>\n<p>Empfohlene Trinktemperatur: 8 &#8211; 11 \u00b0 C<\/p>\n<p>Trinkreife: bis 2026<\/p>\n","protected":false},"excerpt":{"rendered":"<p>Dieser Wein hat einen geringeren S\u00e4uregehalt und einen etwas gr\u00f6sseren K\u00f6rper mit \u00fcppigen, reichhaltigen, cremigen und weichen Eigenschaften.<\/p>\n","protected":false},"featured_media":3818,"comment_status":"open","ping_status":"closed","template":"","meta":{"_et_pb_use_builder":"","_et_pb_old_content":"","_et_gb_content_width":""},"_links":{"self":[{"href":"https:\/\/hundertweinhaus.com\/index.php?rest_route=\/wp\/v2\/product\/3770"}],"collection":[{"href":"https:\/\/hundertweinhaus.com\/index.php?rest_route=\/wp\/v2\/product"}],"about":[{"href":"https:\/\/hundertweinhaus.com\/index.php?rest_route=\/wp\/v2\/types\/product"}],"replies":[{"embeddable":true,"href":"https:\/\/hundertweinhaus.com\/index.php?rest_route=%2Fwp%2Fv2%2Fcomments&post=3770"}],"wp:featuredmedia":[{"embeddable":true,"href":"https:\/\/hundertweinhaus.com\/index.php?rest_route=\/wp\/v2\/media\/3818"}],"wp:attachment":[{"href":"https:\/\/hundertweinhaus.com\/index.php?rest_route=%2Fwp%2Fv2%2Fmedia&parent=3770"}],"curies":[{"name":"wp","href":"https:\/\/api.w.org\/{rel}","templated":true}]}}