{"id":3790,"date":"2020-04-15T07:52:17","date_gmt":"2020-04-15T06:52:17","guid":{"rendered":"https:\/\/hundertweinhaus.com\/?post_type=product&#038;p=3790"},"modified":"2025-04-29T21:54:54","modified_gmt":"2025-04-29T19:54:54","slug":"tornai-grofi-harslevelue-2015-somlo-pdo","status":"publish","type":"product","link":"https:\/\/hundertweinhaus.com\/?product=tornai-grofi-harslevelue-2015-somlo-pdo","title":{"rendered":"Tornai Gr\u00f3fi H\u00e1rslevel\u00fc 2015, PDO Soml\u00f3"},"content":{"rendered":"<p>Rebsorte: H\u00e1rslevel\u00fc (Lindenbl\u00e4ttriger)<\/p>\n<p>Alkoholgehalt: 14.0% Vol.<\/p>\n<p>Flaschengr\u00f6sse: 75 cl<\/p>\n<p>Speiseempfehlung:<\/p>\n<p>Empfohlene Trinktemperatur: 11 &#8211; 14 \u00b0 C<\/p>\n<p>Trinkreife bis 2025<\/p>\n","protected":false},"excerpt":{"rendered":"<p>Mit D\u00fcften von Lindenbl\u00fcten und \u00fcberreifen Fr\u00fcchten spricht uns dieser Wein an, verschiedene Gew\u00fcrze bereichern dieses Empfinden am Gaumen, verst\u00e4rkt durch eine gut eingebundene S\u00e4ure erfreut er mit einem langen Abgang, bei dem man auch leichte Mandelnoten entdecken kann.<\/p>\n","protected":false},"featured_media":3791,"comment_status":"open","ping_status":"closed","template":"","meta":{"_et_pb_use_builder":"","_et_pb_old_content":"","_et_gb_content_width":""},"_links":{"self":[{"href":"https:\/\/hundertweinhaus.com\/index.php?rest_route=\/wp\/v2\/product\/3790"}],"collection":[{"href":"https:\/\/hundertweinhaus.com\/index.php?rest_route=\/wp\/v2\/product"}],"about":[{"href":"https:\/\/hundertweinhaus.com\/index.php?rest_route=\/wp\/v2\/types\/product"}],"replies":[{"embeddable":true,"href":"https:\/\/hundertweinhaus.com\/index.php?rest_route=%2Fwp%2Fv2%2Fcomments&post=3790"}],"wp:featuredmedia":[{"embeddable":true,"href":"https:\/\/hundertweinhaus.com\/index.php?rest_route=\/wp\/v2\/media\/3791"}],"wp:attachment":[{"href":"https:\/\/hundertweinhaus.com\/index.php?rest_route=%2Fwp%2Fv2%2Fmedia&parent=3790"}],"curies":[{"name":"wp","href":"https:\/\/api.w.org\/{rel}","templated":true}]}}