{"id":380,"date":"2017-02-20T15:08:44","date_gmt":"2017-02-20T14:08:44","guid":{"rendered":"http:\/\/hundertweinhaus.fodof.eu\/shop\/gere-solus-merlot-20082009\/"},"modified":"2025-07-06T10:18:00","modified_gmt":"2025-07-06T08:18:00","slug":"gere-solus-merlot-20082009","status":"publish","type":"product","link":"https:\/\/hundertweinhaus.com\/?product=gere-solus-merlot-20082009","title":{"rendered":"A. Gere Solus Merlot 2019, PDO Vill\u00e1ny"},"content":{"rendered":"<p>Alkoholgehalt: 14.5 % Vol.<\/p>\n<p>Zuckergehalt:<\/p>\n<p>S\u00e4uregehalt:<\/p>\n<p>Flschengr\u00f6sse: 75 cl<\/p>\n<p>Speiseempfehlug: zu besonderen Anl\u00e4ssen und Momenten<\/p>\n<p>Empfohlene Trinktemperatur:\u00a017-18\u00b0 C<\/p>\n<p><img decoding=\"async\" loading=\"lazy\" class=\"alignnone size-full wp-image-3484\" src=\"https:\/\/hundertweinhaus.com\/wp-content\/uploads\/2019\/01\/lamm-200.jpg\" alt=\"\" width=\"200\" height=\"200\" srcset=\"https:\/\/hundertweinhaus.com\/wp-content\/uploads\/2019\/01\/lamm-200.jpg 200w, https:\/\/hundertweinhaus.com\/wp-content\/uploads\/2019\/01\/lamm-200-150x150.jpg 150w, https:\/\/hundertweinhaus.com\/wp-content\/uploads\/2019\/01\/lamm-200-100x100.jpg 100w\" sizes=\"(max-width: 200px) 100vw, 200px\" \/><img decoding=\"async\" loading=\"lazy\" class=\"alignnone size-full wp-image-3486\" src=\"https:\/\/hundertweinhaus.com\/wp-content\/uploads\/2019\/01\/rind-200.jpg\" alt=\"\" width=\"200\" height=\"200\" srcset=\"https:\/\/hundertweinhaus.com\/wp-content\/uploads\/2019\/01\/rind-200.jpg 200w, https:\/\/hundertweinhaus.com\/wp-content\/uploads\/2019\/01\/rind-200-150x150.jpg 150w, https:\/\/hundertweinhaus.com\/wp-content\/uploads\/2019\/01\/rind-200-100x100.jpg 100w\" sizes=\"(max-width: 200px) 100vw, 200px\" \/><\/p>\n<p>&nbsp;<\/p>\n","protected":false},"excerpt":{"rendered":"<p>Reifer Bourdon-Farbton und eleganter K\u00f6rper im Glas. Seine Nase ist vielseitig mit Mineralit\u00e4t, Kakaoaromen, Trockenfr\u00fcchten. Bei der Verkostung ist das Aroma des fein ger\u00f6steten Holzes von der Pflaum-Kirsch-Dominanz gut bedeckt. Der Geschmack wird von den Fr\u00fcchten geleitet, und die Tannine halten den Wein fest.\u00a0Dieser Wein ist f\u00fcr Merlot-Liebhaber ein unumg\u00e4nglicher Wein.<\/p>\n<p>Solus, ist der emblematische Merlot-Wein der Kellerei, welcher ausschliesslich aus dem Ertr\u00e4gnis des Kop\u00e1r Flurs in den besten Jahrg\u00e4ngen hergestellt wird. Die Bedeutung des Wortes Solus ist sondergleichen, was auf die spezielle unikale Existenz des Weines andeutet.<\/p>\n<p>An einer Blindprobe bei Wein &amp; Co. in Wien wurde der Solus Merlot erster und hat die \u00abSuper Toskaner\u00bb wie Masseto, Ornellaia und Gr\u00f6ssen aus dem Bordeaux wie Ch\u00e2teau Petrus hinter sich gelassen.<\/p>\n","protected":false},"featured_media":4150,"comment_status":"open","ping_status":"closed","template":"","meta":{"_et_pb_use_builder":"","_et_pb_old_content":"","_et_gb_content_width":""},"_links":{"self":[{"href":"https:\/\/hundertweinhaus.com\/index.php?rest_route=\/wp\/v2\/product\/380"}],"collection":[{"href":"https:\/\/hundertweinhaus.com\/index.php?rest_route=\/wp\/v2\/product"}],"about":[{"href":"https:\/\/hundertweinhaus.com\/index.php?rest_route=\/wp\/v2\/types\/product"}],"replies":[{"embeddable":true,"href":"https:\/\/hundertweinhaus.com\/index.php?rest_route=%2Fwp%2Fv2%2Fcomments&post=380"}],"wp:featuredmedia":[{"embeddable":true,"href":"https:\/\/hundertweinhaus.com\/index.php?rest_route=\/wp\/v2\/media\/4150"}],"wp:attachment":[{"href":"https:\/\/hundertweinhaus.com\/index.php?rest_route=%2Fwp%2Fv2%2Fmedia&parent=380"}],"curies":[{"name":"wp","href":"https:\/\/api.w.org\/{rel}","templated":true}]}}