{"id":3831,"date":"2020-09-20T18:12:03","date_gmt":"2020-09-20T17:12:03","guid":{"rendered":"https:\/\/hundertweinhaus.com\/?post_type=product&#038;p=3831"},"modified":"2026-01-07T22:42:20","modified_gmt":"2026-01-07T21:42:20","slug":"panyolai-aranykoerte","status":"publish","type":"product","link":"https:\/\/hundertweinhaus.com\/?product=panyolai-aranykoerte","title":{"rendered":"Panyolai Aranyk\u00f6rte"},"content":{"rendered":"<p>Herkunftsort: Ungarn<\/p>\n<p>Getr\u00e4nketyp: Bettbrand<\/p>\n<p>Frucht: Birne<\/p>\n<p>Reifungsmethode: Auf einem Obstbett gereift<\/p>\n<p>Empfohlene Verbrauchstemperatur: 16-19 \u00b0 C.<\/p>\n<p>Farbe: Hellgoldgelb<\/p>\n<p>Verpackung: 0,5 Liter<\/p>\n<p>Alkoholgehalt: 38%<\/p>\n","protected":false},"excerpt":{"rendered":"<p>Der honigfarbene Muskatbrand, der auf getrockneter Basis von Hand hergestellt wird, streichelt sanft den Hals wie ein Kr\u00e4utertee. Die spielerische Jagd nach Aromen und Geschmacksrichtungen verbindet den s\u00fc\u00dfen Birnenbrei mit dem sauberen, honigartigen Aroma. Der angenehm w\u00fcrzige, leicht rauchige Nachgeschmack verbreitet zuerst frische Zitrusfr\u00fcchte in unserem Mund, und schlie\u00dflich bleibt nur die reine Birne \u00fcbrig.<\/p>\n","protected":false},"featured_media":3882,"comment_status":"open","ping_status":"closed","template":"","meta":{"_et_pb_use_builder":"","_et_pb_old_content":"","_et_gb_content_width":""},"_links":{"self":[{"href":"https:\/\/hundertweinhaus.com\/index.php?rest_route=\/wp\/v2\/product\/3831"}],"collection":[{"href":"https:\/\/hundertweinhaus.com\/index.php?rest_route=\/wp\/v2\/product"}],"about":[{"href":"https:\/\/hundertweinhaus.com\/index.php?rest_route=\/wp\/v2\/types\/product"}],"replies":[{"embeddable":true,"href":"https:\/\/hundertweinhaus.com\/index.php?rest_route=%2Fwp%2Fv2%2Fcomments&post=3831"}],"wp:featuredmedia":[{"embeddable":true,"href":"https:\/\/hundertweinhaus.com\/index.php?rest_route=\/wp\/v2\/media\/3882"}],"wp:attachment":[{"href":"https:\/\/hundertweinhaus.com\/index.php?rest_route=%2Fwp%2Fv2%2Fmedia&parent=3831"}],"curies":[{"name":"wp","href":"https:\/\/api.w.org\/{rel}","templated":true}]}}