{"id":3834,"date":"2020-09-20T18:09:17","date_gmt":"2020-09-20T17:09:17","guid":{"rendered":"https:\/\/hundertweinhaus.com\/?post_type=product&#038;p=3834"},"modified":"2026-01-07T22:42:20","modified_gmt":"2026-01-07T21:42:20","slug":"panyolai-elixir-erlelt-szatmari-szilva","status":"publish","type":"product","link":"https:\/\/hundertweinhaus.com\/?product=panyolai-elixir-erlelt-szatmari-szilva","title":{"rendered":"Panyolai Elix\u00edr \u00c9rlelt Szatm\u00e1ri Szilva"},"content":{"rendered":"<p>Herkunftsort: Ungarn<\/p>\n<p>Geografische Herkunft: Szatm\u00e1r Pflaume<\/p>\n<p>Getr\u00e4nketyp: Obstbrand<\/p>\n<p>Obst: Pflaumen<\/p>\n<p>Reifungsmethode: In Holzf\u00e4ssern gereift<\/p>\n<p>Fasstyp: Maulbeerfass<\/p>\n<p>Empfohlene Verbrauchstemperatur: 16-19 \u00b0 C.<\/p>\n<p>Farbe: Reifes Gelb<\/p>\n<p>Wir empfehlen f\u00fcr diesen: Er passt gut zu verschiedenen Wildfleischsorten, ist aber auch perfekt f\u00fcr Marmeladennudeln oder Pflaumenkn\u00f6del.<\/p>\n<p>Verpackung: 0,5 Liter<\/p>\n<p>Alkoholgehalt: 45%<\/p>\n","protected":false},"excerpt":{"rendered":"<p>Der harmonische, raffinierte und seidige Charakter der P\u00e1linka wird durch die Reifung in Holzf\u00e4ssern sichergestellt. Die ma\u00dfgefertigten F\u00e4sser bestehen aus Maulbeere. Die Reifung, die viele Monate dauert, verleiht Szatm\u00e1ri Szilva eine besondere Farbe und Weichheit, die ihren nationalen Ruhm und Ruhm verdient.<\/p>\n","protected":false},"featured_media":3880,"comment_status":"open","ping_status":"closed","template":"","meta":{"_et_pb_use_builder":"","_et_pb_old_content":"","_et_gb_content_width":""},"_links":{"self":[{"href":"https:\/\/hundertweinhaus.com\/index.php?rest_route=\/wp\/v2\/product\/3834"}],"collection":[{"href":"https:\/\/hundertweinhaus.com\/index.php?rest_route=\/wp\/v2\/product"}],"about":[{"href":"https:\/\/hundertweinhaus.com\/index.php?rest_route=\/wp\/v2\/types\/product"}],"replies":[{"embeddable":true,"href":"https:\/\/hundertweinhaus.com\/index.php?rest_route=%2Fwp%2Fv2%2Fcomments&post=3834"}],"wp:featuredmedia":[{"embeddable":true,"href":"https:\/\/hundertweinhaus.com\/index.php?rest_route=\/wp\/v2\/media\/3880"}],"wp:attachment":[{"href":"https:\/\/hundertweinhaus.com\/index.php?rest_route=%2Fwp%2Fv2%2Fmedia&parent=3834"}],"curies":[{"name":"wp","href":"https:\/\/api.w.org\/{rel}","templated":true}]}}