{"id":3837,"date":"2020-09-07T21:53:07","date_gmt":"2020-09-07T20:53:07","guid":{"rendered":"https:\/\/hundertweinhaus.com\/?post_type=product&#038;p=3837"},"modified":"2025-05-30T09:10:48","modified_gmt":"2025-05-30T07:10:48","slug":"panyolai-elixir-kajszibarack","status":"publish","type":"product","link":"https:\/\/hundertweinhaus.com\/?product=panyolai-elixir-kajszibarack","title":{"rendered":"Panyolai Elix\u00edr Kajszibarack"},"content":{"rendered":"<p>Herkunftsort: Ungarn<\/p>\n<p>Getr\u00e4nketyp: Obstbrand<\/p>\n<p>Obst: Aprikosen<\/p>\n<p>Empfohlene Verbrauchstemperatur: 16-19 \u00b0 C.<\/p>\n<p>Farbe: Kristallklar<\/p>\n<p>Wir empfehlen diese: Die perfekte Wahl f\u00fcr Omas Pfirsichmarmeladenpfannkuchen.<\/p>\n<p>Verpackung: 0,5 Liter<\/p>\n<p>Alkoholgehalt: 40%<\/p>\n","protected":false},"excerpt":{"rendered":"<p>Das Aroma und der Geschmack dieses Brandys sprechen f\u00fcr sich: Das Bei\u00dfen in eine echte Aprikose ist ein unvergessliches Erlebnis. Das f\u00fchlt jeder, wenn er den Saft gekochter Pfirsiche schmeckt. Durch sorgf\u00e4ltige Auswahl der Produktionsbereiche erreichen sie diese \u00e4u\u00dferst reiche Geschmackswelt. Schmeckt nach traditionellen ungarischen Aprikosenb\u00e4umen aus den besten Obstg\u00e4rten: Dies ist der Panyolai Elixir Aprikosen Brandy.<\/p>\n","protected":false},"featured_media":3872,"comment_status":"open","ping_status":"closed","template":"","meta":{"_et_pb_use_builder":"","_et_pb_old_content":"","_et_gb_content_width":""},"_links":{"self":[{"href":"https:\/\/hundertweinhaus.com\/index.php?rest_route=\/wp\/v2\/product\/3837"}],"collection":[{"href":"https:\/\/hundertweinhaus.com\/index.php?rest_route=\/wp\/v2\/product"}],"about":[{"href":"https:\/\/hundertweinhaus.com\/index.php?rest_route=\/wp\/v2\/types\/product"}],"replies":[{"embeddable":true,"href":"https:\/\/hundertweinhaus.com\/index.php?rest_route=%2Fwp%2Fv2%2Fcomments&post=3837"}],"wp:featuredmedia":[{"embeddable":true,"href":"https:\/\/hundertweinhaus.com\/index.php?rest_route=\/wp\/v2\/media\/3872"}],"wp:attachment":[{"href":"https:\/\/hundertweinhaus.com\/index.php?rest_route=%2Fwp%2Fv2%2Fmedia&parent=3837"}],"curies":[{"name":"wp","href":"https:\/\/api.w.org\/{rel}","templated":true}]}}