{"id":3839,"date":"2020-09-07T21:54:51","date_gmt":"2020-09-07T20:54:51","guid":{"rendered":"https:\/\/hundertweinhaus.com\/?post_type=product&#038;p=3839"},"modified":"2024-09-03T17:07:56","modified_gmt":"2024-09-03T15:07:56","slug":"panyolai-elixir-fekete-cseresznye","status":"publish","type":"product","link":"https:\/\/hundertweinhaus.com\/?product=panyolai-elixir-fekete-cseresznye","title":{"rendered":"Panyolai Elix\u00edr Fekete Cseresznye"},"content":{"rendered":"<p>Herkunftsort: Ungarn<\/p>\n<p>Getr\u00e4nketyp: Obstbrand<\/p>\n<p>Obst: Kirsche<\/p>\n<p>Empfohlene Verbrauchstemperatur: 16-19 \u00b0 C.<\/p>\n<p>Farbe: Kristallklar<\/p>\n<p>Empfohlen f\u00fcr: Schokolade, s\u00fc\u00dfe Desserts, Backwaren.<\/p>\n<p>Verpackung: 0,5 Liter<\/p>\n<p>Alkoholgehalt: 42%<\/p>\n","protected":false},"excerpt":{"rendered":"<p>Die erste auff\u00e4llige Frucht des Fr\u00fchlings, die mit brennender W\u00e4rme vom Glas auf die Verkostung zur\u00fcckblickt. Das s\u00fc\u00dfe, angenehm w\u00fcrzige Aroma und der Geschmack der Desserts verf\u00fchren mit der angenehm adstringierenden Marzipanit\u00e4t des Samens. Im Winter wird das Feuer des Kamins in unserer Seele durch die Perfektion des Brandys verst\u00e4rkt, der an den Sommer erinnert.<\/p>\n","protected":false},"featured_media":3869,"comment_status":"open","ping_status":"closed","template":"","meta":{"_et_pb_use_builder":"","_et_pb_old_content":"","_et_gb_content_width":""},"_links":{"self":[{"href":"https:\/\/hundertweinhaus.com\/index.php?rest_route=\/wp\/v2\/product\/3839"}],"collection":[{"href":"https:\/\/hundertweinhaus.com\/index.php?rest_route=\/wp\/v2\/product"}],"about":[{"href":"https:\/\/hundertweinhaus.com\/index.php?rest_route=\/wp\/v2\/types\/product"}],"replies":[{"embeddable":true,"href":"https:\/\/hundertweinhaus.com\/index.php?rest_route=%2Fwp%2Fv2%2Fcomments&post=3839"}],"wp:featuredmedia":[{"embeddable":true,"href":"https:\/\/hundertweinhaus.com\/index.php?rest_route=\/wp\/v2\/media\/3869"}],"wp:attachment":[{"href":"https:\/\/hundertweinhaus.com\/index.php?rest_route=%2Fwp%2Fv2%2Fmedia&parent=3839"}],"curies":[{"name":"wp","href":"https:\/\/api.w.org\/{rel}","templated":true}]}}