{"id":3842,"date":"2020-09-20T18:08:17","date_gmt":"2020-09-20T17:08:17","guid":{"rendered":"https:\/\/hundertweinhaus.com\/?post_type=product&#038;p=3842"},"modified":"2024-09-03T17:08:17","modified_gmt":"2024-09-03T15:08:17","slug":"panyolai-rubinmeggy","status":"publish","type":"product","link":"https:\/\/hundertweinhaus.com\/?product=panyolai-rubinmeggy","title":{"rendered":"Panyolai Rubinmeggy"},"content":{"rendered":"<p>Herkunftsort: Ungarn<\/p>\n<p>Getr\u00e4nketyp: Bettbrand<\/p>\n<p>Obst: Sauerkirschen<\/p>\n<p>Reifungsmethode: Auf einem Obstbett gereift<\/p>\n<p>Empfohlene Verbrauchstemperatur: 16-19 \u00b0 C.<\/p>\n<p>Aroma: Das Aroma von Panyolai Rubinmeggy P\u00e1linka wird von der charakteristischen Fruchtigkeit frisch gepfl\u00fcckter Sauerkirschen dominiert.<\/p>\n<p>Geschmack und Abgang: In seinem Geschmack sind die au\u00dfergew\u00f6hnliche Fruchtigkeit und der leicht saure Charakter die bestimmenden Faktoren.<\/p>\n<p>Farbe: Rubinrot<\/p>\n<p>Wir empfehlen f\u00fcr diese: Wirklich edler Brandy, daher empfehlen wir, ihn selbst zu konsumieren.<\/p>\n<p>Verpackung: 0,5 Liter<\/p>\n<p>Alkoholgehalt: 38%<\/p>\n","protected":false},"excerpt":{"rendered":"<p>Es ist Mitglied eines edlen Familienbrands, der auf einem Bett aus frischem Obst gereift ist. Keine \u00dcbertreibung: Die Farbe, der Geschmack und der Wert des Rubins sind auf die lange Begegnung von Frucht und Brandy zur\u00fcckzuf\u00fchren. Clownhaftes, jungfr\u00e4uliches, s\u00fc\u00df adstringierendes Aroma mit konzentrierter Fruchtigkeit und einem angenehmen Alkoholgeschmack im Hintergrund.<\/p>\n","protected":false},"featured_media":3879,"comment_status":"open","ping_status":"closed","template":"","meta":{"_et_pb_use_builder":"","_et_pb_old_content":"","_et_gb_content_width":""},"_links":{"self":[{"href":"https:\/\/hundertweinhaus.com\/index.php?rest_route=\/wp\/v2\/product\/3842"}],"collection":[{"href":"https:\/\/hundertweinhaus.com\/index.php?rest_route=\/wp\/v2\/product"}],"about":[{"href":"https:\/\/hundertweinhaus.com\/index.php?rest_route=\/wp\/v2\/types\/product"}],"replies":[{"embeddable":true,"href":"https:\/\/hundertweinhaus.com\/index.php?rest_route=%2Fwp%2Fv2%2Fcomments&post=3842"}],"wp:featuredmedia":[{"embeddable":true,"href":"https:\/\/hundertweinhaus.com\/index.php?rest_route=\/wp\/v2\/media\/3879"}],"wp:attachment":[{"href":"https:\/\/hundertweinhaus.com\/index.php?rest_route=%2Fwp%2Fv2%2Fmedia&parent=3842"}],"curies":[{"name":"wp","href":"https:\/\/api.w.org\/{rel}","templated":true}]}}