{"id":3844,"date":"2020-08-05T16:21:42","date_gmt":"2020-08-05T15:21:42","guid":{"rendered":"https:\/\/hundertweinhaus.com\/?post_type=product&#038;p=3844"},"modified":"2024-09-03T17:08:10","modified_gmt":"2024-09-03T15:08:10","slug":"panyolai-asztaltszilva-eszencia","status":"publish","type":"product","link":"https:\/\/hundertweinhaus.com\/?product=panyolai-asztaltszilva-eszencia","title":{"rendered":"Panyolai Asztaltszilva Eszencia"},"content":{"rendered":"<p>Produktionsort: Ungarn<\/p>\n<p>Getr\u00e4nketyp: Bettbrand<\/p>\n<p>Obst: Pflaumen<\/p>\n<p>Reifungsmethode: Auf einem Obstbett gereift<\/p>\n<p>Empfohlene Verbrauchstemperatur: 16-19 \u00b0 C.<\/p>\n<p>Farbe schwarz<\/p>\n<p>Wir empfehlen f\u00fcr diese: Es zeigt wirklich seinen au\u00dfergew\u00f6hnlichen Genusswert, wenn es alleine konsumiert wird.<\/p>\n<p>Verpackung: 0,35 Liter<\/p>\n<p>Alkoholgehalt: 45%<\/p>\n","protected":false},"excerpt":{"rendered":"<p>Essence P\u00e1linka basiert auf der perfekten Qualit\u00e4t Elix\u00edr P\u00e1linka, die auf einem extrem reichen Bett aus getrockneten Fr\u00fcchten ruht und zun\u00e4chst zwei Drittel ihres Volumens verliert, w\u00e4hrend sie mit besonderer Fruchtigkeit angereichert wird. Panyolai Essence Pflaumen P\u00e1linka ist eines der hochwertigen Produkte von Panyolai Szilv\u00f3rium Zrt.<\/p>\n","protected":false},"featured_media":3877,"comment_status":"open","ping_status":"closed","template":"","meta":{"_et_pb_use_builder":"","_et_pb_old_content":"","_et_gb_content_width":""},"_links":{"self":[{"href":"https:\/\/hundertweinhaus.com\/index.php?rest_route=\/wp\/v2\/product\/3844"}],"collection":[{"href":"https:\/\/hundertweinhaus.com\/index.php?rest_route=\/wp\/v2\/product"}],"about":[{"href":"https:\/\/hundertweinhaus.com\/index.php?rest_route=\/wp\/v2\/types\/product"}],"replies":[{"embeddable":true,"href":"https:\/\/hundertweinhaus.com\/index.php?rest_route=%2Fwp%2Fv2%2Fcomments&post=3844"}],"wp:featuredmedia":[{"embeddable":true,"href":"https:\/\/hundertweinhaus.com\/index.php?rest_route=\/wp\/v2\/media\/3877"}],"wp:attachment":[{"href":"https:\/\/hundertweinhaus.com\/index.php?rest_route=%2Fwp%2Fv2%2Fmedia&parent=3844"}],"curies":[{"name":"wp","href":"https:\/\/api.w.org\/{rel}","templated":true}]}}