{"id":3849,"date":"2020-09-20T18:04:34","date_gmt":"2020-09-20T17:04:34","guid":{"rendered":"https:\/\/hundertweinhaus.com\/?post_type=product&#038;p=3849"},"modified":"2025-04-13T03:55:18","modified_gmt":"2025-04-13T01:55:18","slug":"panyolai-mezes-zoeld-dio","status":"publish","type":"product","link":"https:\/\/hundertweinhaus.com\/?product=panyolai-mezes-zoeld-dio","title":{"rendered":"Panyolai M\u00e9zes Z\u00f6ld di\u00f3"},"content":{"rendered":"<p>Herkunftsort: Ungarn<\/p>\n<p>Getr\u00e4nketyp: Lik\u00f6r<\/p>\n<p>Zutaten: Waln\u00fcsse<\/p>\n<p>Empfohlene Verbrauchstemperatur: 16-19 \u00b0 C.<\/p>\n<p>Duft: Der Duft wird von einem s\u00fc\u00dfen Charakter und einem bissigen, intensiv w\u00fcrzigen Charakter dominiert. Die Brandy-Noten sind mit Zimt und Vanille angereichert.<\/p>\n<p>Geschmack und Abgang: In seinem \u00e4u\u00dferst komplexen, abgerundeten und vollen Geschmack treffen sich die charakteristische Adstringenz gr\u00fcner N\u00fcsse und die S\u00fc\u00dfe von Honig. Der Geschmack von Nelken, Vanille und Zimt verleiht ihm einen einzigartigen Charakter. Sein Abgang ist wunderbar reichhaltig, s\u00fc\u00df, w\u00fcrzig, einfach wundersch\u00f6n.<\/p>\n<p>Farbe: Dunkelbraun<\/p>\n<p>Wir empfehlen f\u00fcr diese: Es passt gut zu Desserts, kann aber auch alleine verzehrt werden.<\/p>\n<p>Verpackung: 0,5 Liter<\/p>\n<p>Alkoholgehalt: 30%<\/p>\n","protected":false},"excerpt":{"rendered":"<p>Panyola Honig Gr\u00fcne Walnuss Lik\u00f6r bietet gleichzeitig ein s\u00fc\u00dfes, adstringierendes und w\u00fcrziges Erlebnis. Ein angenehm adstringierendes und dennoch s\u00fc\u00dflich weiches Getr\u00e4nk, eine exotische Begegnung von Zitrus-Vanille-Geschmack mit der Geschmacksharmonie von Zimt und Nelken.<\/p>\n","protected":false},"featured_media":3875,"comment_status":"open","ping_status":"closed","template":"","meta":{"_et_pb_use_builder":"","_et_pb_old_content":"","_et_gb_content_width":""},"_links":{"self":[{"href":"https:\/\/hundertweinhaus.com\/index.php?rest_route=\/wp\/v2\/product\/3849"}],"collection":[{"href":"https:\/\/hundertweinhaus.com\/index.php?rest_route=\/wp\/v2\/product"}],"about":[{"href":"https:\/\/hundertweinhaus.com\/index.php?rest_route=\/wp\/v2\/types\/product"}],"replies":[{"embeddable":true,"href":"https:\/\/hundertweinhaus.com\/index.php?rest_route=%2Fwp%2Fv2%2Fcomments&post=3849"}],"wp:featuredmedia":[{"embeddable":true,"href":"https:\/\/hundertweinhaus.com\/index.php?rest_route=\/wp\/v2\/media\/3875"}],"wp:attachment":[{"href":"https:\/\/hundertweinhaus.com\/index.php?rest_route=%2Fwp%2Fv2%2Fmedia&parent=3849"}],"curies":[{"name":"wp","href":"https:\/\/api.w.org\/{rel}","templated":true}]}}