{"id":3850,"date":"2020-09-07T21:55:09","date_gmt":"2020-09-07T20:55:09","guid":{"rendered":"https:\/\/hundertweinhaus.com\/?post_type=product&#038;p=3850"},"modified":"2024-09-03T17:07:56","modified_gmt":"2024-09-03T15:07:56","slug":"panyolai-misztikum-maklikor","status":"publish","type":"product","link":"https:\/\/hundertweinhaus.com\/?product=panyolai-misztikum-maklikor","title":{"rendered":"Panyolai Misztikum M\u00e1klik\u0151r"},"content":{"rendered":"<p>Produktionsort: Ungarn<\/p>\n<p>Getr\u00e4nketyp: Lik\u00f6r<\/p>\n<p>Zutaten: Mohn<\/p>\n<p>Empfohlene Verbrauchstemperatur: Gek\u00fchlt verbrauchen<\/p>\n<p>Farbe schwarz<\/p>\n<p>F\u00fcr diese empfehlen wir: Verbrauchen Sie es alleine oder begleitet von einem ausgezeichneten Dessert<\/p>\n<p>Verpackung: 0,5 Liter<\/p>\n<p>Alkoholgehalt: 30%<\/p>\n","protected":false},"excerpt":{"rendered":"<p>Eine der Spezialit\u00e4ten der Panyolai Brand Destillerie ist eines der beliebtesten Mitglieder der Mystic-Serie, der Panyolai Mystic Mohn Lik\u00f6r. Der Lik\u00f6r basiert nat\u00fcrlich auf ausgezeichnetem Panyolai-Brand, der mit Mohn aufregend gemacht wird. Panyolai Mystic Mohn Lik\u00f6r hat eine besondere Welt von Aromen und Geschmacksrichtungen, sein s\u00fc\u00dfer Geschmack wird von vielen gemocht. F\u00fcr das beste Geschmackserlebnis zu erreichen, empfehlen wir ihn gut gek\u00fchlt zu konsumieren.<\/p>\n","protected":false},"featured_media":3865,"comment_status":"open","ping_status":"closed","template":"","meta":{"_et_pb_use_builder":"","_et_pb_old_content":"","_et_gb_content_width":""},"_links":{"self":[{"href":"https:\/\/hundertweinhaus.com\/index.php?rest_route=\/wp\/v2\/product\/3850"}],"collection":[{"href":"https:\/\/hundertweinhaus.com\/index.php?rest_route=\/wp\/v2\/product"}],"about":[{"href":"https:\/\/hundertweinhaus.com\/index.php?rest_route=\/wp\/v2\/types\/product"}],"replies":[{"embeddable":true,"href":"https:\/\/hundertweinhaus.com\/index.php?rest_route=%2Fwp%2Fv2%2Fcomments&post=3850"}],"wp:featuredmedia":[{"embeddable":true,"href":"https:\/\/hundertweinhaus.com\/index.php?rest_route=\/wp\/v2\/media\/3865"}],"wp:attachment":[{"href":"https:\/\/hundertweinhaus.com\/index.php?rest_route=%2Fwp%2Fv2%2Fmedia&parent=3850"}],"curies":[{"name":"wp","href":"https:\/\/api.w.org\/{rel}","templated":true}]}}