{"id":3860,"date":"2020-08-25T16:01:03","date_gmt":"2020-08-25T15:01:03","guid":{"rendered":"https:\/\/hundertweinhaus.com\/?post_type=product&#038;p=3860"},"modified":"2025-02-15T15:41:33","modified_gmt":"2025-02-15T14:41:33","slug":"grof-degenfeld-tokaji-szamorodni-selection-2017","status":"publish","type":"product","link":"https:\/\/hundertweinhaus.com\/?product=grof-degenfeld-tokaji-szamorodni-selection-2017","title":{"rendered":"Gr\u00f3f Degenfeld Tokaji Szamorodni Selection 2017, PDO Tokaj"},"content":{"rendered":"<p>Rebsorten: Muscat Blanc<\/p>\n<p>Alkoholgehalt: 11.0 % Vol.<\/p>\n<p>Zuckergehalt: 120.8 g<\/p>\n<p>Flaschengr\u00f6sse: 50 cl<\/p>\n<p>Speiseempfehlung: Nachspeisen, einfach so zum geniessen<\/p>\n<p>Empfohlene Trinktemperatur: 8 &#8211; 11 \u00b0 C<\/p>\n<p>Trinkreife: bis 2030<\/p>\n","protected":false},"excerpt":{"rendered":"<p>Dieser einzigartige Wein wird nur in limitierten Serien und in sehr seltenen Jahrg\u00e4ngen hergestellt. Zum ersten Mal im Leben des Grafen Degenfeld Weinbergs ist diese ungew\u00f6hnliche Weinspezialit\u00e4t erh\u00e4ltlich. Seine Einzigartigkeit zeigt sich bereits in den exotischen w\u00fcrzigen Aromen, die seinem Duft innewohnen, sowie in Ananas und einem Tropfen Lilienbl\u00fcte. In seinem Geschmack k\u00f6nnen Sie die s\u00fcssen Muskat-Trauben und die reife Melone entdecken, gefolgt von t\u00fcrkischem Honig und einem kleinen Nelkencharakter im Abgang. Ein wahrer Genuss f\u00fcr besondere Anl\u00e4sse.<\/p>\n","protected":false},"featured_media":3862,"comment_status":"open","ping_status":"closed","template":"","meta":{"_et_pb_use_builder":"","_et_pb_old_content":"","_et_gb_content_width":""},"_links":{"self":[{"href":"https:\/\/hundertweinhaus.com\/index.php?rest_route=\/wp\/v2\/product\/3860"}],"collection":[{"href":"https:\/\/hundertweinhaus.com\/index.php?rest_route=\/wp\/v2\/product"}],"about":[{"href":"https:\/\/hundertweinhaus.com\/index.php?rest_route=\/wp\/v2\/types\/product"}],"replies":[{"embeddable":true,"href":"https:\/\/hundertweinhaus.com\/index.php?rest_route=%2Fwp%2Fv2%2Fcomments&post=3860"}],"wp:featuredmedia":[{"embeddable":true,"href":"https:\/\/hundertweinhaus.com\/index.php?rest_route=\/wp\/v2\/media\/3862"}],"wp:attachment":[{"href":"https:\/\/hundertweinhaus.com\/index.php?rest_route=%2Fwp%2Fv2%2Fmedia&parent=3860"}],"curies":[{"name":"wp","href":"https:\/\/api.w.org\/{rel}","templated":true}]}}