{"id":3940,"date":"2021-04-17T10:18:52","date_gmt":"2021-04-17T09:18:52","guid":{"rendered":"https:\/\/hundertweinhaus.com\/?post_type=product&#038;p=3940"},"modified":"2025-02-15T15:40:31","modified_gmt":"2025-02-15T14:40:31","slug":"grof-degenfeld-tokaji-5-puttonyos-aszu-2016-tokaj-pdo","status":"publish","type":"product","link":"https:\/\/hundertweinhaus.com\/?product=grof-degenfeld-tokaji-5-puttonyos-aszu-2016-tokaj-pdo","title":{"rendered":"Gr\u00f3f Degenfeld Tokaji 5 Puttonyos Asz\u00fa 2016, PDO Tokaj"},"content":{"rendered":"<p>Rebsorte:\u00a0 40 % Furmint, 60 % H\u00e1rslevel\u00fc<\/p>\n<p>Alkoholgehalt: 10 % Vol.<\/p>\n<p>Zuckergehalt: 151 g\/l<\/p>\n<p>S\u00e4uregehalt: 9.19 g\/l<\/p>\n<p>Flaschengr\u00f6sse: 50 cl<\/p>\n<p>Speiseempfehlung: zu\u00a0Desert und G\u00e4nseleber<\/p>\n<p>Empfohlene Trinktemperatur: 11 \u00b0 C<\/p>\n<p>&nbsp;<\/p>\n","protected":false},"excerpt":{"rendered":"<p>Sein Aroma tr\u00e4gt neben getrockneten Aprikosen honigartige Notizen, mit dem Aussehen von Bienenwachs. Aprikosen kehren auch im Geschmack zur\u00fcck, aber getrocknete Melonen und Mangos sind auch stark vorhanden. Der Wein hat eine sehr sch\u00f6ne S\u00e4ure-Zucker-Balance f\u00fcr einen langen Abgang.<\/p>\n<p>&nbsp;<\/p>\n","protected":false},"featured_media":3997,"comment_status":"open","ping_status":"closed","template":"","meta":{"_et_pb_use_builder":"","_et_pb_old_content":"","_et_gb_content_width":""},"_links":{"self":[{"href":"https:\/\/hundertweinhaus.com\/index.php?rest_route=\/wp\/v2\/product\/3940"}],"collection":[{"href":"https:\/\/hundertweinhaus.com\/index.php?rest_route=\/wp\/v2\/product"}],"about":[{"href":"https:\/\/hundertweinhaus.com\/index.php?rest_route=\/wp\/v2\/types\/product"}],"replies":[{"embeddable":true,"href":"https:\/\/hundertweinhaus.com\/index.php?rest_route=%2Fwp%2Fv2%2Fcomments&post=3940"}],"wp:featuredmedia":[{"embeddable":true,"href":"https:\/\/hundertweinhaus.com\/index.php?rest_route=\/wp\/v2\/media\/3997"}],"wp:attachment":[{"href":"https:\/\/hundertweinhaus.com\/index.php?rest_route=%2Fwp%2Fv2%2Fmedia&parent=3940"}],"curies":[{"name":"wp","href":"https:\/\/api.w.org\/{rel}","templated":true}]}}