{"id":3941,"date":"2021-04-17T10:33:03","date_gmt":"2021-04-17T09:33:03","guid":{"rendered":"https:\/\/hundertweinhaus.com\/?post_type=product&#038;p=3941"},"modified":"2025-05-31T18:25:22","modified_gmt":"2025-05-31T16:25:22","slug":"grof-degenfeld-tokaji-muscat-blanc-2020-tokaj-pdo","status":"publish","type":"product","link":"https:\/\/hundertweinhaus.com\/?product=grof-degenfeld-tokaji-muscat-blanc-2020-tokaj-pdo","title":{"rendered":"Gr\u00f3f Degenfeld Tokaji Muscat Blanc 2022, Tokaj PDO"},"content":{"rendered":"<p>Rebsorte:\u00a0 100 % Muscat Blanc<\/p>\n<p>Alkoholgehalt: 10.5 % Vol.<\/p>\n<p>Zuckergehalt: 11.5 g\/l<\/p>\n<p>S\u00e4uregehalt: 7.8 g\/l<\/p>\n<p>Flaschengr\u00f6sse: 75 cl<\/p>\n<p>Speiseempfehlung: Perfekt als Aperitif, Salaten mit Essigdressig und gegrilltem Gefl\u00fcgel mit Kr\u00e4utern. Unverzichtbar f\u00fcr sp\u00e4tes Abendessen im Sommer<\/p>\n<p>Empfohlene Trinktemperatur: 12 \u00b0 C<\/p>\n","protected":false},"excerpt":{"rendered":"<p>In der Nase k\u00f6nnen frische Holunderbl\u00fcten entdeckt werden, erg\u00e4nzt durch einen Hauch Mineralit\u00e4t. Bei der Verkostung die frische, duftende Muskateller-Traube Noten werden dominiert, gepaart mit einer hervorragenden S\u00e4ure-Zucker-Balance. Die frischen S\u00e4uren rufen in den Gl\u00e4sern den Sommer hervor. Unvergesslicher halbtrockener Wein.<\/p>\n","protected":false},"featured_media":3996,"comment_status":"open","ping_status":"closed","template":"","meta":{"_et_pb_use_builder":"","_et_pb_old_content":"","_et_gb_content_width":""},"_links":{"self":[{"href":"https:\/\/hundertweinhaus.com\/index.php?rest_route=\/wp\/v2\/product\/3941"}],"collection":[{"href":"https:\/\/hundertweinhaus.com\/index.php?rest_route=\/wp\/v2\/product"}],"about":[{"href":"https:\/\/hundertweinhaus.com\/index.php?rest_route=\/wp\/v2\/types\/product"}],"replies":[{"embeddable":true,"href":"https:\/\/hundertweinhaus.com\/index.php?rest_route=%2Fwp%2Fv2%2Fcomments&post=3941"}],"wp:featuredmedia":[{"embeddable":true,"href":"https:\/\/hundertweinhaus.com\/index.php?rest_route=\/wp\/v2\/media\/3996"}],"wp:attachment":[{"href":"https:\/\/hundertweinhaus.com\/index.php?rest_route=%2Fwp%2Fv2%2Fmedia&parent=3941"}],"curies":[{"name":"wp","href":"https:\/\/api.w.org\/{rel}","templated":true}]}}