{"id":3945,"date":"2021-04-17T11:16:43","date_gmt":"2021-04-17T10:16:43","guid":{"rendered":"https:\/\/hundertweinhaus.com\/?post_type=product&#038;p=3945"},"modified":"2024-09-03T17:07:56","modified_gmt":"2024-09-03T15:07:56","slug":"heumann-lagona-2015-villany-dhc","status":"publish","type":"product","link":"https:\/\/hundertweinhaus.com\/?product=heumann-lagona-2015-villany-dhc","title":{"rendered":"Heumann Lagona 2015, Vill\u00e1ny PDO"},"content":{"rendered":"<p>Rebsorten: 40 % Merlot, 30 % Cabernet Sauvignon, 15 % Cabernet Franc, 15 % K\u00e9kfrankos (Blaufr\u00e4nkisch)<\/p>\n<p>Alkoholgehalt: 14 % Vol.<\/p>\n<p>Flaschengr\u00f6sse: 75 cl<\/p>\n<p>Speiseempfehlung: Grilladen<\/p>\n<p>Empfohlene Trinktemperatur: 14 &#8211; 18 \u00b0 C<\/p>\n<p>Lagerf\u00e4higkeit: bis 2025<\/p>\n","protected":false},"excerpt":{"rendered":"<p>Rubinrot. In der Nase rote Fr\u00fcchte mit etwas Vanille. Am Gaumen rote Johannisbeeren und Himbeeren. Lebendig und doch samit mit weichen Tanninen. Ein eleganter Wein mit langem Abgang.<\/p>\n","protected":false},"featured_media":3995,"comment_status":"open","ping_status":"closed","template":"","meta":{"_et_pb_use_builder":"","_et_pb_old_content":"","_et_gb_content_width":""},"_links":{"self":[{"href":"https:\/\/hundertweinhaus.com\/index.php?rest_route=\/wp\/v2\/product\/3945"}],"collection":[{"href":"https:\/\/hundertweinhaus.com\/index.php?rest_route=\/wp\/v2\/product"}],"about":[{"href":"https:\/\/hundertweinhaus.com\/index.php?rest_route=\/wp\/v2\/types\/product"}],"replies":[{"embeddable":true,"href":"https:\/\/hundertweinhaus.com\/index.php?rest_route=%2Fwp%2Fv2%2Fcomments&post=3945"}],"wp:featuredmedia":[{"embeddable":true,"href":"https:\/\/hundertweinhaus.com\/index.php?rest_route=\/wp\/v2\/media\/3995"}],"wp:attachment":[{"href":"https:\/\/hundertweinhaus.com\/index.php?rest_route=%2Fwp%2Fv2%2Fmedia&parent=3945"}],"curies":[{"name":"wp","href":"https:\/\/api.w.org\/{rel}","templated":true}]}}