{"id":3946,"date":"2021-04-17T11:40:22","date_gmt":"2021-04-17T10:40:22","guid":{"rendered":"https:\/\/hundertweinhaus.com\/?post_type=product&#038;p=3946"},"modified":"2024-09-03T17:07:44","modified_gmt":"2024-09-03T15:07:44","slug":"heumann-blue-secret-2017-villany-dhc","status":"publish","type":"product","link":"https:\/\/hundertweinhaus.com\/?product=heumann-blue-secret-2017-villany-dhc","title":{"rendered":"Heumann Blue Secret 2017, Vill\u00e1ny PDO"},"content":{"rendered":"<p>Rebsorten: 70 % K\u00e9kfrankos (Blaufr\u00e4nkisch), 15 % Merlot, 15 % Cabernet Sauvignon<\/p>\n<p>Alkoholgehalt: 14.0 % Vol.<\/p>\n<p>Zuckergehalt: 1.1 g\/l<\/p>\n<p>S\u00e4uregehalt: 5.7 g\/l<\/p>\n<p>Flaschengr\u00f6sse: 75 cl<\/p>\n<p>Speiseempfehlung: Grilladen<\/p>\n<p>Empfohlene Trinktemperatur: 15 &#8211; 18 \u00b0 C<\/p>\n<p>Trinkreife: bis 2028<\/p>\n","protected":false},"excerpt":{"rendered":"<p>Sauerkirschen mit einem Hauch Vanille in der Nase. Farbe ist dunkel Lila. Am Gaumen glatte, schwarze und rote Fr\u00fcchte. Wieder Kirschen, etwas Vanille, gut integrierte Tannine. Eher lang. Wird sich gut entwickeln.<\/p>\n","protected":false},"featured_media":3972,"comment_status":"open","ping_status":"closed","template":"","meta":{"_et_pb_use_builder":"","_et_pb_old_content":"","_et_gb_content_width":""},"_links":{"self":[{"href":"https:\/\/hundertweinhaus.com\/index.php?rest_route=\/wp\/v2\/product\/3946"}],"collection":[{"href":"https:\/\/hundertweinhaus.com\/index.php?rest_route=\/wp\/v2\/product"}],"about":[{"href":"https:\/\/hundertweinhaus.com\/index.php?rest_route=\/wp\/v2\/types\/product"}],"replies":[{"embeddable":true,"href":"https:\/\/hundertweinhaus.com\/index.php?rest_route=%2Fwp%2Fv2%2Fcomments&post=3946"}],"wp:featuredmedia":[{"embeddable":true,"href":"https:\/\/hundertweinhaus.com\/index.php?rest_route=\/wp\/v2\/media\/3972"}],"wp:attachment":[{"href":"https:\/\/hundertweinhaus.com\/index.php?rest_route=%2Fwp%2Fv2%2Fmedia&parent=3946"}],"curies":[{"name":"wp","href":"https:\/\/api.w.org\/{rel}","templated":true}]}}