{"id":3947,"date":"2021-04-17T11:34:46","date_gmt":"2021-04-17T10:34:46","guid":{"rendered":"https:\/\/hundertweinhaus.com\/?post_type=product&#038;p=3947"},"modified":"2025-02-15T19:31:29","modified_gmt":"2025-02-15T18:31:29","slug":"heumann-rose-2020-villany-dhc","status":"publish","type":"product","link":"https:\/\/hundertweinhaus.com\/?product=heumann-rose-2020-villany-dhc","title":{"rendered":"Heumann Ros\u00e9 2022 PDO Vill\u00e1ny"},"content":{"rendered":"<p>Rebsorten: 75 % K\u00e9kfrankos (Blaufr\u00e4nkisch), 25 % Syrah<\/p>\n<p>Alkoholgehalt: 13.5 % Vol.<\/p>\n<p>Zuckergehalt: 4.7 g\/l<\/p>\n<p>S\u00e4uregehalt: 6.8 g\/l<\/p>\n<p>Flaschengr\u00f6sse: 75 cl<\/p>\n<p>Speiseempfehlung: Aperitif, Salate, Grilladen und Fondue Chinoise<\/p>\n<p>Empfohlene Trinktemperatur: 9 &#8211; 11 \u00b0 C<\/p>\n<p>Trinkreife: bis 2023<\/p>\n","protected":false},"excerpt":{"rendered":"<p>Lachsfarbe. In der Nase intensive Aromen von roten Fr\u00fcchten. Frischer Ros\u00e9 mit sehr gutem K\u00f6rper und Struktur sowie w\u00fcndersch\u00f6ne Frucht. Anhaltender Nachgeschmack.<\/p>\n","protected":false},"featured_media":3986,"comment_status":"open","ping_status":"closed","template":"","meta":{"_et_pb_use_builder":"","_et_pb_old_content":"","_et_gb_content_width":""},"_links":{"self":[{"href":"https:\/\/hundertweinhaus.com\/index.php?rest_route=\/wp\/v2\/product\/3947"}],"collection":[{"href":"https:\/\/hundertweinhaus.com\/index.php?rest_route=\/wp\/v2\/product"}],"about":[{"href":"https:\/\/hundertweinhaus.com\/index.php?rest_route=\/wp\/v2\/types\/product"}],"replies":[{"embeddable":true,"href":"https:\/\/hundertweinhaus.com\/index.php?rest_route=%2Fwp%2Fv2%2Fcomments&post=3947"}],"wp:featuredmedia":[{"embeddable":true,"href":"https:\/\/hundertweinhaus.com\/index.php?rest_route=\/wp\/v2\/media\/3986"}],"wp:attachment":[{"href":"https:\/\/hundertweinhaus.com\/index.php?rest_route=%2Fwp%2Fv2%2Fmedia&parent=3947"}],"curies":[{"name":"wp","href":"https:\/\/api.w.org\/{rel}","templated":true}]}}