{"id":3951,"date":"2021-04-20T10:18:27","date_gmt":"2021-04-20T09:18:27","guid":{"rendered":"https:\/\/hundertweinhaus.com\/?post_type=product&#038;p=3951"},"modified":"2025-06-03T06:18:26","modified_gmt":"2025-06-03T04:18:26","slug":"hetszolo-tokaji-muscat-lunel-late-harvest-2016-tokaj-pdo","status":"publish","type":"product","link":"https:\/\/hundertweinhaus.com\/?product=hetszolo-tokaji-muscat-lunel-late-harvest-2016-tokaj-pdo","title":{"rendered":"H\u00e9tsz\u0151l\u0151 Tokaji Muscat Lunel Late Harvest 2016, PDO Tokaj"},"content":{"rendered":"<p>Rebsorten: 100 % Furmint<\/p>\n<p>Alkoholgehalt: 12.0 % Vol.<\/p>\n<p>Zuckergehalt: 57.8 g\/l<\/p>\n<p>S\u00e4uregehalt: 5.1 g\/l<\/p>\n<p>Flaschengr\u00f6sse: 50 cl<\/p>\n<p>Speiseempfehlung: Aperitif, Dessert und einfach so<\/p>\n<p>Empfohlene Trinktemperatur: 10 &#8211; 12 \u00b0 C<\/p>\n<p>Trinkreife: bis 2025<\/p>\n","protected":false},"excerpt":{"rendered":"<p>Zu 100 % aus Furmint gekeltert, ausgebaut f\u00fcr 10 Monate im Stahltank auf der Feinhefe. Herrlicher Duft von kandierten Orangenschalen und reifen gelben \u00c4pferln, Lindenbl\u00fcten. Erinnert in der Nase an Sauternes. Am Gaumen kommen nussige Aromen und Karamell dazu. Toller Einstieg in die s\u00fcsse Welt des Tokajers!<\/p>\n","protected":false},"featured_media":3976,"comment_status":"open","ping_status":"closed","template":"","meta":{"_et_pb_use_builder":"","_et_pb_old_content":"","_et_gb_content_width":""},"_links":{"self":[{"href":"https:\/\/hundertweinhaus.com\/index.php?rest_route=\/wp\/v2\/product\/3951"}],"collection":[{"href":"https:\/\/hundertweinhaus.com\/index.php?rest_route=\/wp\/v2\/product"}],"about":[{"href":"https:\/\/hundertweinhaus.com\/index.php?rest_route=\/wp\/v2\/types\/product"}],"replies":[{"embeddable":true,"href":"https:\/\/hundertweinhaus.com\/index.php?rest_route=%2Fwp%2Fv2%2Fcomments&post=3951"}],"wp:featuredmedia":[{"embeddable":true,"href":"https:\/\/hundertweinhaus.com\/index.php?rest_route=\/wp\/v2\/media\/3976"}],"wp:attachment":[{"href":"https:\/\/hundertweinhaus.com\/index.php?rest_route=%2Fwp%2Fv2%2Fmedia&parent=3951"}],"curies":[{"name":"wp","href":"https:\/\/api.w.org\/{rel}","templated":true}]}}