{"id":3966,"date":"2021-04-24T10:55:47","date_gmt":"2021-04-24T09:55:47","guid":{"rendered":"https:\/\/hundertweinhaus.com\/?post_type=product&#038;p=3966"},"modified":"2025-05-31T02:27:11","modified_gmt":"2025-05-31T00:27:11","slug":"csanyi-kovilla-selection-villanyi-cabernet-sauvignon-2015-dhc-villany","status":"publish","type":"product","link":"https:\/\/hundertweinhaus.com\/?product=csanyi-kovilla-selection-villanyi-cabernet-sauvignon-2015-dhc-villany","title":{"rendered":"Cs\u00e1nyi K\u0151Villa Selection Vill\u00e1nyi Cabernet Sauvignon 2015, PDO Vill\u00e1ny"},"content":{"rendered":"<p>Rebsorte: Cabernet Sauvignon<\/p>\n<p>Alkoholgehalt: 13.5 % Vol.<\/p>\n<p>Zuckergehalt: 1.5 g\/l<\/p>\n<p>S\u00e4uregehalt: 4.7 g\/l<\/p>\n<p>Flaschengr\u00f6sse: 75 cl<\/p>\n<p>Speiseempfehlung: Rind, Wild, Teigwaren mit Sahnesauce<\/p>\n<p>Empfohlene Trinktemperatur: 16 &#8211; 18 \u00b0 C<\/p>\n<p>Trinkreife: bis 2025<\/p>\n","protected":false},"excerpt":{"rendered":"<p>Die Weine umarmen das Geb\u00e4ude von &#8220;K\u00f6Villa&#8221; an den S\u00fcdh\u00e4ngen von Vill\u00e1ny. Seit langer Zeit ist K\u00f6Villa Zeuge wichtiger Ereignissen der Weinregion &#8211; dieses Geb\u00e4ude inspirierte die Selektion von Kellerei Cs\u00e1nyi. Ein Wein mit entschlossenem Charakter, der 22 Monate lang in 300 Liter Eichenfass gegart wurde. Dieser Wein hat Vanille und w\u00fcrzigen Duft in der Nase sowie schwarze Johannisbeere und Blaubeere im Mund. Harmonischer, konzentrierter Wein mit langem Alterungspotential.<\/p>\n","protected":false},"featured_media":3984,"comment_status":"open","ping_status":"closed","template":"","meta":{"_et_pb_use_builder":"","_et_pb_old_content":"","_et_gb_content_width":""},"_links":{"self":[{"href":"https:\/\/hundertweinhaus.com\/index.php?rest_route=\/wp\/v2\/product\/3966"}],"collection":[{"href":"https:\/\/hundertweinhaus.com\/index.php?rest_route=\/wp\/v2\/product"}],"about":[{"href":"https:\/\/hundertweinhaus.com\/index.php?rest_route=\/wp\/v2\/types\/product"}],"replies":[{"embeddable":true,"href":"https:\/\/hundertweinhaus.com\/index.php?rest_route=%2Fwp%2Fv2%2Fcomments&post=3966"}],"wp:featuredmedia":[{"embeddable":true,"href":"https:\/\/hundertweinhaus.com\/index.php?rest_route=\/wp\/v2\/media\/3984"}],"wp:attachment":[{"href":"https:\/\/hundertweinhaus.com\/index.php?rest_route=%2Fwp%2Fv2%2Fmedia&parent=3966"}],"curies":[{"name":"wp","href":"https:\/\/api.w.org\/{rel}","templated":true}]}}