{"id":3967,"date":"2021-04-24T14:55:29","date_gmt":"2021-04-24T13:55:29","guid":{"rendered":"https:\/\/hundertweinhaus.com\/?post_type=product&#038;p=3967"},"modified":"2025-05-30T10:10:16","modified_gmt":"2025-05-30T08:10:16","slug":"guenzer-tamas-matyas-2018-villany-pdo","status":"publish","type":"product","link":"https:\/\/hundertweinhaus.com\/?product=guenzer-tamas-matyas-2018-villany-pdo","title":{"rendered":"G\u00fcnzer Tam\u00e1s M\u00e1ty\u00e1s 2021, PDO Vill\u00e1ny"},"content":{"rendered":"<p>Rebsorte: Cabernet Franc, Merlot<\/p>\n<p>Alkoholgehalt: 15 % Vol.<\/p>\n<p>Zuckergehalt: 2.5 g\/l<\/p>\n<p>S\u00e4uregehalt: 5.8 g\/l<\/p>\n<p>Flaschengr\u00f6sse: 75 cl<\/p>\n<p>Speiseempfehlung: Lamm, Rind, Tr\u00fcffelgerichte oder einfach so zum geniessen<\/p>\n<p>Empfohlene Trinktemperatur: 16 &#8211; 18 \u00b0 C<\/p>\n<p>Trinkreife: bis 2038<\/p>\n","protected":false},"excerpt":{"rendered":"<p>Dieser Wein wird aus Bordeaux-Rebsorten hergestellt, haupts\u00e4chlich Cabernet Franc mit einem Hauch von Merlot. 24 Monate in neuen franz\u00f6sischen 225 Liter F\u00e4ssern. Fleischig in der Nase, dicht und komplex. Lebhaft am Gaumen mit einer sch\u00f6nen Balance. Zarte, reife S\u00e4uren, ineinander verschlungene Tannine. Die Noten von Schokolade, Cappuccino und Vanille beziehen sich auf die Alterung im Fass. Eine Auswahl von Fr\u00fcchen: Bromberren und schwarze Kirschen mit Karamell und Zigarrenschachtel. Komplexes, volles und grosses Alterungspotential.<\/p>\n","protected":false},"featured_media":3973,"comment_status":"open","ping_status":"closed","template":"","meta":{"_et_pb_use_builder":"","_et_pb_old_content":"","_et_gb_content_width":""},"_links":{"self":[{"href":"https:\/\/hundertweinhaus.com\/index.php?rest_route=\/wp\/v2\/product\/3967"}],"collection":[{"href":"https:\/\/hundertweinhaus.com\/index.php?rest_route=\/wp\/v2\/product"}],"about":[{"href":"https:\/\/hundertweinhaus.com\/index.php?rest_route=\/wp\/v2\/types\/product"}],"replies":[{"embeddable":true,"href":"https:\/\/hundertweinhaus.com\/index.php?rest_route=%2Fwp%2Fv2%2Fcomments&post=3967"}],"wp:featuredmedia":[{"embeddable":true,"href":"https:\/\/hundertweinhaus.com\/index.php?rest_route=\/wp\/v2\/media\/3973"}],"wp:attachment":[{"href":"https:\/\/hundertweinhaus.com\/index.php?rest_route=%2Fwp%2Fv2%2Fmedia&parent=3967"}],"curies":[{"name":"wp","href":"https:\/\/api.w.org\/{rel}","templated":true}]}}