{"id":3990,"date":"2021-04-30T13:05:31","date_gmt":"2021-04-30T12:05:31","guid":{"rendered":"https:\/\/hundertweinhaus.com\/?post_type=product&#038;p=3990"},"modified":"2025-04-18T07:09:53","modified_gmt":"2025-04-18T05:09:53","slug":"heumann-rajnai-rizling-2017-villany-pdo","status":"publish","type":"product","link":"https:\/\/hundertweinhaus.com\/?product=heumann-rajnai-rizling-2017-villany-pdo","title":{"rendered":"Heumann Rajnai Rizling 2017, PDO Vill\u00e1ny"},"content":{"rendered":"<p>Rebsorten: Rajnai Rizling (Rheinriesling)<\/p>\n<p>Alkoholgehalt: 13 % Vol.<\/p>\n<p>Zuckergehalt: 3.5 g\/l<\/p>\n<p>S\u00e4uregehalt: 6.2 g\/l<\/p>\n<p>Flaschengr\u00f6sse: 75 cl<\/p>\n<p>Speiseempfehlung:\u00a0leichten Gerichten, ged\u00fcnstetem See- und S\u00fc\u00dfwasserfisch, gekochtem Fleisch mit hellen Saucen und kleinem Hausgefl\u00fcgel.<\/p>\n<p>Empfohlene Trinktemperatur: 9 &#8211; 11 \u00b0 C<\/p>\n<p>Trinkreife: bis 2025<\/p>\n","protected":false},"excerpt":{"rendered":"<p>Ein Hauch von Pfirsiche in der Nase. Wundersch\u00f6ner Grapefruit- und Zitronengeschmack am Gaumen. Ziemlich langer Abgang.<\/p>\n","protected":false},"featured_media":3991,"comment_status":"open","ping_status":"closed","template":"","meta":{"_et_pb_use_builder":"","_et_pb_old_content":"","_et_gb_content_width":""},"_links":{"self":[{"href":"https:\/\/hundertweinhaus.com\/index.php?rest_route=\/wp\/v2\/product\/3990"}],"collection":[{"href":"https:\/\/hundertweinhaus.com\/index.php?rest_route=\/wp\/v2\/product"}],"about":[{"href":"https:\/\/hundertweinhaus.com\/index.php?rest_route=\/wp\/v2\/types\/product"}],"replies":[{"embeddable":true,"href":"https:\/\/hundertweinhaus.com\/index.php?rest_route=%2Fwp%2Fv2%2Fcomments&post=3990"}],"wp:featuredmedia":[{"embeddable":true,"href":"https:\/\/hundertweinhaus.com\/index.php?rest_route=\/wp\/v2\/media\/3991"}],"wp:attachment":[{"href":"https:\/\/hundertweinhaus.com\/index.php?rest_route=%2Fwp%2Fv2%2Fmedia&parent=3990"}],"curies":[{"name":"wp","href":"https:\/\/api.w.org\/{rel}","templated":true}]}}