{"id":4004,"date":"2021-05-31T21:07:55","date_gmt":"2021-05-31T20:07:55","guid":{"rendered":"https:\/\/hundertweinhaus.com\/?post_type=product&#038;p=4004"},"modified":"2026-02-13T15:21:22","modified_gmt":"2026-02-13T14:21:22","slug":"grof-degenfeld-harslevelu-organic-2020-pdo-tokaj","status":"publish","type":"product","link":"https:\/\/hundertweinhaus.com\/?product=grof-degenfeld-harslevelu-organic-2020-pdo-tokaj","title":{"rendered":"Gr\u00f3f Degenfeld H\u00e1rslevel\u0171 Organic 2022, PDO Tokaj"},"content":{"rendered":"<p>Rebsorte: \u00a0100 % H\u00e1rslevel\u00fc<\/p>\n<p>Alkoholgehalt: 12 % Vol.<\/p>\n<p>Zuckergehalt: 5.6 g\/l<\/p>\n<p>S\u00e4uregehalt: 6.1 g\/l<\/p>\n<p>Flaschengr\u00f6sse: 75 cl<\/p>\n<p>Speiseempfehlung: zu gegrilltem Gefl\u00fcgel, Schweinefleisch, Salaten mit Balsamico- oder Honigdressings<\/p>\n<p>Empfohlene Trinktemperatur: 12 \u00b0 C<\/p>\n","protected":false},"excerpt":{"rendered":"<p>In seinem lebendigen Aroma sind zun\u00e4chst charakteristische Aromen tropischer Fr\u00fcchte zu entdecken, begleitet von Noten von Linden- und Akazienbl\u00fcten. Komplexer Geschmack, erg\u00e4nzt durch eine gute S\u00e4ure. Im Abgang sp\u00fcrt man die Aromen von Zitrus, saftiger Grapefruit und Limette.<\/p>\n","protected":false},"featured_media":4005,"comment_status":"open","ping_status":"closed","template":"","meta":{"_et_pb_use_builder":"","_et_pb_old_content":"","_et_gb_content_width":""},"_links":{"self":[{"href":"https:\/\/hundertweinhaus.com\/index.php?rest_route=\/wp\/v2\/product\/4004"}],"collection":[{"href":"https:\/\/hundertweinhaus.com\/index.php?rest_route=\/wp\/v2\/product"}],"about":[{"href":"https:\/\/hundertweinhaus.com\/index.php?rest_route=\/wp\/v2\/types\/product"}],"replies":[{"embeddable":true,"href":"https:\/\/hundertweinhaus.com\/index.php?rest_route=%2Fwp%2Fv2%2Fcomments&post=4004"}],"wp:featuredmedia":[{"embeddable":true,"href":"https:\/\/hundertweinhaus.com\/index.php?rest_route=\/wp\/v2\/media\/4005"}],"wp:attachment":[{"href":"https:\/\/hundertweinhaus.com\/index.php?rest_route=%2Fwp%2Fv2%2Fmedia&parent=4004"}],"curies":[{"name":"wp","href":"https:\/\/api.w.org\/{rel}","templated":true}]}}