{"id":4006,"date":"2021-05-31T21:18:55","date_gmt":"2021-05-31T20:18:55","guid":{"rendered":"https:\/\/hundertweinhaus.com\/?post_type=product&#038;p=4006"},"modified":"2026-02-13T15:27:36","modified_gmt":"2026-02-13T14:27:36","slug":"grof-degenfeld-harslevelu-terezia-organic-2018-pdo-tokaj","status":"publish","type":"product","link":"https:\/\/hundertweinhaus.com\/?product=grof-degenfeld-harslevelu-terezia-organic-2018-pdo-tokaj","title":{"rendered":"Gr\u00f3f Degenfeld H\u00e1rslevel\u0171 &#8220;Ter\u00e9zia&#8221; Organic 2022, PDO Tokaj"},"content":{"rendered":"<p>Rebsorte: \u00a0100 % H\u00e1rslevel\u00fc<\/p>\n<p>Alkoholgehalt: 13 % Vol.<\/p>\n<p>Zuckergehalt: 5 g\/l<\/p>\n<p>S\u00e4uregehalt: 5.7 g\/l<\/p>\n<p>Flaschengr\u00f6sse: 75 cl<\/p>\n<p>Speiseempfehlung: Passt hervorragend zu gegrilltem Gefl\u00fcgel und Schweinefleisch<\/p>\n<p>Empfohlene Trinktemperatur: 11 \u00b0 C<\/p>\n","protected":false},"excerpt":{"rendered":"<p>Seine angenehmen, fruchtigen Aromen erinnern gleichzeitig an den s\u00fcssen Duft von s\u00fcsser Mandarine und Vanille, im Hintergrund sind aber auch ein Tropfen Bl\u00fctenhonig und Fassnoten zu entdecken. Im seidigen Schluck werden die Noten der neuen Eichenfassreifung durch eine leichte Note Mineralit\u00e4t erg\u00e4nzt. Sein mittellanger Abgang wird von den w\u00fcrzigen Aromen von Orangenschale und Nelke dominiert.<\/p>\n","protected":false},"featured_media":4007,"comment_status":"open","ping_status":"closed","template":"","meta":{"_et_pb_use_builder":"","_et_pb_old_content":"","_et_gb_content_width":""},"_links":{"self":[{"href":"https:\/\/hundertweinhaus.com\/index.php?rest_route=\/wp\/v2\/product\/4006"}],"collection":[{"href":"https:\/\/hundertweinhaus.com\/index.php?rest_route=\/wp\/v2\/product"}],"about":[{"href":"https:\/\/hundertweinhaus.com\/index.php?rest_route=\/wp\/v2\/types\/product"}],"replies":[{"embeddable":true,"href":"https:\/\/hundertweinhaus.com\/index.php?rest_route=%2Fwp%2Fv2%2Fcomments&post=4006"}],"wp:featuredmedia":[{"embeddable":true,"href":"https:\/\/hundertweinhaus.com\/index.php?rest_route=\/wp\/v2\/media\/4007"}],"wp:attachment":[{"href":"https:\/\/hundertweinhaus.com\/index.php?rest_route=%2Fwp%2Fv2%2Fmedia&parent=4006"}],"curies":[{"name":"wp","href":"https:\/\/api.w.org\/{rel}","templated":true}]}}